 {"id":44086,"date":"2026-01-23T23:36:21","date_gmt":"2026-01-23T22:36:21","guid":{"rendered":"https:\/\/www.greendiscounter.com\/woma-123-tuintechniek-grundnahrung-nr-1-erde-4kg\/"},"modified":"2026-03-10T20:53:45","modified_gmt":"2026-03-10T19:53:45","slug":"woma-123-tuintechniek-grundnahrung-nr-1-erde-4kg","status":"publish","type":"product","link":"https:\/\/www.greendiscounter.com\/de\/woma-123-tuintechniek-grundnahrung-nr-1-erde-4kg\/","title":{"rendered":"WOMA | 123 Tuintechniek | Grundnahrung Nr. 1 | Erde | 4kg"},"content":{"rendered":"<h2>Grundn\u00e4hrstoff Nr. 1 Erde &#8211; 4 kg<\/h2>\n<p><strong>Grundn\u00e4hrstoff Nr. 1 Erde &#8211; 4 kg<\/strong> ist ein professioneller, hochkonzentrierter Grundn\u00e4hrstoff in Pulverform f\u00fcr den Anbau auf Erde. Dieser N\u00e4hrstoff wurde f\u00fcr Z\u00fcchter entwickelt, die gr\u00f6\u00dfere Mengen an N\u00e4hrstoffwasser erzeugen und dabei ein Maximum an Stabilit\u00e4t, Einfachheit und Kontrolle w\u00fcnschen.<\/p>\n<p>Mit <strong>4 kg Basisnahrung Nr. 1<\/strong> k\u00f6nnen Sie ca. <strong>4.000 Liter N\u00e4hrl\u00f6sung<\/strong> herstellen. Der N\u00e4hrstoff l\u00f6st sich vollst\u00e4ndig auf und sorgt f\u00fcr eine gleichm\u00e4\u00dfige und zuverl\u00e4ssige N\u00e4hrstoffaufnahme durch die Pflanze.<\/p>\n<h3>Automatische pH-Stabilisierung<\/h3>\n<p>Dank des integrierten <strong>PH Perfect-Systems<\/strong> wird der korrekte pH-Wert nach der Zugabe des N\u00e4hrstoffs automatisch eingestellt. Bei der Anwendung auf dem Boden ist die Zugabe von PH-min nicht erforderlich, unabh\u00e4ngig von der Zusammensetzung des verwendeten Wassers.<\/p>\n<h3>EC-kontrollierte Ern\u00e4hrung<\/h3>\n<p>Dieser N\u00e4hrstoff funktioniert auf der Grundlage von EC-Werten. F\u00fcr eine sichere und genaue Dosierung ist ein <strong>temperaturkompensierter EC-Messer<\/strong> erforderlich.<\/p>\n<ul>\n<li>Empfohlener Start EC: <strong>1.3<\/strong><\/li>\n<li>Empfohlener endg\u00fcltiger EC: <strong>1.7<\/strong><\/li>\n<\/ul>\n<h3>Anwendung<\/h3>\n<p>Geben Sie zun\u00e4chst <strong>Wurzelstimulator Nr. 2<\/strong> oder <strong>H\u00e4rter Nr. 3<\/strong> in das Wasser. Geben Sie dann Basisnahrung Nr. 1 hinzu, bis der gew\u00fcnschte EC-Wert gem\u00e4\u00df dem F\u00fctterungsplan erreicht ist.<\/p>\n<h3>N-P-K Zusammensetzung<\/h3>\n<ul>\n<li>N: 19<\/li>\n<li>P: 20<\/li>\n<li>K: 21<\/li>\n<\/ul>\n<h3>1-2-3 Ern\u00e4hrungskonzept<\/h3>\n<p>Das Woma 1-2-3 Konzept steht f\u00fcr Einfachheit ohne Qualit\u00e4tseinbu\u00dfen. Mit nur drei Produkten wird das komplette Ern\u00e4hrungsprogramm abgedeckt. Jedes Produkt wird ausgiebig getestet und nur verkauft, wenn es die h\u00f6chsten Qualit\u00e4tsstandards erf\u00fcllt.<\/p>\n<h3>Inhalt<\/h3>\n<p>4 kg<\/p>\n","protected":false},"excerpt":{"rendered":"<p>Woma Basic Nutrition No. 1 Earth ist eine hochkonzentrierte, voll l\u00f6sliche Basisnahrung in Pulverform, die speziell f\u00fcr den Anbau auf Erde entwickelt wurde. Dieser N\u00e4hrstoff bildet das R\u00fcckgrat des Woma 1-2-3 Ern\u00e4hrungskonzepts und versorgt die Pflanzen w\u00e4hrend des gesamten Wachstumszyklus mit allen wichtigen N\u00e4hrstoffen.<\/p>\n<p>Mit 4 kg Grundfutter Nr. 1 lassen sich etwa 1.000 Liter Futterwasser herstellen. Dank seiner hohen Konzentration ist dieser N\u00e4hrstoff besonders effizient in der Anwendung und ideal f\u00fcr Anf\u00e4nger und erfahrene Z\u00fcchter, die eine maximale Kontrolle \u00fcber ihre Ern\u00e4hrung w\u00fcnschen.<\/p>\n","protected":false},"featured_media":43761,"template":"","meta":[],"product_brand":[1085],"product_cat":[344,1088],"product_tag":[],"class_list":{"0":"post-44086","1":"product","2":"type-product","3":"status-publish","4":"has-post-thumbnail","6":"product_brand-woma","7":"product_cat-pflanzennahrung","8":"product_cat-woma-de","10":"first","11":"instock","12":"taxable","13":"shipping-taxable","14":"purchasable","15":"product-type-simple"},"_links":{"self":[{"href":"https:\/\/www.greendiscounter.com\/de\/wp-json\/wp\/v2\/product\/44086","targetHints":{"allow":["GET"]}}],"collection":[{"href":"https:\/\/www.greendiscounter.com\/de\/wp-json\/wp\/v2\/product"}],"about":[{"href":"https:\/\/www.greendiscounter.com\/de\/wp-json\/wp\/v2\/types\/product"}],"version-history":[{"count":1,"href":"https:\/\/www.greendiscounter.com\/de\/wp-json\/wp\/v2\/product\/44086\/revisions"}],"predecessor-version":[{"id":44091,"href":"https:\/\/www.greendiscounter.com\/de\/wp-json\/wp\/v2\/product\/44086\/revisions\/44091"}],"wp:featuredmedia":[{"embeddable":true,"href":"https:\/\/www.greendiscounter.com\/de\/wp-json\/wp\/v2\/media\/43761"}],"wp:attachment":[{"href":"https:\/\/www.greendiscounter.com\/de\/wp-json\/wp\/v2\/media?parent=44086"}],"wp:term":[{"taxonomy":"product_brand","embeddable":true,"href":"https:\/\/www.greendiscounter.com\/de\/wp-json\/wp\/v2\/product_brand?post=44086"},{"taxonomy":"product_cat","embeddable":true,"href":"https:\/\/www.greendiscounter.com\/de\/wp-json\/wp\/v2\/product_cat?post=44086"},{"taxonomy":"product_tag","embeddable":true,"href":"https:\/\/www.greendiscounter.com\/de\/wp-json\/wp\/v2\/product_tag?post=44086"}],"curies":[{"name":"wp","href":"https:\/\/api.w.org\/{rel}","templated":true}]}}