 {"id":44085,"date":"2026-01-23T23:34:58","date_gmt":"2026-01-23T22:34:58","guid":{"rendered":"https:\/\/www.greendiscounter.com\/woma-123-gartentechnik-grundnahrung-nr-1-erde-1kg\/"},"modified":"2026-01-23T23:34:58","modified_gmt":"2026-01-23T22:34:58","slug":"woma-123-gartentechnik-grundnahrung-nr-1-erde-1kg","status":"publish","type":"product","link":"https:\/\/www.greendiscounter.com\/de\/woma-123-gartentechnik-grundnahrung-nr-1-erde-1kg\/","title":{"rendered":"WOMA | 123 Gartentechnik | Grundnahrung Nr. 1 | Erde | 1kg"},"content":{"rendered":"<h2>Grundn\u00e4hrstoff Nr. 1 Erde &#8211; 1 kg<\/h2>\n<p><strong>Grundn\u00e4hrstoff Nr. 1 Erde<\/strong> ist ein hochkonzentrierter, vollst\u00e4ndig l\u00f6slicher Grundn\u00e4hrstoff in Pulverform, der speziell f\u00fcr den Anbau auf Erde entwickelt wurde. Dieser N\u00e4hrstoff bildet das R\u00fcckgrat des Woma 1-2-3 Ern\u00e4hrungskonzepts und versorgt die Pflanzen w\u00e4hrend des gesamten Wachstumszyklus mit allen wichtigen N\u00e4hrstoffen.<\/p>\n<p>Mit nur <strong>1 kg Grundnahrung Nr. 1<\/strong> k\u00f6nnen Sie etwa <strong>1.000 Liter Futterwasser<\/strong> herstellen. Dank seiner hohen Konzentration ist dieser N\u00e4hrstoff besonders effizient in der Anwendung und ideal f\u00fcr Anf\u00e4nger und erfahrene Z\u00fcchter, die eine maximale Kontrolle \u00fcber ihre Ern\u00e4hrung w\u00fcnschen.<\/p>\n<h3>PH Perfect System &#8211; kein PH-min erforderlich<\/h3>\n<p>Die Bodenvariante von Basic Nutrition No. 1 ist mit dem <strong>PH Perfect<\/strong> System ausgestattet. Das bedeutet, dass nach der Zugabe des N\u00e4hrstoffs automatisch der richtige pH-Wert erreicht wird, unabh\u00e4ngig von der Art des Bew\u00e4sserungswassers. Dadurch entf\u00e4llt die Notwendigkeit, PH-min zu verwenden, was den F\u00fctterungsprozess einfacher und sicherer macht.<\/p>\n<h3>Optimale Steuerung mit EC-Messung<\/h3>\n<p>Da dieser Grundn\u00e4hrstoff hoch konzentriert ist, ist die Verwendung eines <strong>temperaturkompensierten EC-Messger\u00e4ts<\/strong> erforderlich. F\u00fcllen Sie den N\u00e4hrstofftank zun\u00e4chst mit Wasser und geben Sie dann Basic Nutrition No. 1 bis zum gew\u00fcnschten EC-Wert hinzu.<\/p>\n<ul>\n<li>Start EC: <strong>1.3<\/strong><\/li>\n<li>Endg\u00fcltige EC: <strong>1.7<\/strong><\/li>\n<\/ul>\n<h3>Anwendung und Dosierung<\/h3>\n<p>Um beste Ergebnisse zu erzielen, wird empfohlen, dem Gie\u00dfwasser zun\u00e4chst <strong>Wurzelstimulator Nr. 2<\/strong> oder <strong>H\u00e4rter Nr. 3<\/strong> gem\u00e4\u00df dem F\u00fctterungsplan zuzusetzen. Geben Sie dann die Basisnahrung Nr. 1 hinzu, bis der gew\u00fcnschte EC-Wert erreicht ist.<\/p>\n<h3>Zusammensetzung (N-P-K)<\/h3>\n<ul>\n<li>Stickstoff (N): 19<\/li>\n<li>Phosphor (P): 20<\/li>\n<li>Kalium (K): 21<\/li>\n<\/ul>\n<h3>Das Woma 1-2-3 Konzept<\/h3>\n<p>Mit dem <strong>1-2-3-Konzept<\/strong> hat Woma eine vollst\u00e4ndige und \u00fcbersichtliche Nahrungsmittellinie entwickelt, bei der nur drei Produkte f\u00fcr den erfolgreichen Anbau ben\u00f6tigt werden. Einfachheit f\u00fcr den Benutzer, ohne Kompromisse bei der Qualit\u00e4t einzugehen. Jedes Produkt wird streng gepr\u00fcft und nur dann ausgeliefert, wenn es den hohen Standards von Woma entspricht.<\/p>\n<h3>Inhalt<\/h3>\n<p>1 kg<\/p>\n","protected":false},"excerpt":{"rendered":"<p>Grundn\u00e4hrstoff Nr. 1 Erde ist ein hochkonzentrierter, vollst\u00e4ndig l\u00f6slicher Grundn\u00e4hrstoff in Pulverform, der speziell f\u00fcr den Anbau auf Erde entwickelt wurde. Dieser N\u00e4hrstoff bildet das R\u00fcckgrat des Woma 1-2-3 Ern\u00e4hrungskonzepts und versorgt die Pflanzen w\u00e4hrend des gesamten Wachstumszyklus mit allen wichtigen N\u00e4hrstoffen.<\/p>\n<p>Mit nur 1 kg Grundnahrung Nr. 1 k\u00f6nnen Sie etwa 1.000 Liter Futterwasser herstellen. Dank seiner hohen Konzentration ist dieser N\u00e4hrstoff besonders effizient in der Anwendung und ideal f\u00fcr Anf\u00e4nger und erfahrene Z\u00fcchter, die eine maximale Kontrolle \u00fcber ihre Ern\u00e4hrung w\u00fcnschen.<\/p>\n","protected":false},"featured_media":43758,"template":"","meta":[],"product_brand":[1085],"product_cat":[344,1088],"product_tag":[],"class_list":{"0":"post-44085","1":"product","2":"type-product","3":"status-publish","4":"has-post-thumbnail","6":"product_brand-woma","7":"product_cat-pflanzennahrung","8":"product_cat-woma-de","10":"first","11":"instock","12":"taxable","13":"shipping-taxable","14":"purchasable","15":"product-type-simple"},"_links":{"self":[{"href":"https:\/\/www.greendiscounter.com\/de\/wp-json\/wp\/v2\/product\/44085","targetHints":{"allow":["GET"]}}],"collection":[{"href":"https:\/\/www.greendiscounter.com\/de\/wp-json\/wp\/v2\/product"}],"about":[{"href":"https:\/\/www.greendiscounter.com\/de\/wp-json\/wp\/v2\/types\/product"}],"version-history":[{"count":0,"href":"https:\/\/www.greendiscounter.com\/de\/wp-json\/wp\/v2\/product\/44085\/revisions"}],"wp:featuredmedia":[{"embeddable":true,"href":"https:\/\/www.greendiscounter.com\/de\/wp-json\/wp\/v2\/media\/43758"}],"wp:attachment":[{"href":"https:\/\/www.greendiscounter.com\/de\/wp-json\/wp\/v2\/media?parent=44085"}],"wp:term":[{"taxonomy":"product_brand","embeddable":true,"href":"https:\/\/www.greendiscounter.com\/de\/wp-json\/wp\/v2\/product_brand?post=44085"},{"taxonomy":"product_cat","embeddable":true,"href":"https:\/\/www.greendiscounter.com\/de\/wp-json\/wp\/v2\/product_cat?post=44085"},{"taxonomy":"product_tag","embeddable":true,"href":"https:\/\/www.greendiscounter.com\/de\/wp-json\/wp\/v2\/product_tag?post=44085"}],"curies":[{"name":"wp","href":"https:\/\/api.w.org\/{rel}","templated":true}]}}