 {"id":44082,"date":"2026-01-23T23:51:31","date_gmt":"2026-01-23T22:51:31","guid":{"rendered":"https:\/\/www.greendiscounter.com\/woma-123-tuintechniek-grundnahrung-nr-1-erde-8kg\/"},"modified":"2026-03-10T20:54:58","modified_gmt":"2026-03-10T19:54:58","slug":"woma-123-tuintechniek-grundnahrung-nr-1-erde-8kg","status":"publish","type":"product","link":"https:\/\/www.greendiscounter.com\/de\/woma-123-tuintechniek-grundnahrung-nr-1-erde-8kg\/","title":{"rendered":"WOMA | 123 Tuintechniek | Grundnahrung Nr. 1 | Erde | 8kg"},"content":{"rendered":"<h2>Grundn\u00e4hrstoff Nr. 1 Erde &#8211; 8 kg<\/h2>\n<p><strong>Basic Nutrition No. 1 Earth &#8211; 8 kg<\/strong> ist die ideale Wahl f\u00fcr professionelle Anbauer und Gro\u00dfverbraucher, die mit gro\u00dfen Mengen an N\u00e4hrstoffwasser arbeiten. Dieser vollst\u00e4ndig l\u00f6sliche Pulverd\u00fcnger bietet maximale Effizienz, Stabilit\u00e4t und N\u00e4hrstoffsicherheit w\u00e4hrend des gesamten bodenbasierten Wachstumszyklus.<\/p>\n<p>Mit <strong>8 kg des Grundfutters Nr. 1<\/strong> k\u00f6nnen bis zu <strong>8.000 Liter Speisewasser<\/strong> hergestellt werden. Durch seine hohe Konzentration ist es sehr sparsam im Verbrauch und f\u00fcr intensive Anbauumgebungen geeignet.<\/p>\n<h3>PH Perfektes System<\/h3>\n<p>Die Bodenvariante verf\u00fcgt \u00fcber ein fortschrittliches <strong>PH Perfect-System<\/strong>, das nach dem Mischen automatisch den richtigen pH-Wert erzeugt. Dadurch entf\u00e4llt die Notwendigkeit, PH-min zu verwenden und das Speisewasser bleibt unabh\u00e4ngig von der Wasserquelle stabil.<\/p>\n<h3>EC-Genauigkeit f\u00fcr maximale Sicherheit<\/h3>\n<p>Aufgrund der Konzentration ist die Verwendung eines <strong>temperaturkompensierten EC-Messger\u00e4ts<\/strong> obligatorisch. Geben Sie den N\u00e4hrstoff hinzu, bis der gew\u00fcnschte EC-Wert erreicht ist.<\/p>\n<ul>\n<li>Start EC: <strong>1.3<\/strong><\/li>\n<li>Endg\u00fcltige EC: <strong>1.7<\/strong><\/li>\n<\/ul>\n<h3>Benutzerhandbuch<\/h3>\n<p>Beginnen Sie mit der Zugabe von <strong>Root Stimulator No. 2<\/strong> oder <strong>Hardener No. 3<\/strong>. Geben Sie dann Basisnahrung Nr. 1 hinzu, bis der gew\u00fcnschte EC-Wert gem\u00e4\u00df dem F\u00fctterungsplan erreicht ist.<\/p>\n<h3>N\u00e4hrwertangaben (N-P-K)<\/h3>\n<ul>\n<li>Stickstoff (N): 19<\/li>\n<li>Phosphor (P): 20<\/li>\n<li>Kalium (K): 21<\/li>\n<\/ul>\n<h3>Woma 1-2-3 Konzept<\/h3>\n<p>Das Woma 1-2-3 Konzept kombiniert Benutzerfreundlichkeit mit professioneller Qualit\u00e4t. Durch die Arbeit mit nur drei Produkten bleibt das Ern\u00e4hrungsschema \u00fcberschaubar, w\u00e4hrend die interne Qualit\u00e4tskontrolle von Woma sicherstellt, dass jedes Produkt die strengen Anforderungen erf\u00fcllt.<\/p>\n<h3>Inhalt<\/h3>\n<p>8 kg<\/p>\n","protected":false},"excerpt":{"rendered":"<p>Basic Nutrition No. 1 Earth &#8211; 8 kg ist die ideale Wahl f\u00fcr professionelle Anbauer und Gro\u00dfverbraucher, die mit gro\u00dfen Mengen N\u00e4hrstoffwasser arbeiten. Dieser vollst\u00e4ndig l\u00f6sliche N\u00e4hrstoff in Pulverform bietet maximale Effizienz, Stabilit\u00e4t und N\u00e4hrstoffsicherheit w\u00e4hrend des gesamten Wachstumszyklus auf dem Boden. Mit 8 kg Basic Nutrition No. 1 k\u00f6nnen bis zu 8.000 Liter N\u00e4hrstoffwasser zubereitet werden. Durch seine hohe Konzentration ist es sehr sparsam im Verbrauch und f\u00fcr intensive Anbauumgebungen geeignet.<\/p>\n","protected":false},"featured_media":43764,"template":"","meta":[],"product_brand":[1085],"product_cat":[344,1088],"product_tag":[],"class_list":{"0":"post-44082","1":"product","2":"type-product","3":"status-publish","4":"has-post-thumbnail","6":"product_brand-woma","7":"product_cat-pflanzennahrung","8":"product_cat-woma-de","10":"first","11":"instock","12":"taxable","13":"shipping-taxable","14":"purchasable","15":"product-type-simple"},"_links":{"self":[{"href":"https:\/\/www.greendiscounter.com\/de\/wp-json\/wp\/v2\/product\/44082","targetHints":{"allow":["GET"]}}],"collection":[{"href":"https:\/\/www.greendiscounter.com\/de\/wp-json\/wp\/v2\/product"}],"about":[{"href":"https:\/\/www.greendiscounter.com\/de\/wp-json\/wp\/v2\/types\/product"}],"version-history":[{"count":0,"href":"https:\/\/www.greendiscounter.com\/de\/wp-json\/wp\/v2\/product\/44082\/revisions"}],"wp:featuredmedia":[{"embeddable":true,"href":"https:\/\/www.greendiscounter.com\/de\/wp-json\/wp\/v2\/media\/43764"}],"wp:attachment":[{"href":"https:\/\/www.greendiscounter.com\/de\/wp-json\/wp\/v2\/media?parent=44082"}],"wp:term":[{"taxonomy":"product_brand","embeddable":true,"href":"https:\/\/www.greendiscounter.com\/de\/wp-json\/wp\/v2\/product_brand?post=44082"},{"taxonomy":"product_cat","embeddable":true,"href":"https:\/\/www.greendiscounter.com\/de\/wp-json\/wp\/v2\/product_cat?post=44082"},{"taxonomy":"product_tag","embeddable":true,"href":"https:\/\/www.greendiscounter.com\/de\/wp-json\/wp\/v2\/product_tag?post=44082"}],"curies":[{"name":"wp","href":"https:\/\/api.w.org\/{rel}","templated":true}]}}