 {"id":44076,"date":"2026-01-24T21:20:31","date_gmt":"2026-01-24T20:20:31","guid":{"rendered":"https:\/\/www.greendiscounter.com\/woma-123-tuintechniek-wurzelstimulator-nr-2-250ml\/"},"modified":"2026-03-10T20:51:31","modified_gmt":"2026-03-10T19:51:31","slug":"woma-123-tuintechniek-wurzelstimulator-nr-2-250ml","status":"publish","type":"product","link":"https:\/\/www.greendiscounter.com\/de\/woma-123-tuintechniek-wurzelstimulator-nr-2-250ml\/","title":{"rendered":"WOMA | 123 Tuintechniek | Wurzelstimulator | Nr. 2 | 250ml"},"content":{"rendered":"<h2>Woma No. 2 Wurzelstimulator &#8211; 250 ml<\/h2>\n<p><strong>Woma 123 Garden Technology No. 2 Root Stimulator<\/strong> ist ein hochwirksamer Wurzelstimulator, der speziell entwickelt wurde, um die Pflanzen in der Fr\u00fchphase optimal zu unterst\u00fctzen. Dieser Wurzelstimulator ist Teil des bew\u00e4hrten <strong>Woma 1-2-3 N\u00e4hrstoffkonzepts<\/strong> und eignet sich f\u00fcr alle Kultursubstrate, einschlie\u00dflich Erde, Kokos und Hydrokultur.<\/p>\n<p>Mit seiner ausgewogenen Hormonmischung stimuliert No. 2 die schnelle Produktion neuer Wurzeln und ein stark verzweigtes Wurzelsystem. Dadurch eignet sich das Produkt besonders f\u00fcr <strong>Indoor-Z\u00fcchter<\/strong>, die eine maximale Kontrolle \u00fcber die Startphase ihrer Pflanzen w\u00fcnschen.<\/p>\n<h3>Warum Woma No. 2 Wurzelstimulator verwenden?<\/h3>\n<ul>\n<li>Bietet ein sehr starkes und verzweigtes Wurzelsystem<\/li>\n<li>Stimuliert mehr Zellteilung und schnellere Wurzelbildung<\/li>\n<li>Verbessert die Aufnahme von Wasser und N\u00e4hrstoffen<\/li>\n<li>Erh\u00f6ht die Stressresistenz von Pflanzen<\/li>\n<li>Unterst\u00fctzt eine bessere Bodenstruktur<\/li>\n<li>Sorgt f\u00fcr gleichm\u00e4\u00dfiges und stabiles Wachstum<\/li>\n<\/ul>\n<h3>Starke Wirkung &#8211; begrenzte Anwendung zur Bl\u00fctezeit<\/h3>\n<p>Nr. 2 Root Stimulator wirkt sehr kraftvoll. In einer <strong>bl\u00fchenden Kultur<\/strong> sollte das Produkt daher maximal <strong>3 Wochen lang<\/strong> angewendet werden. Bei einer mehrj\u00e4hrig wachsenden Pflanze, wie z.B. einer <strong>Mutterpflanze<\/strong>, kann der Wurzelstimulator kontinuierlich gegeben werden.<\/p>\n<h3>Anwendung &amp; Dosierung<\/h3>\n<p>Verwenden Sie den Woma No. 2 Root Stimulator w\u00e4hrend der ersten 3 Wochen des Anbaus.<\/p>\n<ul>\n<li>Dosierung: <strong>1 ml pro Liter Wasser (1:1000)<\/strong><\/li>\n<\/ul>\n<p>Gebrauchsanweisung: Geben Sie zuerst Root Stimulator No. 2 in das Gie\u00dfwasser und f\u00fcllen Sie dann mit <strong>Woma Basic Nutrition No. 1<\/strong> auf, bis der gew\u00fcnschte EC-Wert erreicht ist.<\/p>\n<h3>N\u00e4hrwert (N-P-K)<\/h3>\n<ul>\n<li>N: 0<\/li>\n<li>P: 9<\/li>\n<li>K: 10<\/li>\n<\/ul>\n<h3>Inhalt<\/h3>\n<p>250 ml<\/p>\n","protected":false},"excerpt":{"rendered":"<p>Woma 123 Garden Technology No. 2 Root Stimulator ist ein hochwirksamer Wurzelstimulator, der speziell entwickelt wurde, um die Pflanzen in der Fr\u00fchphase optimal zu unterst\u00fctzen. Dieser Wurzelstimulator ist Teil des bew\u00e4hrten Woma 1-2-3 N\u00e4hrstoffkonzepts und eignet sich f\u00fcr alle Kultursubstrate, einschlie\u00dflich Erde, Kokos und Hydrokultur. 2 stimuliert dank der ausgewogenen Hormonmischung die schnelle Produktion neuer Wurzeln und ein stark verzweigtes Wurzelsystem. Dadurch eignet sich das Produkt besonders f\u00fcr Indoor-Z\u00fcchter, die eine maximale Kontrolle \u00fcber die Startphase ihrer Pflanzen w\u00fcnschen.<\/p>\n","protected":false},"featured_media":43767,"template":"","meta":[],"product_brand":[1085],"product_cat":[344,1088],"product_tag":[],"class_list":{"0":"post-44076","1":"product","2":"type-product","3":"status-publish","4":"has-post-thumbnail","6":"product_brand-woma","7":"product_cat-pflanzennahrung","8":"product_cat-woma-de","10":"first","11":"instock","12":"taxable","13":"shipping-taxable","14":"purchasable","15":"product-type-simple"},"_links":{"self":[{"href":"https:\/\/www.greendiscounter.com\/de\/wp-json\/wp\/v2\/product\/44076","targetHints":{"allow":["GET"]}}],"collection":[{"href":"https:\/\/www.greendiscounter.com\/de\/wp-json\/wp\/v2\/product"}],"about":[{"href":"https:\/\/www.greendiscounter.com\/de\/wp-json\/wp\/v2\/types\/product"}],"version-history":[{"count":1,"href":"https:\/\/www.greendiscounter.com\/de\/wp-json\/wp\/v2\/product\/44076\/revisions"}],"predecessor-version":[{"id":44087,"href":"https:\/\/www.greendiscounter.com\/de\/wp-json\/wp\/v2\/product\/44076\/revisions\/44087"}],"wp:featuredmedia":[{"embeddable":true,"href":"https:\/\/www.greendiscounter.com\/de\/wp-json\/wp\/v2\/media\/43767"}],"wp:attachment":[{"href":"https:\/\/www.greendiscounter.com\/de\/wp-json\/wp\/v2\/media?parent=44076"}],"wp:term":[{"taxonomy":"product_brand","embeddable":true,"href":"https:\/\/www.greendiscounter.com\/de\/wp-json\/wp\/v2\/product_brand?post=44076"},{"taxonomy":"product_cat","embeddable":true,"href":"https:\/\/www.greendiscounter.com\/de\/wp-json\/wp\/v2\/product_cat?post=44076"},{"taxonomy":"product_tag","embeddable":true,"href":"https:\/\/www.greendiscounter.com\/de\/wp-json\/wp\/v2\/product_tag?post=44076"}],"curies":[{"name":"wp","href":"https:\/\/api.w.org\/{rel}","templated":true}]}}