 {"id":44058,"date":"2026-01-24T22:29:57","date_gmt":"2026-01-24T21:29:57","guid":{"rendered":"https:\/\/www.greendiscounter.com\/woma-123-tuintechniek-haerter-nr-3-250ml\/"},"modified":"2026-03-10T20:48:49","modified_gmt":"2026-03-10T19:48:49","slug":"woma-123-tuintechniek-haerter-nr-3-250ml","status":"publish","type":"product","link":"https:\/\/www.greendiscounter.com\/de\/woma-123-tuintechniek-haerter-nr-3-250ml\/","title":{"rendered":"WOMA | 123 Tuintechniek | H\u00e4rter | Nr. 3 | 250ml"},"content":{"rendered":"<h2>Woma Nr. 3 H\u00e4rter &#8211; 250 ml<\/h2>\n<p><strong>No. 3 Hardener von Woma Garden Technology<\/strong> ist ein starker Bl\u00fchverst\u00e4rker mit abh\u00e4rtender Wirkung, der speziell f\u00fcr die sp\u00e4tere Bl\u00fctephase entwickelt wurde. Dieser Booster ist Teil des bew\u00e4hrten <strong>Woma 1-2-3-Konzepts<\/strong> und wird ab der <strong>5. Woche der Bl\u00fcte<\/strong> angewendet.<\/p>\n<p>Nr. 3 kann auf <strong>allen Kultursubstraten<\/strong> verwendet werden, einschlie\u00dflich Erde, Kokos und Hydrokultur. Das Produkt ist ideal f\u00fcr Indoor-Z\u00fcchter, die ihre Pflanzen st\u00e4rken und gleichzeitig den Ertrag und die Qualit\u00e4t von Bl\u00fcten und Fr\u00fcchten steigern m\u00f6chten.<\/p>\n<h3>Was macht Afharder No. 3?<\/h3>\n<p>Der H\u00e4rter Nr. 3 st\u00e4rkt die <strong>Zellw\u00e4nde<\/strong> der Pflanze, sowohl in den Pflanzenteilen als auch in den Bl\u00fctenteilen. So entsteht eine robustere, kompaktere und widerstandsf\u00e4higere Ernte mit einer sichtbar h\u00f6heren Qualit\u00e4t.<\/p>\n<ul>\n<li>Deutliche Steigerung des Ertrags<\/li>\n<li>Sichtbar st\u00e4rkere und kompaktere Pflanzen<\/li>\n<li>Erh\u00f6hter Brix (Zucker) und Gehalt an organischer Substanz<\/li>\n<li>Verbesserte Bl\u00fcten- und Fruchtstruktur<\/li>\n<li>L\u00e4ngere Haltbarkeitsdauer des fertigen Produkts<\/li>\n<\/ul>\n<h3>H\u00f6here Resistenz gegen Sch\u00e4dlinge und Krankheiten<\/h3>\n<p>Da die gesamte Zellstruktur gest\u00e4rkt wird, wird die Pflanze <strong>widerstandsf\u00e4higer gegen Pilze, Krankheiten und Sch\u00e4dlinge<\/strong>. Dadurch eignet sich No. 3 besonders gut f\u00fcr den intensiven Indoor-Anbau.<\/p>\n<h3>Nachwirkungen in der Erde<\/h3>\n<p>Wenn Sie das komplette Woma 1-2-3 Konzept anwenden, wirkt Afharder No. 3 in den Boden ein. Wenn die junge Pflanze auf demselben Boden wieder angebaut wird, profitiert sie von einer verbesserten Zellstruktur, die sie weniger anf\u00e4llig f\u00fcr Krankheiten und Stress macht.<\/p>\n<h3>Anwendung &amp; Dosierung<\/h3>\n<ul>\n<li>Verwendung: ab der <strong>5. Woche der Bl\u00fcte<\/strong><\/li>\n<li>Dosierung: <strong>1 ml pro Liter Wasser (1:1000)<\/strong><\/li>\n<\/ul>\n<p>Gebrauchsanweisung: Dosieren Sie zuerst den H\u00e4rter Nr. 3 und f\u00fcllen Sie dann mit <strong>Woma Grundnahrung Nr. 1<\/strong> auf, bis der gew\u00fcnschte EC-Wert erreicht ist.<\/p>\n<h3>N-P-K Zusammensetzung<\/h3>\n<ul>\n<li>0 &#8211; 1 &#8211; 10<\/li>\n<\/ul>\n<h3>Inhalt<\/h3>\n<p>250 ml<\/p>\n","protected":false},"excerpt":{"rendered":"<p>No. 3 Hardener von Woma Garden Technology im 250-ml-Format ist ein starker Bl\u00fchverst\u00e4rker mit abh\u00e4rtender Wirkung, der speziell f\u00fcr die sp\u00e4tere Bl\u00fctephase entwickelt wurde. Dieser Booster ist Teil des bew\u00e4hrten Woma 1-2-3-Konzepts und wird ab der 5. Woche der Bl\u00fcte angewendet.<br \/>\nNr. 3 kann auf allen Kultursubstraten verwendet werden, einschlie\u00dflich Erde, Kokos und Hydrokultur. Das Produkt ist ideal f\u00fcr Indoor-Z\u00fcchter, die ihre Pflanzen st\u00e4rken und gleichzeitig den Ertrag und die Qualit\u00e4t von Bl\u00fcten und Fr\u00fcchten steigern m\u00f6chten.<\/p>\n","protected":false},"featured_media":43776,"template":"","meta":[],"product_brand":[1085],"product_cat":[344,1088],"product_tag":[],"class_list":{"0":"post-44058","1":"product","2":"type-product","3":"status-publish","4":"has-post-thumbnail","6":"product_brand-woma","7":"product_cat-pflanzennahrung","8":"product_cat-woma-de","10":"first","11":"instock","12":"taxable","13":"shipping-taxable","14":"purchasable","15":"product-type-simple"},"_links":{"self":[{"href":"https:\/\/www.greendiscounter.com\/de\/wp-json\/wp\/v2\/product\/44058","targetHints":{"allow":["GET"]}}],"collection":[{"href":"https:\/\/www.greendiscounter.com\/de\/wp-json\/wp\/v2\/product"}],"about":[{"href":"https:\/\/www.greendiscounter.com\/de\/wp-json\/wp\/v2\/types\/product"}],"version-history":[{"count":1,"href":"https:\/\/www.greendiscounter.com\/de\/wp-json\/wp\/v2\/product\/44058\/revisions"}],"predecessor-version":[{"id":44075,"href":"https:\/\/www.greendiscounter.com\/de\/wp-json\/wp\/v2\/product\/44058\/revisions\/44075"}],"wp:featuredmedia":[{"embeddable":true,"href":"https:\/\/www.greendiscounter.com\/de\/wp-json\/wp\/v2\/media\/43776"}],"wp:attachment":[{"href":"https:\/\/www.greendiscounter.com\/de\/wp-json\/wp\/v2\/media?parent=44058"}],"wp:term":[{"taxonomy":"product_brand","embeddable":true,"href":"https:\/\/www.greendiscounter.com\/de\/wp-json\/wp\/v2\/product_brand?post=44058"},{"taxonomy":"product_cat","embeddable":true,"href":"https:\/\/www.greendiscounter.com\/de\/wp-json\/wp\/v2\/product_cat?post=44058"},{"taxonomy":"product_tag","embeddable":true,"href":"https:\/\/www.greendiscounter.com\/de\/wp-json\/wp\/v2\/product_tag?post=44058"}],"curies":[{"name":"wp","href":"https:\/\/api.w.org\/{rel}","templated":true}]}}