 {"id":44040,"date":"2026-01-24T22:40:54","date_gmt":"2026-01-24T21:40:54","guid":{"rendered":"https:\/\/www.greendiscounter.com\/woma-123-tuintechniek-haerter-nr-3-1-liter\/"},"modified":"2026-03-10T20:46:19","modified_gmt":"2026-03-10T19:46:19","slug":"woma-123-tuintechniek-haerter-nr-3-1-liter","status":"publish","type":"product","link":"https:\/\/www.greendiscounter.com\/de\/woma-123-tuintechniek-haerter-nr-3-1-liter\/","title":{"rendered":"WOMA | 123 Tuintechniek | H\u00e4rter | Nr. 3 | 1 Liter"},"content":{"rendered":"<h2>Woma Nr. 3 H\u00e4rter &#8211; 1 Liter<\/h2>\n<p><strong>Woma No. 3 Hardener &#8211; 1 Liter<\/strong> ist ein professioneller Bl\u00fchverst\u00e4rker mit einem starken Abh\u00e4rtungseffekt. Dieses Produkt wurde entwickelt, um die Pflanzen in der Bl\u00fctephase sichtbar zu st\u00e4rken und die Qualit\u00e4t und den Ertrag von Bl\u00fcten und Fr\u00fcchten zu maximieren.<\/p>\n<p>Durch die St\u00e4rkung der Zellw\u00e4nde erh\u00f6ht Nr. 3 das Mehlgewicht, die Struktur und den Zuckergehalt. Das Ergebnis ist ein h\u00e4rteres, kompakteres und qualitativ hochwertigeres Endprodukt, das vor allem von Indoor-Z\u00fcchtern gesch\u00e4tzt wird.<\/p>\n<h3>Wichtigste Vorteile<\/h3>\n<ul>\n<li>Signifikante Zunahme des Bl\u00fcten- und Fruchtgewichts<\/li>\n<li>Erh\u00f6ht den Gehalt an Brix und organischer Substanz<\/li>\n<li>Verbessert Struktur und Haltbarkeit<\/li>\n<li>Macht die Pflanzen widerstandsf\u00e4higer gegen Krankheiten und Sch\u00e4dlinge<\/li>\n<li>Geeignet f\u00fcr Erde, Kokos und Hydro<\/li>\n<\/ul>\n<h3>Abh\u00e4rtung in der Bl\u00fctezeit<\/h3>\n<p>Der H\u00e4rter Nr. 3 sorgt f\u00fcr eine verst\u00e4rkte Zellstruktur in der gesamten Pflanze. Dies macht die Pflanze weniger anf\u00e4llig f\u00fcr Pilze und Stressfaktoren, w\u00e4hrend die Bl\u00fcte kr\u00e4ftiger und best\u00e4ndiger ist.<\/p>\n<h3>Nachwirkungen beim Recycling von Boden<\/h3>\n<p>Wenn das gesamte 1-2-3-Konzept angewandt und der Boden wiederverwendet wird, hat Nr. 3 eine positive Wirkung auf die junge Pflanze. Die verbesserte Bodenstruktur tr\u00e4gt von Anfang an zu einer besseren Widerstandsf\u00e4higkeit bei.<\/p>\n<h3>Anwendung &amp; Dosierung<\/h3>\n<ul>\n<li>Ab der <strong>5. Woche der Bl\u00fctephase<\/strong> anwenden<\/li>\n<li>Dosierung: <strong>1 ml pro Liter Wasser<\/strong><\/li>\n<\/ul>\n<p>Gebrauchsanweisung: Geben Sie zuerst H\u00e4rter Nr. 3 in das Gie\u00dfwasser und f\u00fcllen Sie mit Grundnahrungsmittel Nr. 1 bis zum gew\u00fcnschten EC-Wert auf.<\/p>\n<h3>N-P-K-Wert<\/h3>\n<ul>\n<li>0 &#8211; 1 &#8211; 10<\/li>\n<\/ul>\n<h3>Inhalt<\/h3>\n<p>1 Liter (1000 ml)<\/p>\n","protected":false},"excerpt":{"rendered":"<p>Woma No. 3 Hardener &#8211; 1 Liter ist ein professioneller Bl\u00fchverst\u00e4rker mit einem starken Abh\u00e4rtungseffekt. Dieses Produkt wurde entwickelt, um die Pflanzen in der Bl\u00fctephase sichtbar zu st\u00e4rken und die Qualit\u00e4t und den Ertrag von Bl\u00fcten und Fr\u00fcchten zu maximieren.<br \/>\nDurch die St\u00e4rkung der Zellw\u00e4nde erh\u00f6ht Nr. 3 das Mehlgewicht, die Struktur und den Zuckergehalt. Das Ergebnis ist ein h\u00e4rteres, kompakteres und qualitativ hochwertigeres Endprodukt, das vor allem von Indoor-Z\u00fcchtern gesch\u00e4tzt wird.<\/p>\n","protected":false},"featured_media":43779,"template":"","meta":[],"product_brand":[1085],"product_cat":[344,1088],"product_tag":[],"class_list":{"0":"post-44040","1":"product","2":"type-product","3":"status-publish","4":"has-post-thumbnail","6":"product_brand-woma","7":"product_cat-pflanzennahrung","8":"product_cat-woma-de","10":"first","11":"instock","12":"taxable","13":"shipping-taxable","14":"purchasable","15":"product-type-simple"},"_links":{"self":[{"href":"https:\/\/www.greendiscounter.com\/de\/wp-json\/wp\/v2\/product\/44040","targetHints":{"allow":["GET"]}}],"collection":[{"href":"https:\/\/www.greendiscounter.com\/de\/wp-json\/wp\/v2\/product"}],"about":[{"href":"https:\/\/www.greendiscounter.com\/de\/wp-json\/wp\/v2\/types\/product"}],"version-history":[{"count":1,"href":"https:\/\/www.greendiscounter.com\/de\/wp-json\/wp\/v2\/product\/44040\/revisions"}],"predecessor-version":[{"id":44061,"href":"https:\/\/www.greendiscounter.com\/de\/wp-json\/wp\/v2\/product\/44040\/revisions\/44061"}],"wp:featuredmedia":[{"embeddable":true,"href":"https:\/\/www.greendiscounter.com\/de\/wp-json\/wp\/v2\/media\/43779"}],"wp:attachment":[{"href":"https:\/\/www.greendiscounter.com\/de\/wp-json\/wp\/v2\/media?parent=44040"}],"wp:term":[{"taxonomy":"product_brand","embeddable":true,"href":"https:\/\/www.greendiscounter.com\/de\/wp-json\/wp\/v2\/product_brand?post=44040"},{"taxonomy":"product_cat","embeddable":true,"href":"https:\/\/www.greendiscounter.com\/de\/wp-json\/wp\/v2\/product_cat?post=44040"},{"taxonomy":"product_tag","embeddable":true,"href":"https:\/\/www.greendiscounter.com\/de\/wp-json\/wp\/v2\/product_tag?post=44040"}],"curies":[{"name":"wp","href":"https:\/\/api.w.org\/{rel}","templated":true}]}}