 {"id":44036,"date":"2026-01-24T22:59:56","date_gmt":"2026-01-24T21:59:56","guid":{"rendered":"https:\/\/www.greendiscounter.com\/woma-123-tuintechniek-afharder-nr-3-5-liter\/"},"modified":"2026-03-10T20:46:28","modified_gmt":"2026-03-10T19:46:28","slug":"woma-123-tuintechniek-afharder-nr-3-5-liter","status":"publish","type":"product","link":"https:\/\/www.greendiscounter.com\/de\/woma-123-tuintechniek-afharder-nr-3-5-liter\/","title":{"rendered":"WOMA | 123 Tuintechniek | Afharder | Nr 3 | 5 Liter"},"content":{"rendered":"<h2>Woma Nr. 3 H\u00e4rter &#8211; 5 Liter<\/h2>\n<p><strong>Woma No. 3 Hardener &#8211; 5 Liter<\/strong> ist f\u00fcr professionelle Z\u00fcchter und Gro\u00dfverbraucher gedacht, die in der Bl\u00fctephase maximale Leistung verlangen. Dieser potente Bl\u00fctebooster mit abh\u00e4rtender Wirkung erh\u00f6ht sowohl den Ertrag als auch die Qualit\u00e4t des Endprodukts.<\/p>\n<p>Nr. 3 st\u00e4rkt die Zellw\u00e4nde der Pflanzen und erh\u00f6ht den Gehalt an Zucker und organischer Substanz. Das Ergebnis sind schwerere Bl\u00fcten, eine bessere Struktur und eine h\u00f6here Widerstandsf\u00e4higkeit gegen Sch\u00e4dlinge und Krankheiten.<\/p>\n<h3>Ideal f\u00fcr den intensiven Innenanbau<\/h3>\n<p>Die verst\u00e4rkte Zellstruktur sorgt f\u00fcr eine h\u00e4rtere und kompaktere Pflanze, die widerstandsf\u00e4higer gegen Stress, Pilze und Sch\u00e4dlinge ist. Dadurch eignet sich Afharder No. 3 hervorragend f\u00fcr den intensiven Anbau in Innenr\u00e4umen.<\/p>\n<h3>Vorteile auf einen Blick<\/h3>\n<ul>\n<li>Sichtbar h\u00f6herer Ertrag<\/li>\n<li>Verbesserte Qualit\u00e4t und Haltbarkeit der Blumen<\/li>\n<li>Erh\u00f6hte Resistenz gegen Krankheiten und Pilze<\/li>\n<li>Nachwirkungen im Boden bei Wiederverwendung<\/li>\n<li>Kompatibel mit allen Kultivierungsmedien<\/li>\n<\/ul>\n<h3>Anwendung &amp; Dosierung<\/h3>\n<ul>\n<li>Anwendung: ab der <strong>5. Woche der Bl\u00fcte<\/strong><\/li>\n<li>Dosierung: <strong>1 ml pro Liter Wasser (1:1000)<\/strong><\/li>\n<\/ul>\n<p>Gebrauchsanweisung: Dosieren Sie Afharder Nr. 3 und f\u00fcllen Sie mit Woma Grundfutter Nr. 1 auf den gew\u00fcnschten EC-Wert auf.<\/p>\n<h3>N-P-K Zusammensetzung<\/h3>\n<ul>\n<li>0 &#8211; 1 &#8211; 10<\/li>\n<\/ul>\n<h3>Inhalt<\/h3>\n<p>5 Liter (5000 ml)<\/p>\n","protected":false},"excerpt":{"rendered":"<p>Woma No. 3 Hardener &#8211; 5 Liter ist f\u00fcr professionelle Z\u00fcchter und Gro\u00dfverbraucher gedacht, die in der Bl\u00fctephase maximale Leistung verlangen. Dieser starke Bl\u00fctebooster mit abh\u00e4rtender Wirkung steigert sowohl den Ertrag als auch die Qualit\u00e4t des Endprodukts.<br \/>\nNr. 3 st\u00e4rkt die Zellw\u00e4nde der Pflanzen und erh\u00f6ht den Gehalt an Zucker und organischer Substanz. Das Ergebnis sind schwerere Bl\u00fcten, eine bessere Struktur und eine h\u00f6here Widerstandsf\u00e4higkeit gegen Sch\u00e4dlinge und Krankheiten.<\/p>\n","protected":false},"featured_media":43782,"template":"","meta":[],"product_brand":[1085],"product_cat":[344,1088],"product_tag":[],"class_list":{"0":"post-44036","1":"product","2":"type-product","3":"status-publish","4":"has-post-thumbnail","6":"product_brand-woma","7":"product_cat-pflanzennahrung","8":"product_cat-woma-de","10":"first","11":"instock","12":"taxable","13":"shipping-taxable","14":"purchasable","15":"product-type-simple"},"_links":{"self":[{"href":"https:\/\/www.greendiscounter.com\/de\/wp-json\/wp\/v2\/product\/44036","targetHints":{"allow":["GET"]}}],"collection":[{"href":"https:\/\/www.greendiscounter.com\/de\/wp-json\/wp\/v2\/product"}],"about":[{"href":"https:\/\/www.greendiscounter.com\/de\/wp-json\/wp\/v2\/types\/product"}],"version-history":[{"count":1,"href":"https:\/\/www.greendiscounter.com\/de\/wp-json\/wp\/v2\/product\/44036\/revisions"}],"predecessor-version":[{"id":44063,"href":"https:\/\/www.greendiscounter.com\/de\/wp-json\/wp\/v2\/product\/44036\/revisions\/44063"}],"wp:featuredmedia":[{"embeddable":true,"href":"https:\/\/www.greendiscounter.com\/de\/wp-json\/wp\/v2\/media\/43782"}],"wp:attachment":[{"href":"https:\/\/www.greendiscounter.com\/de\/wp-json\/wp\/v2\/media?parent=44036"}],"wp:term":[{"taxonomy":"product_brand","embeddable":true,"href":"https:\/\/www.greendiscounter.com\/de\/wp-json\/wp\/v2\/product_brand?post=44036"},{"taxonomy":"product_cat","embeddable":true,"href":"https:\/\/www.greendiscounter.com\/de\/wp-json\/wp\/v2\/product_cat?post=44036"},{"taxonomy":"product_tag","embeddable":true,"href":"https:\/\/www.greendiscounter.com\/de\/wp-json\/wp\/v2\/product_tag?post=44036"}],"curies":[{"name":"wp","href":"https:\/\/api.w.org\/{rel}","templated":true}]}}