 {"id":43896,"date":"2026-03-02T16:17:38","date_gmt":"2026-03-02T15:17:38","guid":{"rendered":"https:\/\/www.greendiscounter.com\/?post_type=product&#038;p=43896"},"modified":"2026-03-10T20:43:53","modified_gmt":"2026-03-10T19:43:53","slug":"lumatek-zeus-1000w-xtreme-ppfd-co2-kopie","status":"publish","type":"product","link":"https:\/\/www.greendiscounter.com\/de\/lumatek-zeus-1000w-xtreme-ppfd-co2-kopie\/","title":{"rendered":"Lumatek | LED Grow Lampe | ZEUS 1000W Xtreme 3.1"},"content":{"rendered":"<section class=\"product-description\">\n<h2>Lumatek Zeus 1000W XTREME 3.1 LED Grow Light &#8211; Ultimative Leistung und maximale PPFD<\/h2>\n<p>Das <strong>Lumatek Zeus 1000W XTREME 3.1<\/strong> ist Lumateks bisher leistungsst\u00e4rkstes lineares LED-Grow-Licht, das speziell f\u00fcr Z\u00fcchter entwickelt wurde, die maximale Lichtleistung, Kontrolle und Spitzenergebnisse verlangen. Mit einem beeindruckenden PPF von <strong>3125 \u00b5mol\/s<\/strong> und einem sehr hohen Wirkungsgrad von <strong>3,1 \u00b5mol\/J<\/strong> wurde dieses professionelle LED-Grow-Licht entwickelt, um die Produktivit\u00e4t in modernen Indoor-Grow-R\u00e4umen erheblich zu steigern.<\/p>\n<p>Dieses High-End-LED-Wachstumslicht ist f\u00fcr Anbaufl\u00e4chen von <strong>1,5 x 1,5 Metern mit CO\u2082-Zusatz<\/strong> optimiert, wo die extreme Lichtintensit\u00e4t f\u00fcr maximale Photosynthese und h\u00f6here Ertr\u00e4ge sorgt. Ohne CO\u2082 kann die Lampe problemlos gr\u00f6\u00dfere Fl\u00e4chen von bis zu <strong>1,8 x 1,8 Metern<\/strong> gleichm\u00e4\u00dfig beleuchten, mit hervorragender Gleichm\u00e4\u00dfigkeit und konstanter Wachstumsleistung ohne zus\u00e4tzliche Leuchten.<\/p>\n<h2>Fortschrittliche Diodentechnologie mit Samsung &amp; Osram<\/h2>\n<p>Der Zeus 1000W XTREME 3.1 ist mit hochwertigen Lumatek-Treibern und der neuesten Generation von <strong>Samsung WHITE Dioden (3 \u00b5mol\/J)<\/strong> und <strong>Osram RED Dioden (4,3 \u00b5mol\/J)<\/strong> ausgestattet. Das Ergebnis ist ein perfekt abgestimmtes Vollspektrumlicht, das sowohl f\u00fcr die Wachstums- als auch f\u00fcr die Bl\u00fctephase der Pflanzen ideal ist.<\/p>\n<p>Die innovative Clear Glue-Beschichtung auf jeder LED-Leiste garantiert eine 99%ige Lichtdurchl\u00e4ssigkeit ohne nennenswerten Lichtverlust. Dar\u00fcber hinaus verl\u00e4ngert diese Technologie die Lebensdauer der Dioden, erh\u00f6ht die Korrosionsbest\u00e4ndigkeit und bietet IP65-Schutz gegen Staub und Wasser. Die Wartung ist einfach: eine schnelle Reinigung mit einem feuchten Tuch sorgt daf\u00fcr, dass die LED-Leisten optimal funktionieren.<\/p>\n<h2>Professionelles Design f\u00fcr maximale Lichtverteilung<\/h2>\n<p>Der rechteckige Rahmen mit einer pr\u00e4zise platzierten LED-Leistenkonfiguration sorgt f\u00fcr eine extrem gleichm\u00e4\u00dfige Lichtverteilung \u00fcber den gesamten Schirm, selbst bei niedrigeren Aufh\u00e4ngeh\u00f6hen. Das macht die Lampe perfekt f\u00fcr gro\u00dfe Grow-Zelte, R\u00e4ume mit hohen Decken und professionelle Grow-Pflanzen, die eine sehr hohe PPFD ohne Hotspots ben\u00f6tigen.<\/p>\n<p>In CO\u2082-angereicherten Growr\u00e4umen liefert die ZEUS 1000W XTREME 3.1 absolute Spitzenleistung. Wenn der PPFD 1000 \u00b5mol\/m\u00b2\/s \u00fcbersteigt, wird ein CO\u2082-Verh\u00e4ltnis von 1:1 (PPM) empfohlen, bis zu einem Maximum von 1500 PPM, um optimalen Ertrag, Pflanzengesundheit und Qualit\u00e4t zu gew\u00e4hrleisten.<\/p>\n<p>Als Spitzenmodell der Zeus 3.1-Serie ist dieses 1000W XTREME LED-Grow-Licht f\u00fcr gro\u00dfe und anspruchsvolle Anbauumgebungen konzipiert. Ideal sowohl f\u00fcr professionelle Z\u00fcchter als auch f\u00fcr ambitionierte Hobbyz\u00fcchter, die das Beste aus ihrem Anbau herausholen wollen.<\/p>\n<h2>Wichtige Spezifikationen Lumatek Zeus 1000W XTREME 3.1<\/h2>\n<ul>\n<li><strong>Produkt-Code:<\/strong> LUMLED032<\/li>\n<li><strong>Wirkungsgrad:<\/strong> 3,1 \u00b5mol\/J<\/li>\n<li><strong>PPF:<\/strong> 3125 \u00b5mol\/s<\/li>\n<li><strong>Leistung (100%):<\/strong> 1025W (\u00b15%) @ 230V AC<\/li>\n<li>Eingangsspannung: 220-240V, 50-60Hz<\/li>\n<li><strong>Anbaufl\u00e4che:<\/strong> 1,5 x 1,5 m (mit CO\u2082) \/ 1,8 x 1,8 m (ohne CO\u2082)<\/li>\n<li><strong>Schutzart:<\/strong> IP65 (wasser- und staubdicht)<\/li>\n<li><strong>Lebenserwartung:<\/strong> L90 bei 60.000 Stunden<\/li>\n<li>Lichtverteilung: 120\u00b0<\/li>\n<li><strong>K\u00fchlung:<\/strong> passive, stille K\u00fchlung<\/li>\n<li><strong>Dimmbar:<\/strong> 0%, 25%, 50%, 75%, 100% + 0-10V Dimmer (im Lieferumfang enthalten)<\/li>\n<li><strong>Externe Steuerung:<\/strong> Lumatek Controller oder Universal 0-10V Controller (1% Schritte)<\/li>\n<li>Gewicht: 18 kg<\/li>\n<li><strong>Abmessungen:<\/strong> 1182 x 1091 x 106 mm<\/li>\n<li><strong>Spektrum:<\/strong> Volles Spektrum F<\/li>\n<li>Garantie: 5 Jahre<\/li>\n<\/ul>\n<h2>Wesentliche Merkmale<\/h2>\n<ul>\n<li>Sehr hohe Effizienz von 3,1 \u00b5mol\/J<\/li>\n<li>Extrem hohe PPF-Leistung von 3125 \u00b5mol\/s<\/li>\n<li>Entwickelt f\u00fcr ultrahohe PPFD in CO\u2082-Zuchtr\u00e4umen<\/li>\n<li>Hochwertige Lumatek LED-Treiber<\/li>\n<li>Neueste Top-Bin-Dioden von Samsung und Osram<\/li>\n<li>Ausgewogenes Vollspektrum f\u00fcr Wachstum und Bl\u00fcte<\/li>\n<li>Auswechselbare magnetische 100W Pro 3.1 LED-Leisten<\/li>\n<li>Vollst\u00e4ndig dimmbar f\u00fcr maximale Kontrolle<\/li>\n<li>Gleichm\u00e4\u00dfige Lichtverteilung ohne Hotspots<\/li>\n<li>Plug &amp; Play-Installation &#8211; benutzerfreundliches Design<\/li>\n<li>IP65 Schutz gegen Feuchtigkeit und Staub<\/li>\n<li>5 Jahre Herstellergarantie<\/li>\n<\/ul>\n<h2>Inhalt der Verpackung<\/h2>\n<ul>\n<li>10 x Lumatek 100W Pro 3.1 Vollspektrum-Magnet-LED-Leisten<\/li>\n<li>1 x Lumatek 1000W XTREME 3.1 Treiber mit Verkabelung<\/li>\n<li>1 x LED-Leuchtenrahmen mit Anschlusskabeln<\/li>\n<li>1 x 0-10V Lichtdimmer + Klettband<\/li>\n<li>2 x Aufh\u00e4ngekabel aus Metall<\/li>\n<li>1 x Handbuch<\/li>\n<\/ul>\n<h2>Erweiterte Beleuchtungssteuerung &amp; Externe Steuerung<\/h2>\n<p>Dieses Lumatek LED-Zuchtlicht ist vollst\u00e4ndig kompatibel mit externen Kontrollsystemen wie dem Lumatek Digital Panel Plus 2.0. Sie k\u00f6nnen ganz einfach Beleuchtungszeitpl\u00e4ne festlegen, die automatische Dimmung in 1%-Schritten nutzen, den Temperaturschutz aktivieren und Sonnenauf- und -untergang simulieren, um eine optimale Wachstumsumgebung zu schaffen.<\/p>\n<p>Dank der Unterst\u00fctzung von universellen 0-10V-Controllern und RJ-Port-Systemen (\u00fcber Signalwandler) l\u00e4sst sich die Zeus 1000W XTREME 3.1 m\u00fchelos in bestehende Grow-Systeme integrieren. Vom Grow-Zelt bis hin zu gro\u00dfen professionellen Anbaufl\u00e4chen &#8211; dieses LED-Grow-Licht bietet maximale Flexibilit\u00e4t, Skalierbarkeit und Kontrolle.<\/p>\n<\/section>\n","protected":false},"excerpt":{"rendered":"<p>Das Lumatek Zeus 1000W XTREME 3.1 ist Lumateks bisher leistungsst\u00e4rkstes lineares LED-Grow-Licht, das speziell f\u00fcr Z\u00fcchter entwickelt wurde, die maximale Lichtleistung, Kontrolle und Spitzenergebnisse verlangen. Mit einem beeindruckenden PPF von 3125 \u00b5mol\/s und einer sehr hohen Effizienz von 3,1 \u00b5mol\/J wurde dieses professionelle LED-Grow-Licht entwickelt, um die Produktivit\u00e4t in modernen Indoor-Grow-R\u00e4umen deutlich zu steigern.<\/p>\n<p>Dieses High-End-LED-Wachstumslicht ist f\u00fcr Anbaufl\u00e4chen von 1,5 x 1,5 Metern mit CO\u2082-Zusatz optimiert, wo die extreme Lichtintensit\u00e4t f\u00fcr maximale Photosynthese und h\u00f6here Ertr\u00e4ge sorgt. Ohne CO\u2082 kann die Lampe problemlos gr\u00f6\u00dfere Fl\u00e4chen von bis zu 1,8 x 1,8 Metern gleichm\u00e4\u00dfig beleuchten, mit hervorragender Gleichm\u00e4\u00dfigkeit und konstanter Wachstumsleistung ohne zus\u00e4tzliche Leuchten.<\/p>\n","protected":false},"featured_media":25643,"template":"","meta":[],"product_brand":[1042],"product_cat":[337,564,355],"product_tag":[],"class_list":{"0":"post-43896","1":"product","2":"type-product","3":"status-publish","4":"has-post-thumbnail","6":"product_brand-lumatek","7":"product_cat-beleuchtung","8":"product_cat-led-lumatek-de","9":"product_cat-led-leuchten","11":"first","12":"instock","13":"taxable","14":"shipping-taxable","15":"purchasable","16":"product-type-simple"},"_links":{"self":[{"href":"https:\/\/www.greendiscounter.com\/de\/wp-json\/wp\/v2\/product\/43896","targetHints":{"allow":["GET"]}}],"collection":[{"href":"https:\/\/www.greendiscounter.com\/de\/wp-json\/wp\/v2\/product"}],"about":[{"href":"https:\/\/www.greendiscounter.com\/de\/wp-json\/wp\/v2\/types\/product"}],"version-history":[{"count":2,"href":"https:\/\/www.greendiscounter.com\/de\/wp-json\/wp\/v2\/product\/43896\/revisions"}],"predecessor-version":[{"id":44044,"href":"https:\/\/www.greendiscounter.com\/de\/wp-json\/wp\/v2\/product\/43896\/revisions\/44044"}],"wp:featuredmedia":[{"embeddable":true,"href":"https:\/\/www.greendiscounter.com\/de\/wp-json\/wp\/v2\/media\/25643"}],"wp:attachment":[{"href":"https:\/\/www.greendiscounter.com\/de\/wp-json\/wp\/v2\/media?parent=43896"}],"wp:term":[{"taxonomy":"product_brand","embeddable":true,"href":"https:\/\/www.greendiscounter.com\/de\/wp-json\/wp\/v2\/product_brand?post=43896"},{"taxonomy":"product_cat","embeddable":true,"href":"https:\/\/www.greendiscounter.com\/de\/wp-json\/wp\/v2\/product_cat?post=43896"},{"taxonomy":"product_tag","embeddable":true,"href":"https:\/\/www.greendiscounter.com\/de\/wp-json\/wp\/v2\/product_tag?post=43896"}],"curies":[{"name":"wp","href":"https:\/\/api.w.org\/{rel}","templated":true}]}}