 {"id":43532,"date":"2025-12-02T15:32:42","date_gmt":"2025-12-02T14:32:42","guid":{"rendered":"https:\/\/www.greendiscounter.com\/product\/dimlux-pro-serie-1000w-208-240v-smart-iec\/"},"modified":"2025-12-02T15:32:42","modified_gmt":"2025-12-02T14:32:42","slug":"dimlux-pro-serie-1000w-208-240v-smart-iec","status":"publish","type":"product","link":"https:\/\/www.greendiscounter.com\/de\/dimlux-pro-serie-1000w-208-240v-smart-iec\/","title":{"rendered":"Dimlux | PRO Serie | 1000w 208-240V | Smart IEC"},"content":{"rendered":"<div class=\"product-description\">\n<h1>DimLux PRO 1000W 208-240V Smart IEC &#8211; Professionelles HPS-Wachstumslicht f\u00fcr den Gartenbau<\/h1>\n<p>Der <strong>DimLux PRO 1000W 208-240V Smart IEC<\/strong> ist ein hochwertiger<br \/>\n<strong>Professionelles Wachstumslicht<\/strong> f\u00fcr ernsthafte Z\u00fcchter, Gew\u00e4chsh\u00e4user und Innenr\u00e4ume<br \/>\nwachsenden Umgebungen. DimLux entwickelt und produziert seit<br \/>\n<strong>professionelle Gartenbau-Beleuchtung<\/strong> f\u00fcr die urbane Landwirtschaft,<br \/>\nkleine G\u00e4rtnereien und gro\u00df angelegte Gew\u00e4chsh\u00e4user. Dank der Kombination<br \/>\nder neuesten Technologie, innovativen Ultra Optics-Reflektoren und einem intelligenten<br \/>\ndigitalen Vorschaltger\u00e4t geh\u00f6rt das DimLux PRO zu den fortschrittlichsten<br \/>\n<strong>Beleuchtungsl\u00f6sungen f\u00fcr den Gartenbau<\/strong> auf dem Markt.<\/p>\n<h2>Professionelle Gartenbaubeleuchtung mit maximaler Lichtleistung<\/h2>\n<p>Das DimLux PRO 1000W ist ein leistungsstarkes <strong>HPS-Zuchtlicht<\/strong> mit<br \/>\neinen System-PPF von bis zu <strong>2339 \u00b5mol\/s<\/strong> (bei 1150W Boost).<br \/>\nDas macht die Lampe ideal f\u00fcr intensive Wachstums- und Bl\u00fctephasen in<br \/>\n<strong>Gew\u00e4chshausbeleuchtung<\/strong>, Gew\u00e4chshauszelte und professionelle G\u00e4rtnereien.<br \/>\nDas System ist konzipiert f\u00fcr:<\/p>\n<ul>\n<li>Maximale Lichtleistung und Effizienz<\/li>\n<li>Optimale Gleichm\u00e4\u00dfigkeit auf der Anbaufl\u00e4che<\/li>\n<li>Lange Lebensdauer und hohe Zuverl\u00e4ssigkeit<\/li>\n<li>Einsatz in anspruchsvollen, feuchten und hei\u00dfen Umgebungen<\/li>\n<\/ul>\n<h2>Hauptmerkmale DimLux PRO 1000W<\/h2>\n<ul>\n<li>Leistung: <strong>1000W<\/strong> (einstellbar von 500W bis 1150W)<\/li>\n<li>System PPF @ 1000W: <strong>2016 \u00b5mol\/s<\/strong><\/li>\n<li>System PPF @ 1150W: <strong>2339 \u00b5mol\/s<\/strong><\/li>\n<li>Spannung: <strong>208-240V<\/strong> &#8211; geeignet f\u00fcr EU, UK und US M\u00e4rkte<\/li>\n<li>Wirkungsgrad @ 1000W: <strong>1.95 \u00b5mol\/J<\/strong><\/li>\n<li>Wirkungsgrad @ 1150W: <strong>1.96 \u00b5mol\/J<\/strong><\/li>\n<li>Inklusive intelligentem IEC-Netzkabel (4 m EU, 4 m UK, 5 m USA)<\/li>\n<li><strong>Ultra Optics Single Bounce Clear Sight Reflektor<\/strong> (Hybrid, austauschbar)<\/li>\n<li>Reflektormaterial: <strong>Miro 95 (99,99% Aluminium<\/strong> ) &#8211; sehr witterungsbest\u00e4ndig<\/li>\n<li>Passiv gek\u00fchlter Reflektor &#8211; leise und energieeffizient<\/li>\n<li>Vertikales geschlossenes Vorschaltger\u00e4t f\u00fcr minimale Lichtblockierung<\/li>\n<li><strong>Geo Membrane<\/strong> gegen Feuchtigkeit und Kondenswasser im Schotter<\/li>\n<li>Vier-Zeichen-Display mit Dimmschalter und Boost-Funktion<\/li>\n<li>Vorbereitet f\u00fcr die neue digitale Controller-Plattform (Software upgradef\u00e4hig)<\/li>\n<li>Geeignet f\u00fcr die Steuerung \u00fcber <strong>DimLux Maxi Controller (WiFi-Controller)<\/strong><\/li>\n<\/ul>\n<h2>Ultra Optics Reflektor &#8211; maximale Effizienz und Gleichm\u00e4\u00dfigkeit<\/h2>\n<p>Der <strong>Ultra Optics Reflektor<\/strong> von DimLux wurde speziell entwickelt, um die<br \/>\nh\u00f6chstm\u00f6gliche Effizienz und Lichtleistung. Der Reflektor ist so konzipiert<br \/>\nnach dem <strong>Single Bounce Clear Sight (SBCS) Prinzip<\/strong>. Dies bedeutet, dass<br \/>\njedes Photon wird nur einmal reflektiert, bevor es die Pflanze erreicht, was zu<br \/>\nReflexionsverluste und Hotspots werden minimiert.<\/p>\n<p>Der Ultra Optics-Reflektor wird <strong>passiv gek\u00fchlt<\/strong>, um die Lampe im optimalen Bereich zu halten.<br \/>\nTemperatur. Durch die Verwendung von <strong>Miro 95 (99,99% Aluminium)<\/strong><br \/>\nstatt Miro Silver, der Reflektor ist widerstandsf\u00e4higer gegen hohe Luftfeuchtigkeit<br \/>\nund Sch\u00e4den, ohne dass die Reflektivit\u00e4t schnell abnimmt.<\/p>\n<h3>Leicht abnehmbarer Ultra Optics Reflektor<\/h3>\n<p>Der Reflektor ist <strong>schnell und einfach zu demontieren<\/strong>, auch wenn er<br \/>\nin gro\u00dfer H\u00f6he in einem Gew\u00e4chshaus montiert. Das macht die Reinigung und den Austausch viel einfacher.<br \/>\nIn hei\u00dfen Sommern entfernen viele Gew\u00e4chshausg\u00e4rtner vor\u00fcbergehend den Reflektor, um Schatten auf<br \/>\nreduzieren den Ertrag und verhindern die Alterung des Reflektors.<\/p>\n<h3>Drei Arten von Reflektoren: Hybrid, Breit und Tief<\/h3>\n<ul>\n<li><strong>Ultra Optics Hybrid 96 (Standard)<\/strong><br \/>\nDer Hybrid-Reflektor sorgt f\u00fcr ein tiefes Eindringen des Lichts in die Pflanzen, mit einem<br \/>\ngr\u00f6\u00dfere \u00dcberlappung mit anderen Leuchten f\u00fcr bessere Gleichm\u00e4\u00dfigkeit. Die exponierte<br \/>\nOberfl\u00e4che hat ein <strong>Seitenverh\u00e4ltnis von 1,3:1<\/strong>. Dieser Reflektor ist der<br \/>\nDer ideale Allround-Reflektor, der die besten Eigenschaften der Deep- und Wide-Reflektoren vereint.<\/li>\n<li><strong>Ultra Optik Weit 98<\/strong><br \/>\nDer breite Reflektor leuchtet einen <strong>viel gr\u00f6\u00dferen Bereich<\/strong> aus, wodurch die Entfernung<br \/>\nzwischen Reflektor und Ernte kann k\u00fcrzer sein. Dank seiner breiteren Lichtverteilung ist der<br \/>\nDie 1000W-Version ben\u00f6tigt eine Entfernung, die mit der eines Standardger\u00e4tes vergleichbar ist.<br \/>\n600W System. Der belichtete Bereich hat ein <strong>Seitenverh\u00e4ltnis von 2:1<\/strong> (Rechteck).<\/li>\n<li><strong>Ultra-Optik Deep 98<\/strong><br \/>\nDer Deep-Reflektor l\u00e4sst das Licht <strong>tief in den Baldachin<\/strong> eindringen.<br \/>\nDenn es wird mehr Licht direkt nach unten und weniger zu den Seiten geschickt,<br \/>\nEs gehen weniger Photonen durch W\u00e4nde und Gehwege verloren. Die freiliegende Oberfl\u00e4che hat<br \/>\nein <strong>Seitenverh\u00e4ltnis von 1:1<\/strong> (quadratisch).<\/li>\n<\/ul>\n<p>Dank der austauschbaren Reflektoroptionen kann die DimLux PRO leicht angepasst werden an<br \/>\nverschiedene Anbausysteme, Gew\u00e4chshausgr\u00f6\u00dfen und Pflanzendichten. So profitieren Sie immer<br \/>\nder besten Lichtverteilung f\u00fcr Ihren speziellen Anbau.<\/p>\n<h2>Geschlossener &amp; vertikaler Ballast<\/h2>\n<p>Die <strong>DimLux PRO Serie<\/strong> ist mit einem <strong>versiegelten Vorschaltger\u00e4t<\/strong> ausgestattet<br \/>\nanstelle eines offenen Ballasts. Dadurch wird verhindert, dass Feuchtigkeit, Schmutz und Kondenswasser in die Elektronik gelangen.<br \/>\nkommen kann. Dank der integrierten <strong>Geo-Membran<\/strong> wird der Druck im Inneren des<br \/>\nund au\u00dferhalb des Schotters gleich gehalten werden, w\u00e4hrend Feuchtigkeit und Kondensation w\u00e4hrend<br \/>\nAbk\u00fchlung.<\/p>\n<p>Das Vorschaltger\u00e4t ist <strong>vertikal montiert<\/strong>, um die Menge des Tageslichts zu reduzieren, das durch das<br \/>\nLeuchte so weit wie m\u00f6glich abgefangen wird. CAD-Tageslichtsimulationen verwenden<br \/>\nEs hat sich gezeigt, dass dieses Design <strong>w\u00e4hrend eines<br \/>\nvollen Tageslichtzyklus am wenigsten Licht abf\u00e4ngt<\/strong>. Auf diese Weise nutzen Sie sowohl das k\u00fcnstliche als auch das nat\u00fcrliche Licht optimal aus.<\/p>\n<h3>Intelligentes, aufr\u00fcstbares Vorschaltger\u00e4t<\/h3>\n<p>Das Vorschaltger\u00e4t des DimLux PRO ist ein <strong>intelligentes Vorschaltger\u00e4t<\/strong>, das<br \/>\n<strong>Software aufr\u00fcstbar<\/strong> und bereit f\u00fcr die neue<br \/>\ndigitale Controller-Plattform. Das macht das System zukunftssicher und einfach<br \/>\nmit neuen Funktionen und Protokollen erweitern.<\/p>\n<h2>Dimmen, Boost &amp; intelligente Steuerung<\/h2>\n<p>Die Leistung des <strong>DimLux PRO 1000W<\/strong> kann entweder manuell oder<br \/>\nbis zu <strong>115%<\/strong> der Nennleistung ferngesteuert werden.<br \/>\nMit der Dimmertaste oder \u00fcber einen externen Controller k\u00f6nnen Sie auf Folgendes zugreifen<br \/>\n<strong>Energieeinstellungen<\/strong>:<\/p>\n<ul>\n<li>500W<\/li>\n<li>600W<\/li>\n<li>700W<\/li>\n<li>800W<\/li>\n<li>900W<\/li>\n<li>1000W<\/li>\n<li>1075W<\/li>\n<li>1150W (Boost)<\/li>\n<\/ul>\n<p>Dank des <strong>vierstelligen Displays<\/strong> k\u00f6nnen Sie Status, Einstellungen und<br \/>\nalle Alarmmeldungen deutlich angezeigt werden. In Kombination mit dem<br \/>\n<strong>DimLux Maxi Controller (WiFi-Controller)<\/strong> k\u00f6nnen Sie mehrere Leuchten verwenden<br \/>\nzentrale Steuerung, temperaturbasiertes Dimmen, Einstellung von Tageskurven und der<br \/>\nKlima in Ihrem Zuchtraum noch pr\u00e4ziser zu gestalten.<\/p>\n<h2>Anwendungen des DimLux PRO 1000W Grow-Lichts<\/h2>\n<p>Der DimLux PRO 1000W 208-240V Smart IEC ist ideal geeignet f\u00fcr:<\/p>\n<ul>\n<li>Professionelle <strong>Gew\u00e4chshausbeleuchtung<\/strong> <\/li>\n<li><strong>St\u00e4dtische Landwirtschaft<\/strong> und vertikaler Anbau<\/li>\n<li>Indoor-Baumschulen und professionelle Growrooms<\/li>\n<li>Anbauzelte mit hohem Lichtbedarf<\/li>\n<li>Intensive Wachstums- und Bl\u00fchphasen von lichtliebenden Pflanzen<\/li>\n<\/ul>\n<p>Mit seinem hohen PPF-Wert, dem austauschbaren Ultra Optics-Reflektor und dem intelligenten<br \/>\nVorschaltger\u00e4t ist dieses <strong>professionelle HPS-Zuchtlicht<\/strong> die ideale Wahl f\u00fcr<br \/>\nLandwirte, die maximale Ertr\u00e4ge, Gleichm\u00e4\u00dfigkeit und Zuverl\u00e4ssigkeit verlangen.<\/p>\n<h2>Technische Daten DimLux PRO 1000W 208-240V Smart IEC<\/h2>\n<table>\n<tbody>\n<tr>\n<th>Modell<\/th>\n<td>DimLux PRO 1000W 208-240V Smart IEC<\/td>\n<\/tr>\n<tr>\n<th>Spannung<\/th>\n<td>230V (208-240V)<\/td>\n<\/tr>\n<tr>\n<th>Eingangsleistung @ 100%<\/th>\n<td>1035W<\/td>\n<\/tr>\n<tr>\n<th>Eingangsstrom @ 100%<\/th>\n<td>4,5A<\/td>\n<\/tr>\n<tr>\n<th>Eingangsleistung @ Boost<\/th>\n<td>1242W<\/td>\n<\/tr>\n<tr>\n<th>Eingangsstrom @ Boost<\/th>\n<td>5,4A<\/td>\n<\/tr>\n<tr>\n<th>Eingangsfrequenz<\/th>\n<td>50\/60 Hz<\/td>\n<\/tr>\n<tr>\n<th>Leistungsfaktor<\/th>\n<td>&gt;  0,95<\/td>\n<\/tr>\n<tr>\n<th>System PPF @ 1000W<\/th>\n<td>2016 \u00b5mol\/s<\/td>\n<\/tr>\n<tr>\n<th>System PSA @ 1000W<\/th>\n<td>1.95 \u00b5mol\/J<\/td>\n<\/tr>\n<tr>\n<th>System PPF @ 1150W<\/th>\n<td>2339 \u00b5mol\/s<\/td>\n<\/tr>\n<tr>\n<th>System PSA @ 1150W<\/th>\n<td>1.96 \u00b5mol\/J<\/td>\n<\/tr>\n<tr>\n<th>Ultrahochfrequenz (UHF)<\/th>\n<td>Ja<\/td>\n<\/tr>\n<tr>\n<th>Controller<\/th>\n<td>\u00dcber WiFi &#8211; DimLux Maxi Controller (Smart IEC)<\/td>\n<\/tr>\n<tr>\n<th>Abmessungen (L x B x H)<\/th>\n<td>538 \u00d7 248 \u00d7 115 mm (21,18 \u00d7 9,76 \u00d7 4,52 Zoll)<\/td>\n<\/tr>\n<tr>\n<th>Gewicht<\/th>\n<td>4.1 kg<\/td>\n<\/tr>\n<tr>\n<th>Stromkabel<\/th>\n<td>4 m IEC EU Stecker, 4 m IEC UK Stecker, 5 m IEC 240V USA Stecker<\/td>\n<\/tr>\n<tr>\n<th>Reflektor<\/th>\n<td>Ultra Optics Single Bounce Clear Sight &#8211; Hybrid (Standard), auswechselbar<\/td>\n<\/tr>\n<tr>\n<th>Optionen f\u00fcr den Reflektor<\/th>\n<td>Hybrid 96, Weit 98, Tief 98<\/td>\n<\/tr>\n<tr>\n<th>Material des Reflektors<\/th>\n<td>Miro 95 (99,99% Aluminium)<\/td>\n<\/tr>\n<tr>\n<th>K\u00fchlender Reflektor<\/th>\n<td>Passiv gek\u00fchlt<\/td>\n<\/tr>\n<tr>\n<th>Ballast<\/th>\n<td>Geschlossenes, vertikal montiertes, intelligentes digitales Vorschaltger\u00e4t<\/td>\n<\/tr>\n<tr>\n<th>Geo-Membran<\/th>\n<td>Ja &#8211; Druckausgleich und Kondensationsschutz<\/td>\n<\/tr>\n<tr>\n<th>Anzeige<\/th>\n<td>Vierstelliges Display mit Dimmschalter und Boost-Funktion<\/td>\n<\/tr>\n<\/tbody>\n<\/table>\n<h2>Warum sollten Sie sich f\u00fcr den DimLux PRO 1000W Smart IEC entscheiden?<\/h2>\n<p>Die DimLux PRO 1000W wurde f\u00fcr Z\u00fcchter entwickelt, die keine Kompromisse eingehen wollen<br \/>\nin Bezug auf Lichtleistung, Effizienz und Zuverl\u00e4ssigkeit. Dank der<br \/>\nmodulare Ultra Optics Reflektoren, das intelligente, versiegelte Vorschaltger\u00e4t und die Integration<br \/>\nmit der digitalen DimLux-Controller-Plattform ist diese Leuchte <strong>bereit f\u00fcr die Zukunft<\/strong>.<\/p>\n<p>In Kombination mit dem <strong>DimLux Maxi Controller<\/strong> erhalten Sie ein komplettes,<br \/>\nprofessionelles Beleuchtungssystem im Haus, mit dem Sie die Lichtintensit\u00e4t, die Tageskurven und das Klima steuern k\u00f6nnen<br \/>\nextrem pr\u00e4zise Lenkung. Dies f\u00fchrt zu gesunden Pflanzen, h\u00f6heren Ertr\u00e4gen und<br \/>\neine stabile, vorhersehbare Ernte.<\/p>\n<h2>H\u00e4ufig gestellte Fragen \u00fcber den DimLux PRO 1000W<\/h2>\n<h3>Ist das DimLux PRO 1000W f\u00fcr den professionellen Gew\u00e4chshausbau geeignet?<\/h3>\n<p>Ja, das DimLux PRO wurde speziell f\u00fcr den <strong>professionellen Gew\u00e4chshausbau<\/strong> entwickelt.<br \/>\nund intensive Zuchtumgebungen. Dank des hohen PPF, der intelligenten Steuerung und<br \/>\naustauschbare Ultra Optics-Reflektoren, die Lampe ist ideal f\u00fcr gro\u00dfe Gew\u00e4chsh\u00e4user<br \/>\nsowie professionelle G\u00e4rtnereien.<\/p>\n<h3>Kann ich den DimLux PRO 1000W ohne Maxi Controller dimmen?<\/h3>\n<p>Ja, die Leuchte verf\u00fcgt \u00fcber eine <strong>Dimmertaste<\/strong> am Ger\u00e4t selbst,<br \/>\nmit der Sie die Ausgangsleistung manuell zwischen 500W und 1150W einstellen k\u00f6nnen.<br \/>\nMit dem <strong>DimLux Maxi Controller<\/strong> erhalten Sie jedoch zus\u00e4tzliche Funktionen,<br \/>\nwie automatisches Dimmen auf Basis der Temperatur, zeitgesteuerte Kurven und<br \/>\nzentrale Steuerung von mehreren Lampen.<\/p>\n<h3>F\u00fcr welchen Anbau ist dieses HPS-Zuchtlicht am besten geeignet?<\/h3>\n<p>Die DimLux PRO 1000W ist perfekt f\u00fcr lichtliebende Pflanzen in beiden<br \/>\n<strong>Wachstums- und Bl\u00fctephasen<\/strong>, wie Obst, Gem\u00fcse und<br \/>\nZierkulturen. Dank der starken Leistung und der tiefen Lichtdurchdringung<br \/>\nDie Lampe eignet sich hervorragend f\u00fcr hohe, dichte Pflanzen und gr\u00f6\u00dfere Anbaufl\u00e4chen.<\/p>\n<\/div>\n","protected":false},"excerpt":{"rendered":"<p>Das DimLux PRO 1000W 208-240V Smart IEC ist ein hochwertiges professionelles Grow-Licht f\u00fcr ernsthafte Z\u00fcchter, Gew\u00e4chsh\u00e4user und Indoor-Zuchtumgebungen. DimLux entwickelt und produziert seit vielen Jahren professionelle Gartenbau-Beleuchtung f\u00fcr die urbane Landwirtschaft, kleine Anbaur\u00e4ume und gro\u00dfe Gew\u00e4chsh\u00e4user. Mit der Kombination aus neuester Technologie, innovativen Ultra Optics-Reflektoren und einem intelligenten digitalen Vorschaltger\u00e4t geh\u00f6rt die DimLux PRO zu den fortschrittlichsten Beleuchtungsl\u00f6sungen f\u00fcr den Gartenbau auf dem Markt.<\/p>\n","protected":false},"featured_media":43528,"template":"","meta":[],"product_brand":[1006],"product_cat":[337,497,498,978],"product_tag":[],"class_list":{"0":"post-43532","1":"product","2":"type-product","3":"status-publish","4":"has-post-thumbnail","6":"product_brand-dimlux","7":"product_cat-beleuchtung","8":"product_cat-dimlux-lampe","9":"product_cat-komplette-hps-leuchten","10":"product_cat-lighting-de","12":"first","13":"instock","14":"sale","15":"taxable","16":"shipping-taxable","17":"purchasable","18":"product-type-simple"},"_links":{"self":[{"href":"https:\/\/www.greendiscounter.com\/de\/wp-json\/wp\/v2\/product\/43532","targetHints":{"allow":["GET"]}}],"collection":[{"href":"https:\/\/www.greendiscounter.com\/de\/wp-json\/wp\/v2\/product"}],"about":[{"href":"https:\/\/www.greendiscounter.com\/de\/wp-json\/wp\/v2\/types\/product"}],"version-history":[{"count":0,"href":"https:\/\/www.greendiscounter.com\/de\/wp-json\/wp\/v2\/product\/43532\/revisions"}],"wp:featuredmedia":[{"embeddable":true,"href":"https:\/\/www.greendiscounter.com\/de\/wp-json\/wp\/v2\/media\/43528"}],"wp:attachment":[{"href":"https:\/\/www.greendiscounter.com\/de\/wp-json\/wp\/v2\/media?parent=43532"}],"wp:term":[{"taxonomy":"product_brand","embeddable":true,"href":"https:\/\/www.greendiscounter.com\/de\/wp-json\/wp\/v2\/product_brand?post=43532"},{"taxonomy":"product_cat","embeddable":true,"href":"https:\/\/www.greendiscounter.com\/de\/wp-json\/wp\/v2\/product_cat?post=43532"},{"taxonomy":"product_tag","embeddable":true,"href":"https:\/\/www.greendiscounter.com\/de\/wp-json\/wp\/v2\/product_tag?post=43532"}],"curies":[{"name":"wp","href":"https:\/\/api.w.org\/{rel}","templated":true}]}}