 {"id":43491,"date":"2025-11-28T15:55:34","date_gmt":"2025-11-28T14:55:34","guid":{"rendered":"https:\/\/www.greendiscounter.com\/product\/hy-pro-generator-pflanzenstaerkungsmittel-500ml\/"},"modified":"2025-11-28T15:55:34","modified_gmt":"2025-11-28T14:55:34","slug":"hy-pro-generator-pflanzenstaerkungsmittel-500ml","status":"publish","type":"product","link":"https:\/\/www.greendiscounter.com\/de\/hy-pro-generator-pflanzenstaerkungsmittel-500ml\/","title":{"rendered":"Hy-Pro | Generator | Pflanzenst\u00e4rkungsmittel | 500ml"},"content":{"rendered":"<h1>Hy-Pro Generator 500 ml &#8211; Vitamine auf pflanzlicher Basis f\u00fcr ein starkes und gesundes Wachstum<\/h1>\n<p><strong>Hy-Pro Generator<\/strong> ist ein hochwertiger Pflanzenzusatzstoff, der speziell entwickelt wurde, um die allgemeine Gesundheit, Widerstandsf\u00e4higkeit und Produktivit\u00e4t von Pflanzen zu verbessern. Dieses Produkt ist sowohl f\u00fcr <strong>Pflanzen im Innen- als auch im Au\u00dfenbereich<\/strong> geeignet und kann problemlos auf allen Arten von Substraten, einschlie\u00dflich Erde, Kokos und Hydrokulturen, angewendet werden.<\/p>\n<h2>Optimale Ern\u00e4hrung und nat\u00fcrlicher Schutz<\/h2>\n<p>Hy-Pro Generator versorgt Pflanzen w\u00e4hrend ihres gesamten Lebenszyklus mit essentiellen <strong>Mikron\u00e4hrstoffen, Makron\u00e4hrstoffen und Spurenelementen<\/strong>. Diese Kombination unterst\u00fctzt nicht nur ein gleichm\u00e4\u00dfiges Wachstum und eine \u00fcppige Bl\u00fcte, sondern st\u00e4rkt auch die nat\u00fcrliche Widerstandskraft gegen Stress, Krankheiten und \u00e4u\u00dfere Einfl\u00fcsse.<\/p>\n<p>Die sorgf\u00e4ltig formulierte Formel enth\u00e4lt <strong>Mangan, Zink, Bor, Kupfer und Molybd\u00e4n<\/strong> &#8211; wichtige Elemente f\u00fcr einen gesunden Stoffwechsel und maximale Ertr\u00e4ge.<\/p>\n<h2>Mehrwert von Silizium<\/h2>\n<p>Hy-Pro Generator enth\u00e4lt auch Verbindungen, die zu einem erh\u00f6hten <strong>Siliziumgehalt<\/strong> in der Pflanze beitragen. Silizium verbessert die Zellstruktur, erh\u00f6ht die Biomasse und hilft den Pflanzen, widerstandsf\u00e4higer gegen biotische und abiotische Stressfaktoren zu werden.<\/p>\n<h2>Anwendung und Dosierung<\/h2>\n<ul>\n<li>Vor Gebrauch gut sch\u00fctteln<\/li>\n<li>Wachstum: 1,5 ml pro 10 Liter Wasser<\/li>\n<li>Bl\u00fcte: 1,5 ml pro 10 Liter Wasser<\/li>\n<li>\u00dcberpr\u00fcfen Sie immer den EC- und pH-Wert<\/li>\n<\/ul>\n<p><strong>Volumen:<\/strong> 500 ml<br \/>\n<strong>Geeignet f\u00fcr:<\/strong> Alle Pflanzen, drinnen und drau\u00dfen<\/p>\n","protected":false},"excerpt":{"rendered":"<p>Hy-Pro Generator versorgt Pflanzen w\u00e4hrend ihres gesamten Lebenszyklus mit essentiellen Mikron\u00e4hrstoffen, Makron\u00e4hrstoffen und Spurenelementen. Diese Kombination unterst\u00fctzt nicht nur ein gleichm\u00e4\u00dfiges Wachstum und eine \u00fcppige Bl\u00fcte, sondern st\u00e4rkt auch die nat\u00fcrliche Widerstandskraft gegen Stress, Krankheiten und \u00e4u\u00dfere Einfl\u00fcsse.<\/p>\n","protected":false},"featured_media":43470,"template":"","meta":[],"product_brand":[1084],"product_cat":[342,344],"product_tag":[],"class_list":{"0":"post-43491","1":"product","2":"type-product","3":"status-publish","4":"has-post-thumbnail","6":"product_brand-hy-pro","7":"product_cat-hy-pro-de","8":"product_cat-pflanzennahrung","10":"first","11":"instock","12":"sale","13":"taxable","14":"shipping-taxable","15":"purchasable","16":"product-type-simple"},"_links":{"self":[{"href":"https:\/\/www.greendiscounter.com\/de\/wp-json\/wp\/v2\/product\/43491","targetHints":{"allow":["GET"]}}],"collection":[{"href":"https:\/\/www.greendiscounter.com\/de\/wp-json\/wp\/v2\/product"}],"about":[{"href":"https:\/\/www.greendiscounter.com\/de\/wp-json\/wp\/v2\/types\/product"}],"version-history":[{"count":0,"href":"https:\/\/www.greendiscounter.com\/de\/wp-json\/wp\/v2\/product\/43491\/revisions"}],"wp:featuredmedia":[{"embeddable":true,"href":"https:\/\/www.greendiscounter.com\/de\/wp-json\/wp\/v2\/media\/43470"}],"wp:attachment":[{"href":"https:\/\/www.greendiscounter.com\/de\/wp-json\/wp\/v2\/media?parent=43491"}],"wp:term":[{"taxonomy":"product_brand","embeddable":true,"href":"https:\/\/www.greendiscounter.com\/de\/wp-json\/wp\/v2\/product_brand?post=43491"},{"taxonomy":"product_cat","embeddable":true,"href":"https:\/\/www.greendiscounter.com\/de\/wp-json\/wp\/v2\/product_cat?post=43491"},{"taxonomy":"product_tag","embeddable":true,"href":"https:\/\/www.greendiscounter.com\/de\/wp-json\/wp\/v2\/product_tag?post=43491"}],"curies":[{"name":"wp","href":"https:\/\/api.w.org\/{rel}","templated":true}]}}