 {"id":43116,"date":"2025-09-22T13:48:18","date_gmt":"2025-09-22T11:48:18","guid":{"rendered":"https:\/\/www.greendiscounter.com\/product\/agra-wool-speedgrow-plug-in-tray-84-stueck-pro-tray-pro-tray\/"},"modified":"2025-09-22T13:48:18","modified_gmt":"2025-09-22T11:48:18","slug":"agra-wool-speedgrow-plug-in-tray-84-stueck-pro-tray-pro-tray","status":"publish","type":"product","link":"https:\/\/www.greendiscounter.com\/de\/agra-wool-speedgrow-plug-in-tray-84-stueck-pro-tray-pro-tray\/","title":{"rendered":"Agra Wool | Speedgrow | Plug in Tray | 84 St\u00fcck pro Tray | Pro Tray"},"content":{"rendered":"<section class=\"product-description\">\n<h1>Agra Wool Speedgrow Plug Tray &#8211; 84 Schachteln | \u00d838x40mm<\/h1>\n<p>Die <strong>Agra Wool Speedgrow Steckschale<\/strong> mit <strong>84 Steckern<\/strong> ist die ideale L\u00f6sung f\u00fcr die professionelle Keimung und Stecklinge von Samen und Jungpflanzen. Hergestellt aus 100% <strong>Earthwool\u00ae<\/strong> &#8211; einem nachhaltigen und umweltfreundlichen Material auf der Basis von <strong>Basalt (verfestigte Lava<\/strong> ) &#8211; bietet dieses Tablett einen gesunden und sicheren Start f\u00fcr Ihre Pflanzen.<\/p>\n<h2>Warum Speedgrow Stecklinge w\u00e4hlen?<\/h2>\n<p>Speedgrow-Pfropfen werden mit <strong>Ecose\u00ae<\/strong>, einem organischen und formaldehydfreien Bindemittel, hergestellt. Dies gew\u00e4hrleistet eine nat\u00fcrliche Zusammensetzung und verhindert eine Kontamination durch Krankheiten oder Pilze. Dank der <strong>sehr offenen Struktur<\/strong> der Pfropfen gibt es ein optimales Luft- und Wassermanagement, was zu einer <strong>besseren Bewurzelung<\/strong> und <strong>schnelleren Wachstumsleistung<\/strong> f\u00fchrt.<\/p>\n<h3>Wichtigste Vorteile<\/h3>\n<ul>\n<li>Ganz nat\u00fcrliches Produkt von <strong>Earthwool\u00ae.<\/strong><\/li>\n<li>Organisches und umweltfreundliches Bindemittel (Ecose\u00ae)<\/li>\n<li>Ausgezeichnete Bewurzelung und Luftzirkulation<\/li>\n<li>Optimale Wachstumsleistung und gesunde Pflanzenentwicklung<\/li>\n<li>Keine Hautreizung bei der Anwendung<\/li>\n<li>Kein Risiko von Krankheiten oder Schimmelpilzen von au\u00dfen<\/li>\n<\/ul>\n<h3>Spezifikationen<\/h3>\n<ul>\n<li><strong>Material:<\/strong> Earthwool\u00ae (Basalt)<\/li>\n<li><strong>Durchmesser pro Stecker:<\/strong> \u00d8 38 mm<\/li>\n<li><strong>H\u00f6he pro Stecker:<\/strong> 40 mm<\/li>\n<li><strong>Anzahl pro Tablett:<\/strong> 84 St\u00fcck<\/li>\n<\/ul>\n<h3>Benutzerhandbuch<\/h3>\n<p>Die Speedgrow-Stecker sind <strong>sehr benutzerfreundlich<\/strong>. Vor dem Gebrauch brauchen Sie die Stecker nur mit sauberem Leitungswasser anzufeuchten. Dank der in der Ecose\u00ae-Bindung enthaltenen N\u00e4hrstoffe haben die jungen Pflanzen in der ersten Woche gen\u00fcgend N\u00e4hrstoffe, um einen guten Start hinzulegen.<\/p>\n<h3>\u00dcber Agra-Wolle<\/h3>\n<p><strong>Agra-Wool International<\/strong> ist auf die Entwicklung und Herstellung von <strong>Earthwool\u00ae-Produkten<\/strong> spezialisiert. Mit jahrelanger Erfahrung im Agrarsektor liefert Agra-Wool innovative und nachhaltige Substrate f\u00fcr den professionellen Gartenbau, G\u00e4rtner und Anbauer weltweit.<\/p>\n<\/section>\n","protected":false},"excerpt":{"rendered":"<p>Die Agra Wool Speedgrow Steckschale mit 84 Steckern ist die ideale L\u00f6sung f\u00fcr die professionelle Keimung und Stecklinge von Samen und Jungpflanzen. Hergestellt aus 100% Earthwool\u00ae &#8211; einem nachhaltigen und umweltfreundlichen Material auf der Basis von Basalt (verfestigte Lava) &#8211; bietet dieses Tablett einen gesunden und sicheren Start f\u00fcr Ihre Pflanzen.<\/p>\n","protected":false},"featured_media":43106,"template":"","meta":[],"product_brand":[1065],"product_cat":[454,363],"product_tag":[],"class_list":{"0":"post-43116","1":"product","2":"type-product","3":"status-publish","4":"has-post-thumbnail","6":"product_brand-agra-wool","7":"product_cat-start-stecklingsblocke","8":"product_cat-wachstumsmedien","10":"first","11":"instock","12":"taxable","13":"shipping-taxable","14":"purchasable","15":"product-type-simple"},"_links":{"self":[{"href":"https:\/\/www.greendiscounter.com\/de\/wp-json\/wp\/v2\/product\/43116","targetHints":{"allow":["GET"]}}],"collection":[{"href":"https:\/\/www.greendiscounter.com\/de\/wp-json\/wp\/v2\/product"}],"about":[{"href":"https:\/\/www.greendiscounter.com\/de\/wp-json\/wp\/v2\/types\/product"}],"version-history":[{"count":0,"href":"https:\/\/www.greendiscounter.com\/de\/wp-json\/wp\/v2\/product\/43116\/revisions"}],"wp:featuredmedia":[{"embeddable":true,"href":"https:\/\/www.greendiscounter.com\/de\/wp-json\/wp\/v2\/media\/43106"}],"wp:attachment":[{"href":"https:\/\/www.greendiscounter.com\/de\/wp-json\/wp\/v2\/media?parent=43116"}],"wp:term":[{"taxonomy":"product_brand","embeddable":true,"href":"https:\/\/www.greendiscounter.com\/de\/wp-json\/wp\/v2\/product_brand?post=43116"},{"taxonomy":"product_cat","embeddable":true,"href":"https:\/\/www.greendiscounter.com\/de\/wp-json\/wp\/v2\/product_cat?post=43116"},{"taxonomy":"product_tag","embeddable":true,"href":"https:\/\/www.greendiscounter.com\/de\/wp-json\/wp\/v2\/product_tag?post=43116"}],"curies":[{"name":"wp","href":"https:\/\/api.w.org\/{rel}","templated":true}]}}