 {"id":43112,"date":"2025-09-22T13:48:38","date_gmt":"2025-09-22T11:48:38","guid":{"rendered":"https:\/\/www.greendiscounter.com\/product\/agra-wool-speedgrow-plug-in-tray-126-stueck-pro-tray-pro-tray\/"},"modified":"2025-09-22T13:48:38","modified_gmt":"2025-09-22T11:48:38","slug":"agra-wool-speedgrow-plug-in-tray-126-stueck-pro-tray-pro-tray","status":"publish","type":"product","link":"https:\/\/www.greendiscounter.com\/de\/agra-wool-speedgrow-plug-in-tray-126-stueck-pro-tray-pro-tray\/","title":{"rendered":"Agra Wool | Speedgrow | Plug in Tray | 126 St\u00fcck pro Tray | Pro Tray"},"content":{"rendered":"<section class=\"product-description\">\n<h1>Agra Wool Speedgrow Plug Tray &#8211; 126 Schachteln | \u00d826x40mm<\/h1>\n<p>Die <strong>Agra Wool Speedgrow Steckschale<\/strong> mit <strong>126 Steckern<\/strong> ist die perfekte Wahl f\u00fcr das Keimen und Schneiden von Samen und Jungpflanzen. Diese Pfropfen sind aus 100% <strong>Earthwool\u00ae<\/strong>, einem nat\u00fcrlichen und nachhaltigen Substrat aus <strong>Basalt<\/strong> (verfestigte Lava), hergestellt. Durch die Verwendung neuer Rohstoffe und eines <strong>formaldehydfreien Bindemittels (Ecose\u00ae<\/strong> ) sind diese Schneidestopfen frei von Verunreinigungen durch Krankheiten oder Pilze und v\u00f6llig sicher in der Anwendung.<\/p>\n<h2>Warum sollten Sie sich f\u00fcr 126 Quadratmeter gro\u00dfe Speedgrow-Pflanzen entscheiden?<\/h2>\n<p>Durch ihre <strong>sehr offene Faserstruktur<\/strong> bieten diese Pfropfen eine hervorragende Sauerstoff- und Wasserdurchl\u00e4ssigkeit. Dies f\u00f6rdert die <strong>Bewurzelung<\/strong> und unterst\u00fctzt ein kr\u00e4ftiges, gesundes Wachstum Ihrer Pflanzen. Die Gr\u00f6\u00dfe von \u00d826x40mm macht diese Schalen ideal f\u00fcr kleinere Samen und Stecklinge, wenn Sie mehr Stecklinge pro Schale ben\u00f6tigen.<\/p>\n<h3>Wichtigste Vorteile<\/h3>\n<ul>\n<li>Ganz nat\u00fcrliches Produkt von <strong>Earthwool\u00ae.<\/strong><\/li>\n<li>Organisches und umweltfreundliches Bindemittel (Ecose\u00ae)<\/li>\n<li>Bessere Verwurzelung dank der offenen Struktur<\/li>\n<li>Nachhaltiges und erneuerbares Material<\/li>\n<li>Optimale Wachstumsleistung und gesunde Entwicklung<\/li>\n<li>Keine Hautreizung und sauber in der Anwendung<\/li>\n<li>Keine Gefahr von Krankheiten oder Schimmel von au\u00dfen<\/li>\n<\/ul>\n<h3>Spezifikationen<\/h3>\n<ul>\n<li><strong>Material:<\/strong> Earthwool\u00ae (Basalt)<\/li>\n<li><strong>Durchmesser pro Stecker:<\/strong> \u00d8 26 mm<\/li>\n<li><strong>H\u00f6he pro Stecker:<\/strong> 40 mm<\/li>\n<li><strong>Anzahl pro Tablett:<\/strong> 126 St\u00fcck<\/li>\n<\/ul>\n<h3>Benutzerhandbuch<\/h3>\n<p>Befeuchten Sie die Stopfen vor dem Gebrauch leicht mit sauberem Leitungswasser. Dank der Ecose\u00ae-Bindung <strong>sind in der ersten Woche ausreichend N\u00e4hrstoffe vorhanden<\/strong>, so dass die jungen Pflanzen sofort einen gesunden Start haben.<\/p>\n<h3>\u00dcber Agra-Wolle<\/h3>\n<p><strong>Agra-Wool International<\/strong> entwickelt und produziert innovative <strong>Earthwool\u00ae-Produkte<\/strong> f\u00fcr den professionellen Gartenbau. Ihre Produkte werden weltweit von G\u00e4rtnereien, G\u00e4rtnern und Gartencentern aufgrund ihrer Langlebigkeit, ihrer einfachen Anwendung und ihrer hervorragenden Anbauergebnisse verwendet.<\/p>\n<\/section>\n","protected":false},"excerpt":{"rendered":"<p>Die Agra Wool Speedgrow Steckschale mit 126 Steckern ist die perfekte Wahl f\u00fcr das Keimen und Schneiden von Samen und Jungpflanzen. Diese Pfropfen sind aus 100% Earthwool\u00ae, einem nat\u00fcrlichen und nachhaltigen Substrat aus Basalt (verfestigte Lava), hergestellt. Durch die Verwendung neuer Rohstoffe und eines formaldehydfreien Bindemittels (Ecose\u00ae) sind diese Schneidestopfen frei von Verunreinigungen durch Krankheiten oder Pilze und v\u00f6llig sicher in der Anwendung.<\/p>\n","protected":false},"featured_media":43102,"template":"","meta":[],"product_brand":[1065],"product_cat":[454,363],"product_tag":[],"class_list":{"0":"post-43112","1":"product","2":"type-product","3":"status-publish","4":"has-post-thumbnail","6":"product_brand-agra-wool","7":"product_cat-start-stecklingsblocke","8":"product_cat-wachstumsmedien","10":"first","11":"instock","12":"taxable","13":"shipping-taxable","14":"purchasable","15":"product-type-simple"},"_links":{"self":[{"href":"https:\/\/www.greendiscounter.com\/de\/wp-json\/wp\/v2\/product\/43112","targetHints":{"allow":["GET"]}}],"collection":[{"href":"https:\/\/www.greendiscounter.com\/de\/wp-json\/wp\/v2\/product"}],"about":[{"href":"https:\/\/www.greendiscounter.com\/de\/wp-json\/wp\/v2\/types\/product"}],"version-history":[{"count":0,"href":"https:\/\/www.greendiscounter.com\/de\/wp-json\/wp\/v2\/product\/43112\/revisions"}],"wp:featuredmedia":[{"embeddable":true,"href":"https:\/\/www.greendiscounter.com\/de\/wp-json\/wp\/v2\/media\/43102"}],"wp:attachment":[{"href":"https:\/\/www.greendiscounter.com\/de\/wp-json\/wp\/v2\/media?parent=43112"}],"wp:term":[{"taxonomy":"product_brand","embeddable":true,"href":"https:\/\/www.greendiscounter.com\/de\/wp-json\/wp\/v2\/product_brand?post=43112"},{"taxonomy":"product_cat","embeddable":true,"href":"https:\/\/www.greendiscounter.com\/de\/wp-json\/wp\/v2\/product_cat?post=43112"},{"taxonomy":"product_tag","embeddable":true,"href":"https:\/\/www.greendiscounter.com\/de\/wp-json\/wp\/v2\/product_tag?post=43112"}],"curies":[{"name":"wp","href":"https:\/\/api.w.org\/{rel}","templated":true}]}}