 {"id":43111,"date":"2025-09-22T14:03:37","date_gmt":"2025-09-22T12:03:37","guid":{"rendered":"https:\/\/www.greendiscounter.com\/product\/agra-wool-speedgrow-plug-in-tray-126-stueck-pro-tray-pro-box\/"},"modified":"2025-09-22T14:03:37","modified_gmt":"2025-09-22T12:03:37","slug":"agra-wool-speedgrow-plug-in-tray-126-stueck-pro-tray-pro-box","status":"publish","type":"product","link":"https:\/\/www.greendiscounter.com\/de\/agra-wool-speedgrow-plug-in-tray-126-stueck-pro-tray-pro-box\/","title":{"rendered":"Agra Wool | Speedgrow | Plug in Tray | 126 St\u00fcck pro Tray | Pro Box"},"content":{"rendered":"<section class=\"product-description\">\n<h1>Agra Wool Speedgrow Pfropfen &#8211; Box mit 11 Tabletts (1386 St\u00fcck)<\/h1>\n<p>F\u00fcr den professionellen Z\u00fcchter gibt es jetzt die <strong>komplette Box mit Agra Wool Speedgrow Stecklingen<\/strong>. Diese Packung enth\u00e4lt <strong>11 Trays<\/strong> mit insgesamt <strong>1386 D\u00fcbeln<\/strong> von \u00d826x40mm. Perfekt f\u00fcr die gro\u00dffl\u00e4chige Vermehrung und einen einheitlichen Start Ihrer Pflanzen.<\/p>\n<h2>Professioneller Anbau mit maximaler Effizienz<\/h2>\n<p>Jeder Pfropfen besteht aus 100% <strong>Earthwool\u00ae<\/strong>, das aus <strong>Basalt<\/strong> hergestellt und mit dem <strong>umweltfreundlichen Ecose\u00ae Bindemittel<\/strong> gebunden wird. Das Ergebnis ist ein sauberes und sicheres Produkt, das frei von Pilzen und Keimen ist und ein best\u00e4ndiges und gesundes Wachstum f\u00f6rdert.<\/p>\n<h3>Vorteile der Kartonverpackung<\/h3>\n<ul>\n<li>Gro\u00dfer Vorrat: 1386 D\u00fcbel in einer Bestellung<\/li>\n<li>Effizientes Arbeiten, da immer gen\u00fcgend Stecker vorr\u00e4tig sind<\/li>\n<li>Perfekt f\u00fcr professionelle G\u00e4rtner und Gartencenter<\/li>\n<li>Niedrigere Kosten pro Stecker durch Gro\u00dfverpackung<\/li>\n<\/ul>\n<h3>Spezifikationen pro Box<\/h3>\n<ul>\n<li><strong>Anzahl der Tabletts pro Box:<\/strong> 11<\/li>\n<li><strong>Anzahl von Steckern pro Fach:<\/strong> 126<\/li>\n<li><strong>Gesamtzahl der Stecker:<\/strong> 1386<\/li>\n<li><strong>Material:<\/strong> Earthwool\u00ae (Basalt)<\/li>\n<li><strong>Durchmesser pro Stecker:<\/strong> \u00d8 26 mm<\/li>\n<li><strong>H\u00f6he pro Stecker:<\/strong> 40 mm<\/li>\n<\/ul>\n<h3>Verwendung und Tipps<\/h3>\n<p>Befeuchten Sie die Stopfen vor der Verwendung mit Leitungswasser. Die <strong>N\u00e4hrstoffreserven in der Ecose\u00ae-Bindung<\/strong> erm\u00f6glichen es den jungen Pflanzen, sofort Wurzeln zu schlagen und zu wachsen, ohne dass sie in der ersten Woche zus\u00e4tzlich gef\u00fcttert werden m\u00fcssen.<\/p>\n<h3>Agra-Wool &#8211; Innovation und Nachhaltigkeit<\/h3>\n<p>Als Pionier auf dem Gebiet der umweltfreundlichen Kultursubstrate liefert <strong>Agra-Wool International<\/strong> hochwertige <strong>Earthwool\u00ae-Produkte<\/strong> an den Agrarsektor weltweit. Ihre L\u00f6sungen kombinieren Nachhaltigkeit mit optimalen Anbauergebnissen.<\/p>\n<\/section>\n","protected":false},"excerpt":{"rendered":"<p>F\u00fcr den professionellen Z\u00fcchter gibt es jetzt die komplette Box mit Agra Wool Speedgrow Stecklingen. Diese Packung enth\u00e4lt 11 Trays mit insgesamt 1386 D\u00fcbeln von \u00d826x40mm. Perfekt f\u00fcr die gro\u00dffl\u00e4chige Vermehrung und einen einheitlichen Start Ihrer Pflanzen. Professioneller Anbau mit maximaler Effizienz! Jeder Pfropfen besteht aus 100% Earthwool\u00ae, das aus Basalt hergestellt und mit dem umweltfreundlichen Ecose\u00ae Bindemittel gebunden wird. Das Ergebnis ist ein sauberes und sicheres Produkt, das frei von Pilzen und Keimen ist und ein best\u00e4ndiges und gesundes Wachstum f\u00f6rdert.<\/p>\n<h3><\/h3>\n","protected":false},"featured_media":43102,"template":"","meta":[],"product_brand":[1065],"product_cat":[454,363],"product_tag":[],"class_list":{"0":"post-43111","1":"product","2":"type-product","3":"status-publish","4":"has-post-thumbnail","6":"product_brand-agra-wool","7":"product_cat-start-stecklingsblocke","8":"product_cat-wachstumsmedien","10":"first","11":"instock","12":"taxable","13":"shipping-taxable","14":"purchasable","15":"product-type-simple"},"_links":{"self":[{"href":"https:\/\/www.greendiscounter.com\/de\/wp-json\/wp\/v2\/product\/43111","targetHints":{"allow":["GET"]}}],"collection":[{"href":"https:\/\/www.greendiscounter.com\/de\/wp-json\/wp\/v2\/product"}],"about":[{"href":"https:\/\/www.greendiscounter.com\/de\/wp-json\/wp\/v2\/types\/product"}],"version-history":[{"count":0,"href":"https:\/\/www.greendiscounter.com\/de\/wp-json\/wp\/v2\/product\/43111\/revisions"}],"wp:featuredmedia":[{"embeddable":true,"href":"https:\/\/www.greendiscounter.com\/de\/wp-json\/wp\/v2\/media\/43102"}],"wp:attachment":[{"href":"https:\/\/www.greendiscounter.com\/de\/wp-json\/wp\/v2\/media?parent=43111"}],"wp:term":[{"taxonomy":"product_brand","embeddable":true,"href":"https:\/\/www.greendiscounter.com\/de\/wp-json\/wp\/v2\/product_brand?post=43111"},{"taxonomy":"product_cat","embeddable":true,"href":"https:\/\/www.greendiscounter.com\/de\/wp-json\/wp\/v2\/product_cat?post=43111"},{"taxonomy":"product_tag","embeddable":true,"href":"https:\/\/www.greendiscounter.com\/de\/wp-json\/wp\/v2\/product_tag?post=43111"}],"curies":[{"name":"wp","href":"https:\/\/api.w.org\/{rel}","templated":true}]}}