 {"id":43108,"date":"2025-09-22T14:08:03","date_gmt":"2025-09-22T12:08:03","guid":{"rendered":"https:\/\/www.greendiscounter.com\/product\/agra-wool-speedgrow-plug-in-tray-84-stueck-pro-tray-pro-box\/"},"modified":"2025-09-22T14:08:03","modified_gmt":"2025-09-22T12:08:03","slug":"agra-wool-speedgrow-plug-in-tray-84-stueck-pro-tray-pro-box","status":"publish","type":"product","link":"https:\/\/www.greendiscounter.com\/de\/agra-wool-speedgrow-plug-in-tray-84-stueck-pro-tray-pro-box\/","title":{"rendered":"Agra Wool | Speedgrow | Plug in Tray | 84 St\u00fcck pro Tray | Pro Box"},"content":{"rendered":"<section class=\"product-description\">\n<h1>Agra Wool Speedgrow Pfropfen &#8211; Box mit 11 Tabletts (924 St\u00fcck)<\/h1>\n<p>Bestellen Sie jetzt eine <strong>ganze Kiste Agra Wool Speedgrow-Stecklinge<\/strong> und profitieren Sie von <strong>11 Trays<\/strong> mit insgesamt <strong>924 Stecklingsstecklingen<\/strong>. Perfekt f\u00fcr Z\u00fcchter, die in gr\u00f6\u00dferem Umfang arbeiten und eine gleichbleibend hohe Qualit\u00e4t f\u00fcr ihre Jungpflanzen erwarten.<\/p>\n<h2>Professionelle Qualit\u00e4t f\u00fcr Gro\u00dfz\u00fcchter<\/h2>\n<p><strong>Speedgrow Stecklinge<\/strong> bestehen aus 100% <strong>Earthwool\u00ae<\/strong>, hergestellt aus <strong>Basalt<\/strong> (verfestigte Lava) und gebunden mit <strong>Ecose\u00ae<\/strong>, einem organischen und formaldehydfreien Bindemittel. Dadurch sind die Stopfen nicht nur langlebig und umweltfreundlich, sondern auch frei von Schimmel und Krankheitserregern.<\/p>\n<h3>Vorteile einer vollen Box<\/h3>\n<ul>\n<li>Gro\u00dfer Vorrat: 924 D\u00fcbel in einer Bestellung<\/li>\n<li>Ideal f\u00fcr Baumschulen und professionelle Z\u00fcchter<\/li>\n<li>Konsistente Qualit\u00e4t f\u00fcr Ihren gesamten Pflanzbedarf<\/li>\n<li>Kosten- und Zeitersparnis bei gro\u00dfen Projekten<\/li>\n<\/ul>\n<h3>Spezifikationen pro Box<\/h3>\n<ul>\n<li><strong>Anzahl der Tabletts pro Box:<\/strong> 11<\/li>\n<li><strong>Anzahl von Steckern pro Fach:<\/strong> 84 St\u00fcck<\/li>\n<li><strong>Gesamtzahl der Stecker:<\/strong> 924<\/li>\n<li><strong>Material:<\/strong> Earthwool\u00ae (Basalt)<\/li>\n<li><strong>Durchmesser pro Stecker:<\/strong> \u00d8 38 mm<\/li>\n<li><strong>H\u00f6he pro Stecker:<\/strong> 40 mm<\/li>\n<\/ul>\n<h3>Verwendung und Tipps<\/h3>\n<p>Befeuchten Sie die Stopfen vor dem Gebrauch leicht mit Leitungswasser. Die in der Ecose\u00ae-Bindung enthaltenen N\u00e4hrstoffe sorgen daf\u00fcr, dass die jungen Pflanzen bereits in der ersten Woche gut Wurzeln schlagen k\u00f6nnen. Damit ist diese Box ideal f\u00fcr die <strong>professionelle Vermehrung<\/strong> und den gro\u00dffl\u00e4chigen Anbau.<\/p>\n<h3>Agra-Wool &#8211; Innovation im Gartenbau<\/h3>\n<p><strong>Agra-Wool International<\/strong> liefert weltweit nachhaltige und innovative Produkte f\u00fcr den Agrarsektor. Dank ihrer einzigartigen <strong>Earthwool\u00ae-Technologie<\/strong> bieten sie umweltfreundliche Alternativen zu herk\u00f6mmlicher Steinwolle, wobei der Schwerpunkt auf Gesundheit, Nachhaltigkeit und Spitzenleistung liegt.<\/p>\n<\/section>\n","protected":false},"excerpt":{"rendered":"<p>Speedgrow Stecklinge bestehen aus 100% Earthwool\u00ae, hergestellt aus Basalt (verfestigte Lava) und gebunden mit Ecose\u00ae, einem organischen und formaldehydfreien Bindemittel. Dadurch sind die Stopfen nicht nur langlebig und umweltfreundlich, sondern auch frei von Schimmel und Krankheitserregern.<\/p>\n","protected":false},"featured_media":43106,"template":"","meta":[],"product_brand":[1065],"product_cat":[454,363],"product_tag":[],"class_list":{"0":"post-43108","1":"product","2":"type-product","3":"status-publish","4":"has-post-thumbnail","6":"product_brand-agra-wool","7":"product_cat-start-stecklingsblocke","8":"product_cat-wachstumsmedien","10":"first","11":"instock","12":"taxable","13":"shipping-taxable","14":"purchasable","15":"product-type-simple"},"_links":{"self":[{"href":"https:\/\/www.greendiscounter.com\/de\/wp-json\/wp\/v2\/product\/43108","targetHints":{"allow":["GET"]}}],"collection":[{"href":"https:\/\/www.greendiscounter.com\/de\/wp-json\/wp\/v2\/product"}],"about":[{"href":"https:\/\/www.greendiscounter.com\/de\/wp-json\/wp\/v2\/types\/product"}],"version-history":[{"count":0,"href":"https:\/\/www.greendiscounter.com\/de\/wp-json\/wp\/v2\/product\/43108\/revisions"}],"wp:featuredmedia":[{"embeddable":true,"href":"https:\/\/www.greendiscounter.com\/de\/wp-json\/wp\/v2\/media\/43106"}],"wp:attachment":[{"href":"https:\/\/www.greendiscounter.com\/de\/wp-json\/wp\/v2\/media?parent=43108"}],"wp:term":[{"taxonomy":"product_brand","embeddable":true,"href":"https:\/\/www.greendiscounter.com\/de\/wp-json\/wp\/v2\/product_brand?post=43108"},{"taxonomy":"product_cat","embeddable":true,"href":"https:\/\/www.greendiscounter.com\/de\/wp-json\/wp\/v2\/product_cat?post=43108"},{"taxonomy":"product_tag","embeddable":true,"href":"https:\/\/www.greendiscounter.com\/de\/wp-json\/wp\/v2\/product_tag?post=43108"}],"curies":[{"name":"wp","href":"https:\/\/api.w.org\/{rel}","templated":true}]}}