 {"id":43035,"date":"2025-09-02T21:18:31","date_gmt":"2025-09-02T19:18:31","guid":{"rendered":"https:\/\/www.greendiscounter.com\/product\/plagron-supermix-10-liter\/"},"modified":"2025-09-02T21:18:31","modified_gmt":"2025-09-02T19:18:31","slug":"plagron-supermix-10-liter","status":"publish","type":"product","link":"https:\/\/www.greendiscounter.com\/de\/plagron-supermix-10-liter\/","title":{"rendered":"Plagron | Supermix | 10 Liter"},"content":{"rendered":"<div class=\"product-description\">\n<h1>Supermix &#8211; Vollst\u00e4ndiger nat\u00fcrlicher D\u00fcnger f\u00fcr ein reiches Bodenleben<\/h1>\n<p><strong>Supermix<\/strong> ist ein einzigartiger, 100% nat\u00fcrlicher D\u00fcnger, der speziell entwickelt wurde, um das <em>Bodenleben<\/em> zu stimulieren und die Widerstandsf\u00e4higkeit der Pflanzen zu erh\u00f6hen. Dieser organische Volld\u00fcnger enth\u00e4lt eine ausgewogene Mischung aus <strong>Mineralien, Spurenelementen, Wurmhumus und Seevogel-Guano<\/strong>. So erhalten Ihre Pflanzen die beste Grundlage f\u00fcr gesundes Wachstum, reiche Bl\u00fcte und optimale Entwicklung. Supermix ist auch <strong>CU-zertifiziert<\/strong> und daher f\u00fcr den \u00f6kologischen Anbau geeignet.<\/p>\n<h2>Vorteile von Supermix<\/h2>\n<ul>\n<li>Enth\u00e4lt D\u00fcngemittel im idealen Verh\u00e4ltnis f\u00fcr ein gesundes Pflanzenwachstum.<\/li>\n<li>Stimuliert das Bodenleben und verbessert die Bodenstruktur.<\/li>\n<li>Erh\u00f6ht die nat\u00fcrliche Resistenz der Pflanzen gegen Krankheiten und Sch\u00e4dlinge.<\/li>\n<li>Geeignet f\u00fcr den <strong>\u00f6kologischen Anbau<\/strong> (CU-zertifiziert).<\/li>\n<li>Lang anhaltende Wirkung dank organischer und nat\u00fcrlicher Inhaltsstoffe.<\/li>\n<\/ul>\n<h2>Dosierung und Anwendung<\/h2>\n<p>F\u00fcr optimale Ergebnisse ist es wichtig, Supermix in der richtigen Dosierung zu verwenden:<\/p>\n<ul>\n<li><strong>Voller Boden:<\/strong> 1 Liter Supermix pro 10 &#8211; 20 m\u00b2.<\/li>\n<li><strong>Blumenerde:<\/strong> 25 &#8211; 50 Liter Supermix pro 1.000 Liter Blumenerde.<\/li>\n<\/ul>\n<p>Supermix ist einfach in der Anwendung und kann direkt zu Torfsubstraten hinzugef\u00fcgt werden.<\/p>\n<h2>Eigenschaften<\/h2>\n<ul>\n<li>Bestandteile: Mineralien, Spurenelemente, Wurmhumus und Seevogel-Guano.<\/li>\n<li>Typ: NPK-D\u00fcnger (1-2-0).<\/li>\n<li>Verpackung: 10 Liter.<\/li>\n<\/ul>\n<h2>H\u00e4ufig gestellte Fragen \u00fcber Supermix<\/h2>\n<h3>Kann ich Supermix zu Cocos Premium oder anderen hydrologischen Substraten hinzuf\u00fcgen?<\/h3>\n<p>Nein, Supermix ist nur f\u00fcr die Verwendung mit <strong>Torfsubstraten<\/strong> geeignet.<\/p>\n<h3>Kann ich Supermix mit Plagron Allmix, Royalmix oder Batmix verwenden?<\/h3>\n<p>Ja, Supermix kann verwendet werden, um Torfsubstrate weiter anzureichern. Denken Sie daran, dass<br \/>\ndiese Substrate sind bereits vorged\u00fcngt. Daher brauchen Sie f\u00fcr die erste Kultur normalerweise keinen zus\u00e4tzlichen Supermix hinzuzuf\u00fcgen.<\/p>\n<h3>Kann ich Supermix mit Mega Worm und Bat Guano kombinieren?<\/h3>\n<p>Auf jeden Fall. <strong>Mega Worm<\/strong> stimuliert das Bodenleben noch weiter, w\u00e4hrend<br \/>\n<strong>Fledermaus-Guano<\/strong> liefert zus\u00e4tzliche N\u00e4hrstoffe. Optimieren Sie in Kombination mit Supermix<br \/>\nSie die Entwicklung der Pflanze. Ziehen Sie auch <strong>Calcium Kick<\/strong> in Betracht, um den pH-Wert Ihres Bodens zu verbessern.<br \/>\nbis zum Standard.<\/p>\n<h2>Warum Supermix w\u00e4hlen?<\/h2>\n<p>Aufgrund seiner nat\u00fcrlichen Zusammensetzung ist Supermix nicht nur sicher f\u00fcr Menschen, Tiere und die Umwelt, sondern auch \u00e4u\u00dferst wirksam. Das Produkt liefert langfristige N\u00e4hrstoffe, stimuliert die mikrobielle Aktivit\u00e4t im Boden und tr\u00e4gt zu einem gesunden \u00d6kosystem bei. Perfekt f\u00fcr den Bio-G\u00e4rtner, der das Beste f\u00fcr seine Pflanzen und seinen Boden will.<\/p>\n<h2>Supermix bei GreenDiscounter bestellen<\/h2>\n<p>M\u00f6chten Sie Ihren Pflanzen den besten Start mit einem <strong>nachhaltigen, organischen D\u00fcnger<\/strong> erm\u00f6glichen?<br \/>\nDann bestellen Sie jetzt Supermix bei GreenDiscounter und profitieren Sie von einem reichen Bodenleben, gesunden Pflanzen und<br \/>\neine reiche Ernte.<\/p>\n<\/div>\n","protected":false},"excerpt":{"rendered":"<p>Supermix ist ein einzigartiger, 100% nat\u00fcrlicher D\u00fcnger, der speziell entwickelt wurde, um das Bodenleben zu stimulieren und die Widerstandsf\u00e4higkeit der Pflanzen zu erh\u00f6hen. Dieser organische Volld\u00fcnger enth\u00e4lt eine ausgewogene Mischung aus Mineralien, Spurenelementen, Wurmhumus und Seevogel-Guano. So erhalten Ihre Pflanzen die beste Grundlage f\u00fcr gesundes Wachstum, reiche Bl\u00fcte und optimale Entwicklung. Supermix ist auch CU-zertifiziert und daher f\u00fcr den \u00f6kologischen Anbau geeignet.<\/p>\n<h2><\/h2>\n","protected":false},"featured_media":42934,"template":"","meta":[],"product_brand":[1051],"product_cat":[324,363],"product_tag":[],"class_list":{"0":"post-43035","1":"product","2":"type-product","3":"status-publish","4":"has-post-thumbnail","6":"product_brand-plagron","7":"product_cat-aarde-cocos-de","8":"product_cat-wachstumsmedien","10":"first","11":"instock","12":"taxable","13":"shipping-taxable","14":"purchasable","15":"product-type-simple"},"_links":{"self":[{"href":"https:\/\/www.greendiscounter.com\/de\/wp-json\/wp\/v2\/product\/43035","targetHints":{"allow":["GET"]}}],"collection":[{"href":"https:\/\/www.greendiscounter.com\/de\/wp-json\/wp\/v2\/product"}],"about":[{"href":"https:\/\/www.greendiscounter.com\/de\/wp-json\/wp\/v2\/types\/product"}],"version-history":[{"count":0,"href":"https:\/\/www.greendiscounter.com\/de\/wp-json\/wp\/v2\/product\/43035\/revisions"}],"wp:featuredmedia":[{"embeddable":true,"href":"https:\/\/www.greendiscounter.com\/de\/wp-json\/wp\/v2\/media\/42934"}],"wp:attachment":[{"href":"https:\/\/www.greendiscounter.com\/de\/wp-json\/wp\/v2\/media?parent=43035"}],"wp:term":[{"taxonomy":"product_brand","embeddable":true,"href":"https:\/\/www.greendiscounter.com\/de\/wp-json\/wp\/v2\/product_brand?post=43035"},{"taxonomy":"product_cat","embeddable":true,"href":"https:\/\/www.greendiscounter.com\/de\/wp-json\/wp\/v2\/product_cat?post=43035"},{"taxonomy":"product_tag","embeddable":true,"href":"https:\/\/www.greendiscounter.com\/de\/wp-json\/wp\/v2\/product_tag?post=43035"}],"curies":[{"name":"wp","href":"https:\/\/api.w.org\/{rel}","templated":true}]}}