 {"id":43034,"date":"2025-09-02T21:49:03","date_gmt":"2025-09-02T19:49:03","guid":{"rendered":"https:\/\/www.greendiscounter.com\/product\/plagron-fledermaus-guano-bodenverbesserer-10-liter\/"},"modified":"2025-09-09T10:11:54","modified_gmt":"2025-09-09T08:11:54","slug":"plagron-fledermaus-guano-bodenverbesserer-10-liter","status":"publish","type":"product","link":"https:\/\/www.greendiscounter.com\/de\/plagron-fledermaus-guano-bodenverbesserer-10-liter\/","title":{"rendered":"Plagron | Fledermaus-Guano | Bodenverbesserer | 10 Liter"},"content":{"rendered":"<div class=\"product-description\">\n<h1>Fledermaus-Guano &#8211; Nat\u00fcrlicher D\u00fcnger f\u00fcr den besten Geruch und Geschmack<\/h1>\n<p><strong>Fledermaus-Guano<\/strong>, dessen Hauptbestandteil <strong>Fledermauskot<\/strong> ist, ist einer der st\u00e4rksten und ausgewogensten nat\u00fcrlichen D\u00fcnger, den die Natur zu bieten hat. Dieser hochwertige D\u00fcnger stimuliert die <strong>Wurzelbildung<\/strong>, f\u00f6rdert das <strong>Bodenleben<\/strong> und sorgt f\u00fcr gesunde Pflanzen, die reichlich bl\u00fchen. Das Ergebnis? Hervorragendes Aroma, Geschmack und Qualit\u00e4t Ihrer Ernte.<\/p>\n<p>Dank seines hohen <strong>Phosphor- und Kaliumgehalts<\/strong> tr\u00e4gt Bat Guano zu einer starken Wurzelentwicklung und einer \u00fcppigen Bl\u00fcte bei. Seine nat\u00fcrliche Zusammensetzung macht dieses Produkt nicht nur wirksam, sondern auch sicher und lang anhaltend. Au\u00dferdem ist Fledermaus-Guano <strong>CU-zertifiziert<\/strong> und somit f\u00fcr den <strong>\u00f6kologischen Anbau<\/strong> geeignet.<\/p>\n<h2>Vorteile von Fledermaus-Guano<\/h2>\n<ul>\n<li>Sorgt f\u00fcr das beste Aroma und den besten Geschmack Ihrer Ernte.<\/li>\n<li>F\u00f6rdert die Wurzelbildung und st\u00e4rkt die Pflanze von der Basis her.<\/li>\n<li>Stimuliert das Bodenleben und erh\u00f6ht die Widerstandsf\u00e4higkeit.<\/li>\n<li>Geeignet f\u00fcr den <strong>\u00f6kologischen Anbau<\/strong> (CU-zertifiziert).<\/li>\n<li>Reich an nat\u00fcrlichen N\u00e4hrstoffen, einschlie\u00dflich Phosphor (P) und Kalium (K).<\/li>\n<\/ul>\n<h2>Dosierung und Anwendung<\/h2>\n<p>Die besten Ergebnisse erzielen Sie, wenn Sie Fledermaus-Guano in der unten angegebenen Dosierung verwenden:<\/p>\n<ul>\n<li><strong>Voller Boden:<\/strong> 20 kg Bat Guano pro 100 m\u00b2.<\/li>\n<li><strong>Blumenerde:<\/strong> 10 kg Bat Guano pro 1.000 Liter Blumenerde.<\/li>\n<\/ul>\n<p>Je nach Gesundheit, Gr\u00f6\u00dfe und Art Ihrer Pflanzen kann die Dosierung angepasst werden.<br \/>\nIm Zweifelsfall lassen Sie sich von unseren Wachstumsexperten pers\u00f6nlich beraten.<\/p>\n<h2>Eigenschaften<\/h2>\n<ul>\n<li>Bestandteile: Fledermausd\u00fcnger, Seevogel-Guano, Vinasse-Extrakt.<\/li>\n<li>Typ: NPK-D\u00fcnger (3-15-4).<\/li>\n<li>Verpackung: 10 L Eimer.<\/li>\n<\/ul>\n<h2>H\u00e4ufig gestellte Fragen \u00fcber Fledermaus-Guano<\/h2>\n<h3>Kann ich Fledermaus-Guano verwenden, um meinen Boden zu verbessern?<\/h3>\n<p>Ja, Fledermausguano ist ideal, um Ihren Boden mit zus\u00e4tzlichen N\u00e4hrstoffen anzureichern. Um das Bodenleben zu stimulieren, k\u00f6nnen Sie <strong>Mega Worm<\/strong> verwenden. In Kombination mit <strong>Supermix<\/strong> optimieren Sie die Entwicklung Ihrer Pflanzen. Ziehen Sie auch <strong>Calcium Kick<\/strong> in Betracht, um den pH-Wert des Bodens auszugleichen.<\/p>\n<h3>Wie viel Fledermaus-Guano ben\u00f6tige ich als Topdressing bei der Verwendung im Freien?<\/h3>\n<p>Das h\u00e4ngt von Faktoren wie dem Gesundheitszustand und der Gr\u00f6\u00dfe Ihrer Pflanze, der Art der Pflanze und den Umweltbedingungen ab. Wenn Sie eine genaue Beratung w\u00fcnschen, wenden Sie sich \u00fcber die sozialen Medien oder <a href=\"mailto:servicedesk@plagron.com\">servicedesk@plagron.com an die Wachstumsexperten von Plagron .<\/a><\/p>\n<h2>Warum sollten Sie Fledermaus-Guano w\u00e4hlen?<\/h2>\n<p>Die einzigartige Zusammensetzung aus <strong>Fledermausd\u00fcnger, Seevogel-Guano und Vinasse-Extrakt <\/strong>macht Bat Guano zu einem der effektivsten nat\u00fcrlichen D\u00fcngemittel. Es verbessert nicht nur den Geschmack und den Geruch Ihrer Ernte, sondern sorgt auch f\u00fcr gesunde Pflanzen und fruchtbaren Boden. Ideal f\u00fcr Landwirte, die das Beste aus ihrer Bio-Ernte herausholen wollen.<\/p>\n<h2>Fledermaus-Guano bei GreenDiscounter bestellen<\/h2>\n<p>M\u00f6chten Sie Ihre Pflanzen mit den besten nat\u00fcrlichen N\u00e4hrstoffen f\u00fcr unvergleichliches Aroma und Geschmack versorgen? Dann bestellen Sie <strong>Fledermaus-Guano<\/strong> bei GreenDiscounter. Die nat\u00fcrliche Kraft von Fledermausd\u00fcnger verhilft Ihnen zu gesunden Pflanzen und einer reichen Ernte.<\/p>\n<\/div>\n","protected":false},"excerpt":{"rendered":"<p>Fledermaus-Guano, dessen Hauptbestandteil Fledermauskot ist, ist einer der st\u00e4rksten und ausgewogensten nat\u00fcrlichen D\u00fcnger, den die Natur zu bieten hat. Dieser hochwertige D\u00fcnger stimuliert die Wurzelbildung, f\u00f6rdert das Bodenleben und sorgt f\u00fcr gesunde Pflanzen, die reichlich bl\u00fchen. Das Ergebnis? Hervorragendes Aroma, Geschmack und Qualit\u00e4t Ihrer Ernte.<\/p>\n<p>Dank seines hohen Phosphor- und Kaliumgehalts tr\u00e4gt Bat Guano zu einer starken Wurzelentwicklung und einer \u00fcppigen Bl\u00fcte bei. Seine nat\u00fcrliche Zusammensetzung macht dieses Produkt nicht nur wirksam, sondern auch sicher und lang anhaltend. Au\u00dferdem ist Fledermaus-Guano CU-zertifiziert und somit f\u00fcr den \u00f6kologischen Anbau geeignet.<\/p>\n","protected":false},"featured_media":42946,"template":"","meta":[],"product_brand":[1051],"product_cat":[324,363],"product_tag":[],"class_list":{"0":"post-43034","1":"product","2":"type-product","3":"status-publish","4":"has-post-thumbnail","6":"product_brand-plagron","7":"product_cat-aarde-cocos-de","8":"product_cat-wachstumsmedien","10":"first","11":"instock","12":"taxable","13":"shipping-taxable","14":"purchasable","15":"product-type-simple"},"_links":{"self":[{"href":"https:\/\/www.greendiscounter.com\/de\/wp-json\/wp\/v2\/product\/43034","targetHints":{"allow":["GET"]}}],"collection":[{"href":"https:\/\/www.greendiscounter.com\/de\/wp-json\/wp\/v2\/product"}],"about":[{"href":"https:\/\/www.greendiscounter.com\/de\/wp-json\/wp\/v2\/types\/product"}],"version-history":[{"count":1,"href":"https:\/\/www.greendiscounter.com\/de\/wp-json\/wp\/v2\/product\/43034\/revisions"}],"predecessor-version":[{"id":43042,"href":"https:\/\/www.greendiscounter.com\/de\/wp-json\/wp\/v2\/product\/43034\/revisions\/43042"}],"wp:featuredmedia":[{"embeddable":true,"href":"https:\/\/www.greendiscounter.com\/de\/wp-json\/wp\/v2\/media\/42946"}],"wp:attachment":[{"href":"https:\/\/www.greendiscounter.com\/de\/wp-json\/wp\/v2\/media?parent=43034"}],"wp:term":[{"taxonomy":"product_brand","embeddable":true,"href":"https:\/\/www.greendiscounter.com\/de\/wp-json\/wp\/v2\/product_brand?post=43034"},{"taxonomy":"product_cat","embeddable":true,"href":"https:\/\/www.greendiscounter.com\/de\/wp-json\/wp\/v2\/product_cat?post=43034"},{"taxonomy":"product_tag","embeddable":true,"href":"https:\/\/www.greendiscounter.com\/de\/wp-json\/wp\/v2\/product_tag?post=43034"}],"curies":[{"name":"wp","href":"https:\/\/api.w.org\/{rel}","templated":true}]}}