 {"id":42976,"date":"2025-09-04T21:47:22","date_gmt":"2025-09-04T19:47:22","guid":{"rendered":"https:\/\/www.greendiscounter.com\/?post_type=product&#038;p=42976"},"modified":"2025-09-09T10:11:01","modified_gmt":"2025-09-09T08:11:01","slug":"atami-ata-bloombastic-55-ltr-kopie","status":"publish","type":"product","link":"https:\/\/www.greendiscounter.com\/de\/atami-ata-bloombastic-55-ltr-kopie\/","title":{"rendered":"Atami | ATA Bloombastic | 10 Liter"},"content":{"rendered":"<div class=\"product-description\">\n<h1>Atami ATA Bloombastic 10 L &#8211; Professioneller All-in-One PK-Booster<\/h1>\n<p>Mit <strong>ATA Bloombastic 10 Liter<\/strong> entscheiden Sie sich f\u00fcr die ultimative Gro\u00dfpackung dieses international preisgekr\u00f6nten Bl\u00fchverst\u00e4rkers. Perfekt f\u00fcr professionelle Z\u00fcchter, die in der <strong>letzten Phase der Bl\u00fcte<\/strong> maximale Ergebnisse erzielen wollen. Diese leistungsstarke Formel sorgt f\u00fcr eine Explosion der <strong>Bl\u00fcten- und Zuckerproduktion<\/strong>, erh\u00f6ht die Dichte und das Aroma Ihrer Ernte und unterst\u00fctzt Ihre Pflanzen bei Stress und Erholung. Dank des hohen Anteils an organischen Mineralien (Phosphor und Kalium) und der Abwesenheit von Ballaststoffen liefert Bloombastic einen zuverl\u00e4ssigen und konstanten Schub.<\/p>\n<h2>Vorteile von Bloombastic 10 L<\/h2>\n<ul>\n<li>F\u00f6rdert eine explosive Bl\u00fctenentwicklung und kompakte Knospen.<\/li>\n<li>Erh\u00f6ht den Zuckergehalt f\u00fcr mehr Geschmack und Duft.<\/li>\n<li>Sch\u00fctzt die Pflanzen vor Stress und f\u00f6rdert die Erholung.<\/li>\n<li>Ideal f\u00fcr Gro\u00dfkulturen und professionelle Z\u00fcchter.<\/li>\n<li>Universell einsetzbar: Hydro, Coco und Earth.<\/li>\n<\/ul>\n<h2>Anwendung &amp; Dosierung<\/h2>\n<p>Wenden Sie es w\u00e4hrend der <strong>letzten 4-6 Wochen der Bl\u00fctezeit<\/strong> an.<br \/>\nGeben Sie <strong>0,5 &#8211; 1,0 ml Bloombastic pro Liter Wasser<\/strong> hinzu.<br \/>\nAchten Sie auf die EC-Werte und vermeiden Sie eine \u00dcberd\u00fcngung, indem Sie keine zus\u00e4tzlichen PK-Produkte hinzuf\u00fcgen.<\/p>\n<h2>Eigenschaften<\/h2>\n<ul>\n<li>NPK: 0-14-15 (HP 14-15).<\/li>\n<li>Verpackung: 10-Liter-Kanister.<\/li>\n<li>Enth\u00e4lt u.a. Kaliumphosphat, Phosphors\u00e4ure und Eisen-EDTA.<\/li>\n<\/ul>\n<h2>Atami Bloombastic 10 L bei GreenDiscounter bestellen<\/h2>\n<p>Setzen Sie auf maximale Effizienz und Erntequalit\u00e4t mit der gr\u00f6\u00dften Verpackung:<br \/>\n<strong>Bloombastic 10 L.<\/strong> Bestellen Sie einfach online bei GreenDiscounter und profitieren Sie von<br \/>\nDer ultimative PK-Boost f\u00fcr Ihre Pflanzen.<\/p>\n<\/div>\n","protected":false},"excerpt":{"rendered":"<p>Mit ATA Bloombastic 10 Liter entscheiden Sie sich f\u00fcr die ultimative Gro\u00dfpackung dieses international preisgekr\u00f6nten Bl\u00fchverst\u00e4rkers. Perfekt f\u00fcr professionelle Z\u00fcchter, die in der letzten Phase der Bl\u00fcte maximale Ergebnisse erzielen wollen. Diese leistungsstarke Formel sorgt f\u00fcr eine Explosion der Bl\u00fcten- und Zuckerproduktion, erh\u00f6ht die Dichte und das Aroma Ihrer Ernte und unterst\u00fctzt Ihre Pflanzen bei Stress und Erholung. Dank des hohen Anteils an organischen Mineralien (Phosphor und Kalium) und der Abwesenheit von Ballaststoffen liefert Bloombastic einen zuverl\u00e4ssigen und konstanten Schub.<\/p>\n","protected":false},"featured_media":24555,"template":"","meta":[],"product_brand":[1050],"product_cat":[388,344],"product_tag":[],"class_list":{"0":"post-42976","1":"product","2":"type-product","3":"status-publish","4":"has-post-thumbnail","6":"product_brand-atami","7":"product_cat-atami-bcuzz-de","8":"product_cat-pflanzennahrung","10":"first","11":"instock","12":"sale","13":"taxable","14":"shipping-taxable","15":"purchasable","16":"product-type-simple"},"_links":{"self":[{"href":"https:\/\/www.greendiscounter.com\/de\/wp-json\/wp\/v2\/product\/42976","targetHints":{"allow":["GET"]}}],"collection":[{"href":"https:\/\/www.greendiscounter.com\/de\/wp-json\/wp\/v2\/product"}],"about":[{"href":"https:\/\/www.greendiscounter.com\/de\/wp-json\/wp\/v2\/types\/product"}],"version-history":[{"count":2,"href":"https:\/\/www.greendiscounter.com\/de\/wp-json\/wp\/v2\/product\/42976\/revisions"}],"predecessor-version":[{"id":42982,"href":"https:\/\/www.greendiscounter.com\/de\/wp-json\/wp\/v2\/product\/42976\/revisions\/42982"}],"wp:featuredmedia":[{"embeddable":true,"href":"https:\/\/www.greendiscounter.com\/de\/wp-json\/wp\/v2\/media\/24555"}],"wp:attachment":[{"href":"https:\/\/www.greendiscounter.com\/de\/wp-json\/wp\/v2\/media?parent=42976"}],"wp:term":[{"taxonomy":"product_brand","embeddable":true,"href":"https:\/\/www.greendiscounter.com\/de\/wp-json\/wp\/v2\/product_brand?post=42976"},{"taxonomy":"product_cat","embeddable":true,"href":"https:\/\/www.greendiscounter.com\/de\/wp-json\/wp\/v2\/product_cat?post=42976"},{"taxonomy":"product_tag","embeddable":true,"href":"https:\/\/www.greendiscounter.com\/de\/wp-json\/wp\/v2\/product_tag?post=42976"}],"curies":[{"name":"wp","href":"https:\/\/api.w.org\/{rel}","templated":true}]}}