 {"id":41992,"date":"2025-07-14T16:46:32","date_gmt":"2025-07-14T14:46:32","guid":{"rendered":"https:\/\/www.greendiscounter.com\/product\/bio-bizz-bio-bloom-5-ltr\/"},"modified":"2025-08-19T18:50:24","modified_gmt":"2025-08-19T16:50:24","slug":"bio-bizz-bio-bloom-5-ltr","status":"publish","type":"product","link":"https:\/\/www.greendiscounter.com\/de\/bio-bizz-bio-bloom-5-ltr\/","title":{"rendered":"Bio Bizz | Bio-Bloom | 5 ltr."},"content":{"rendered":"<div>\n<h1>BIOBIZZ Bio-Bloom 5L &#8211; Biologische Bl\u00fctend\u00fcnger f\u00fcr ernsthafte Z\u00fcchter<\/h1>\n<p>BIOBIZZ Bio-Bloom in 5-Liter-Packungen ist die ideale Wahl f\u00fcr ernsthafte Heim- oder Hobbyg\u00e4rtner mit mehreren Pflanzen. Dieser leistungsstarke Bl\u00fctend\u00fcnger ist vollst\u00e4ndig organisch und liefert alles, was Ihre Pflanzen w\u00e4hrend der Bl\u00fctephase ben\u00f6tigen: Phosphor und Kalium f\u00fcr eine solide Knospenentwicklung, Enzyme f\u00fcr einen schnelleren N\u00e4hrstoffabbau und Aminos\u00e4uren f\u00fcr einen erh\u00f6hten Stoffwechsel. F\u00fcgen Sie Algenextrakte hinzu, die voll von nat\u00fcrlichen Pflanzenhormonen sind, und Sie haben eine Formel, die Ihren bl\u00fchenden Pflanzen alles gibt, was sie brauchen.<\/p>\n<p>Dieser N\u00e4hrstoff ist so konzipiert, dass er perfekt mit dem Mikroleben in Ihrem Substrat zusammenarbeitet. Im Gegensatz zu synthetischen N\u00e4hrstoffen n\u00e4hrt Bio-Bloom auch Ihren Boden und macht die Pflanzen auf nat\u00fcrliche Weise robust, aromatisch und schmackhaft. Das Ergebnis? Kompaktere Ernte, h\u00f6herer Ertrag und reichere Aromen.<\/p>\n<h2>Warum Bio-Bloom 5L w\u00e4hlen?<\/h2>\n<ul>\n<li>\u2705 Kosteng\u00fcnstig f\u00fcr gr\u00f6\u00dfere Anbauprojekte oder langfristige Nutzung<\/li>\n<li>\u2705 F\u00f6rdert die Bl\u00fctenbildung, Fruchtentwicklung und Duftintensit\u00e4t<\/li>\n<li>\u2705 Arbeitet im Einklang mit dem Bodenleben f\u00fcr eine bessere N\u00e4hrstoffaufnahme<\/li>\n<li>\u2705 Hergestellt aus nat\u00fcrlichen Zutaten wie Algen, Mineralien und Zucker<\/li>\n<li>\u2705 Vollst\u00e4ndig organisch und frei von chemischen Salzen<\/li>\n<\/ul>\n<h3>Anwendung und Dosierung<\/h3>\n<p>Verwenden Sie 2-4 ml pro Liter ab Beginn der Bl\u00fctephase. Es wird empfohlen, die Anwendung in der letzten Woche vor der Ernte einzustellen. Bio-Bloom funktioniert hervorragend in automatischen Bew\u00e4sserungssystemen und auf Kokosnuss-, Erd- oder Hydrosystemen.<\/p>\n<h3>Spezifikationen<\/h3>\n<ul>\n<li>Fassungsverm\u00f6gen: 5 Liter<\/li>\n<li>NPK-Verh\u00e4ltnis: 2-7-4<\/li>\n<li>Phase: Bl\u00fctephase (vom Beginn der Bl\u00fcte bis zum Erl\u00f6schen)<\/li>\n<li>Anwendung: Gem\u00fcse, Blumen, Obst, Kr\u00e4uter<\/li>\n<li>Zertifiziert biologisch: EU, OMRI, Kontrollverband<\/li>\n<\/ul>\n<p><strong>Tipp:<\/strong> Verwenden Sie Bio-Bloom in Kombination mit Bio-Grow und Bio-Heaven f\u00fcr optimale Bl\u00fchergebnisse.<\/p>\n<\/div>\n","protected":false},"excerpt":{"rendered":"<p>BIOBIZZ Bio-Bloom in 5-Liter-Packungen ist die ideale Wahl f\u00fcr ernsthafte Heim- oder Hobbyg\u00e4rtner mit mehreren Pflanzen. Dieser leistungsstarke Bl\u00fctend\u00fcnger ist vollst\u00e4ndig organisch und liefert alles, was Ihre Pflanzen w\u00e4hrend der Bl\u00fctephase ben\u00f6tigen: Phosphor und Kalium f\u00fcr eine solide Knospenentwicklung, Enzyme f\u00fcr einen schnelleren N\u00e4hrstoffabbau und Aminos\u00e4uren f\u00fcr einen erh\u00f6hten Stoffwechsel.<\/p>\n","protected":false},"featured_media":41511,"template":"","meta":[],"product_brand":[1061],"product_cat":[1064,344,562],"product_tag":[],"class_list":{"0":"post-41992","1":"product","2":"type-product","3":"status-publish","4":"has-post-thumbnail","6":"product_brand-biobizz","7":"product_cat-biobizz-de","8":"product_cat-pflanzennahrung","9":"product_cat-uncategory-de","11":"first","12":"instock","13":"taxable","14":"shipping-taxable","15":"purchasable","16":"product-type-simple"},"_links":{"self":[{"href":"https:\/\/www.greendiscounter.com\/de\/wp-json\/wp\/v2\/product\/41992","targetHints":{"allow":["GET"]}}],"collection":[{"href":"https:\/\/www.greendiscounter.com\/de\/wp-json\/wp\/v2\/product"}],"about":[{"href":"https:\/\/www.greendiscounter.com\/de\/wp-json\/wp\/v2\/types\/product"}],"version-history":[{"count":1,"href":"https:\/\/www.greendiscounter.com\/de\/wp-json\/wp\/v2\/product\/41992\/revisions"}],"predecessor-version":[{"id":42045,"href":"https:\/\/www.greendiscounter.com\/de\/wp-json\/wp\/v2\/product\/41992\/revisions\/42045"}],"wp:featuredmedia":[{"embeddable":true,"href":"https:\/\/www.greendiscounter.com\/de\/wp-json\/wp\/v2\/media\/41511"}],"wp:attachment":[{"href":"https:\/\/www.greendiscounter.com\/de\/wp-json\/wp\/v2\/media?parent=41992"}],"wp:term":[{"taxonomy":"product_brand","embeddable":true,"href":"https:\/\/www.greendiscounter.com\/de\/wp-json\/wp\/v2\/product_brand?post=41992"},{"taxonomy":"product_cat","embeddable":true,"href":"https:\/\/www.greendiscounter.com\/de\/wp-json\/wp\/v2\/product_cat?post=41992"},{"taxonomy":"product_tag","embeddable":true,"href":"https:\/\/www.greendiscounter.com\/de\/wp-json\/wp\/v2\/product_tag?post=41992"}],"curies":[{"name":"wp","href":"https:\/\/api.w.org\/{rel}","templated":true}]}}