 {"id":41988,"date":"2025-07-14T16:46:31","date_gmt":"2025-07-14T14:46:31","guid":{"rendered":"https:\/\/www.greendiscounter.com\/product\/bio-bizz-bio-grow-10-ltr\/"},"modified":"2025-07-14T16:46:31","modified_gmt":"2025-07-14T14:46:31","slug":"bio-bizz-bio-grow-10-ltr","status":"publish","type":"product","link":"https:\/\/www.greendiscounter.com\/de\/bio-bizz-bio-grow-10-ltr\/","title":{"rendered":"Bio Bizz | Bio Grow | 10 ltr."},"content":{"rendered":"<div>\n<h1>BIOBIZZ Bio-Grow 10L &#8211; Organischer Wachstumsd\u00fcnger f\u00fcr professionelle Z\u00fcchter<\/h1>\n<p>Die 10-Liter-Packung BIOBIZZ Bio-Grow wurde f\u00fcr professionelle Z\u00fcchter und solche, die Wert auf Haltbarkeit, Effizienz und Qualit\u00e4t legen, entwickelt. Dieser organische Basisd\u00fcnger besteht aus Vinasse, die aus Bio-Zuckerr\u00fcben gewonnen wird, und ist vollgepackt mit Stickstoff, Phosphor, Kalium und nat\u00fcrlichen Zuckern. Bio-Grow ern\u00e4hrt nicht nur Ihre Pflanzen, sondern stimuliert auch aktiv das Mikroleben im Boden oder Substrat.<\/p>\n<p>Dank seines hohen Zuckergehalts (Glukose und andere Kohlenhydrate) tr\u00e4gt Bio-Grow direkt zur Produktion von schmackhaften, duftenden und gesunden Pflanzen bei. Es unterst\u00fctzt die Pflanze w\u00e4hrend des Wachstums, bleibt aber auch w\u00e4hrend der Bl\u00fcte wertvoll &#8211; insbesondere in Kombination mit Produkten wie Bio-Bloom und Top-Max.<\/p>\n<h2>Warum Bio-Grow 10L w\u00e4hlen?<\/h2>\n<ul>\n<li>\u2705 Gro\u00dfes Volumen: ideal f\u00fcr den kommerziellen Anbau oder gro\u00dfe Hobbyprojekte<\/li>\n<li>\u2705 F\u00f6rdert ein gesundes Boden\u00f6kosystem<\/li>\n<li>\u2705 Unterst\u00fctzt die Vitalit\u00e4t und Geschmacksentwicklung<\/li>\n<li>\u2705 100% biologisch und nachhaltig produziert<\/li>\n<li>\u2705 Kompatibel mit der gesamten BIOBIZZ-Linie<\/li>\n<\/ul>\n<h3>Anwendung &amp; Dosierung<\/h3>\n<p>Verwenden Sie 1-4 ml pro Liter Wasser, je nach Pflanzenstadium und Substrat. Beginnen Sie mit einer niedrigen Dosierung und erh\u00f6hen Sie diese bei Bedarf. Geben Sie bei jeder Bew\u00e4sserung. Geeignet von der Aussaat bis zur Ernte.<\/p>\n<h3>Technische Daten<\/h3>\n<ul>\n<li>Fassungsverm\u00f6gen: 10 Liter<\/li>\n<li>Anwendung: Unterst\u00fctzung von Wachstum und Bl\u00fcte<\/li>\n<li>Substrate: Erdreich und Kokosnuss<\/li>\n<li>NPK: 4-3-6<\/li>\n<li>Zertifizierung: Control Union, OMRI, EnvirOrganic<\/li>\n<\/ul>\n<p><strong>Wichtig:<\/strong> F\u00fcr beste Ergebnisse kombinieren Sie es mit organischen Erg\u00e4nzungsmitteln wie Root-Juice, Bio-Bloom oder Acti-Vera.<\/p>\n<\/div>\n","protected":false},"excerpt":{"rendered":"<p>Die 10-Liter-Packung BIOBIZZ Bio-Grow wurde f\u00fcr professionelle Z\u00fcchter und solche, die Wert auf Haltbarkeit, Effizienz und Qualit\u00e4t legen, entwickelt. Dieser organische Basisd\u00fcnger besteht aus Vinasse, die aus Bio-Zuckerr\u00fcben gewonnen wird, und ist vollgepackt mit Stickstoff, Phosphor, Kalium und nat\u00fcrlichen Zuckern.<\/p>\n","protected":false},"featured_media":41518,"template":"","meta":[],"product_brand":[1061],"product_cat":[1064,344,562],"product_tag":[],"class_list":{"0":"post-41988","1":"product","2":"type-product","3":"status-publish","4":"has-post-thumbnail","6":"product_brand-biobizz","7":"product_cat-biobizz-de","8":"product_cat-pflanzennahrung","9":"product_cat-uncategory-de","11":"first","12":"instock","13":"taxable","14":"shipping-taxable","15":"purchasable","16":"product-type-simple"},"_links":{"self":[{"href":"https:\/\/www.greendiscounter.com\/de\/wp-json\/wp\/v2\/product\/41988","targetHints":{"allow":["GET"]}}],"collection":[{"href":"https:\/\/www.greendiscounter.com\/de\/wp-json\/wp\/v2\/product"}],"about":[{"href":"https:\/\/www.greendiscounter.com\/de\/wp-json\/wp\/v2\/types\/product"}],"version-history":[{"count":0,"href":"https:\/\/www.greendiscounter.com\/de\/wp-json\/wp\/v2\/product\/41988\/revisions"}],"wp:featuredmedia":[{"embeddable":true,"href":"https:\/\/www.greendiscounter.com\/de\/wp-json\/wp\/v2\/media\/41518"}],"wp:attachment":[{"href":"https:\/\/www.greendiscounter.com\/de\/wp-json\/wp\/v2\/media?parent=41988"}],"wp:term":[{"taxonomy":"product_brand","embeddable":true,"href":"https:\/\/www.greendiscounter.com\/de\/wp-json\/wp\/v2\/product_brand?post=41988"},{"taxonomy":"product_cat","embeddable":true,"href":"https:\/\/www.greendiscounter.com\/de\/wp-json\/wp\/v2\/product_cat?post=41988"},{"taxonomy":"product_tag","embeddable":true,"href":"https:\/\/www.greendiscounter.com\/de\/wp-json\/wp\/v2\/product_tag?post=41988"}],"curies":[{"name":"wp","href":"https:\/\/api.w.org\/{rel}","templated":true}]}}