 {"id":41985,"date":"2025-07-14T16:46:33","date_gmt":"2025-07-14T14:46:33","guid":{"rendered":"https:\/\/www.greendiscounter.com\/product\/bio-bizz-root-juice-1-ltr-100-bio-wurzelstimulator\/"},"modified":"2025-07-14T16:46:33","modified_gmt":"2025-07-14T14:46:33","slug":"bio-bizz-root-juice-1-ltr-100-bio-wurzelstimulator","status":"publish","type":"product","link":"https:\/\/www.greendiscounter.com\/de\/bio-bizz-root-juice-1-ltr-100-bio-wurzelstimulator\/","title":{"rendered":"Bio Bizz | Root Juice | 1 ltr | 100% Bio-Wurzelstimulator"},"content":{"rendered":"<div>\n<h1>BIOBIZZ Root-Juice 1L &#8211; Bio-Startnahrung f\u00fcr gesunde Wurzeln<\/h1>\n<p><strong>BIOBIZZ Root-Juice 1 Liter<\/strong> ist ein starker Wurzelstimulator auf der Basis von <em>Algenextrakt<\/em> und <em>Humins\u00e4ure<\/em>. Diese vollst\u00e4ndig organische Formel hilft jungen Pflanzen, ein starkes, umfangreiches und gesundes Wurzelsystem aufzubauen &#8211; die Grundlage f\u00fcr \u00fcppiges Wachstum und Bl\u00fcte.<\/p>\n<p>Die Wirkstoffe stimulieren die Vermehrung von n\u00fctzlichen Bakterien um die Wurzeln herum, die die Wasser- und N\u00e4hrstoffaufnahme verbessern und das Wurzelsystem vor Pilzen und Krankheiten sch\u00fctzen. Perfekt f\u00fcr die Verwendung auf Erde, Kokos und sogar in Hydrokulturen.<\/p>\n<h2>Vorteile von Root-Juice 1L<\/h2>\n<ul>\n<li>\u2705 F\u00f6rdert ein kr\u00e4ftiges und schnelles Wurzelwachstum<\/li>\n<li>\u2705 Erh\u00f6ht die Absorptionsf\u00e4higkeit und Stressresistenz<\/li>\n<li>\u2705 Stimuliert das aktive Bodenleben f\u00fcr eine bessere N\u00e4hrstoffaufnahme<\/li>\n<li>\u2705 Unterst\u00fctzt sowohl die Wachstums- als auch die fr\u00fche Bl\u00fctephase<\/li>\n<li>\u2705 100% biologisch und frei von chemischen Zus\u00e4tzen<\/li>\n<\/ul>\n<h3>Anwendung &amp; Dosierung<\/h3>\n<ul>\n<li>\ud83d\udce6 Verwenden Sie 1-4 ml pro Liter Wasser ab der Wurzelbildung<\/li>\n<li>\ud83c\udf31 Einsatz in der Wachstumsphase und in den ersten Wochen der Bl\u00fcte<\/li>\n<li>\ud83c\udf3f Anwendung von Bl\u00e4ttern in jungen Stadien m\u00f6glich<\/li>\n<li>\ud83d\udca7 Ideal f\u00fcr Stecklinge, Transplantate und Stressbew\u00e4ltigung<\/li>\n<\/ul>\n<p>W\u00e4hlen Sie Root-Juice 1L, wenn Sie m\u00f6chten, dass Ihre Pflanzen gesund, kr\u00e4ftig und widerstandsf\u00e4hig aufwachsen &#8211; vom Setzling bis zur ausgewachsenen Pflanze.<\/p>\n<\/div>\n","protected":false},"excerpt":{"rendered":"<p>BIOBIZZ Root-Juice 1 Liter ist ein starker Wurzelstimulator auf der Basis von <em>Algenextrakt<\/em> und <em>Humins\u00e4ure<\/em>. Diese vollst\u00e4ndig organische Formel hilft jungen Pflanzen, ein starkes, umfangreiches und gesundes Wurzelsystem aufzubauen &#8211; die Grundlage f\u00fcr \u00fcppiges Wachstum und Bl\u00fcte. Die Wirkstoffe stimulieren die Vermehrung von n\u00fctzlichen Bakterien um die Wurzeln herum, die die Wasser- und N\u00e4hrstoffaufnahme verbessern und das Wurzelsystem vor Pilzen und Krankheiten sch\u00fctzen. Perfekt f\u00fcr die Verwendung auf Erde, Kokos und sogar in Hydrokulturen.<\/p>\n","protected":false},"featured_media":41449,"template":"","meta":[],"product_brand":[1061],"product_cat":[1064,344,562],"product_tag":[],"class_list":{"0":"post-41985","1":"product","2":"type-product","3":"status-publish","4":"has-post-thumbnail","6":"product_brand-biobizz","7":"product_cat-biobizz-de","8":"product_cat-pflanzennahrung","9":"product_cat-uncategory-de","11":"first","12":"instock","13":"taxable","14":"shipping-taxable","15":"purchasable","16":"product-type-simple"},"_links":{"self":[{"href":"https:\/\/www.greendiscounter.com\/de\/wp-json\/wp\/v2\/product\/41985","targetHints":{"allow":["GET"]}}],"collection":[{"href":"https:\/\/www.greendiscounter.com\/de\/wp-json\/wp\/v2\/product"}],"about":[{"href":"https:\/\/www.greendiscounter.com\/de\/wp-json\/wp\/v2\/types\/product"}],"version-history":[{"count":0,"href":"https:\/\/www.greendiscounter.com\/de\/wp-json\/wp\/v2\/product\/41985\/revisions"}],"wp:featuredmedia":[{"embeddable":true,"href":"https:\/\/www.greendiscounter.com\/de\/wp-json\/wp\/v2\/media\/41449"}],"wp:attachment":[{"href":"https:\/\/www.greendiscounter.com\/de\/wp-json\/wp\/v2\/media?parent=41985"}],"wp:term":[{"taxonomy":"product_brand","embeddable":true,"href":"https:\/\/www.greendiscounter.com\/de\/wp-json\/wp\/v2\/product_brand?post=41985"},{"taxonomy":"product_cat","embeddable":true,"href":"https:\/\/www.greendiscounter.com\/de\/wp-json\/wp\/v2\/product_cat?post=41985"},{"taxonomy":"product_tag","embeddable":true,"href":"https:\/\/www.greendiscounter.com\/de\/wp-json\/wp\/v2\/product_tag?post=41985"}],"curies":[{"name":"wp","href":"https:\/\/api.w.org\/{rel}","templated":true}]}}