 {"id":41972,"date":"2025-07-14T16:46:36","date_gmt":"2025-07-14T14:46:36","guid":{"rendered":"https:\/\/www.greendiscounter.com\/product\/bio-bizz-topmax-5ltr-100-biologischer-bluehstimulator\/"},"modified":"2025-08-19T18:47:53","modified_gmt":"2025-08-19T16:47:53","slug":"bio-bizz-topmax-5ltr-100-biologischer-bluehstimulator","status":"publish","type":"product","link":"https:\/\/www.greendiscounter.com\/de\/bio-bizz-topmax-5ltr-100-biologischer-bluehstimulator\/","title":{"rendered":"Bio Bizz | Top-Max | 5ltr | 100% Biologischer Bl\u00fchstimulator"},"content":{"rendered":"<div>\n<h1>BIOBIZZ Top-Max 5 L &#8211; Professionelle Bio-Bl\u00fctenhilfe<\/h1>\n<p><strong>BIOBIZZ Top-Max 5 L<\/strong> ist der ultimative organische Chelatbildner f\u00fcr gro\u00dfe Anbausysteme. Mit konzentrierten Humin- und Fulvos\u00e4uren bietet dieser Bl\u00fchstimulator maximale Unterst\u00fctzung f\u00fcr die Ern\u00e4hrung und Entwicklung Ihrer Pflanzen bis zu den letzten Tagen der Ernte.<\/p>\n<p>Ideal in Kombination mit Erde, Kokos oder hydroponischen Systemen und mineralischen A+B-Mischungen. Top-Max stimuliert die Enzyme, verbessert den Transport von N\u00e4hrstoffen und erzeugt s\u00fc\u00dfere, aromatischere Endprodukte mit mehr Gewicht pro Bl\u00fctezeit.<\/p>\n<h2>Pluspunkte des Top-Max 5 L<\/h2>\n<ul>\n<li>\u2705 Geeignet f\u00fcr intensiven \u00f6kologischen Anbau<\/li>\n<li>\u2705 Steigert den Ertrag durch verbesserte N\u00e4hrstoffbilanz<\/li>\n<li>\u2705 F\u00f6rdert ein klares Aromaprofil und die Geschmacksentwicklung<\/li>\n<li>\u2705 F\u00f6rdert Enzymaktivit\u00e4t, Pflanzenwachstum und Resistenz<\/li>\n<li>\u2705 Zertifiziert biologisch &#8211; sicher bis zur Ernte<\/li>\n<\/ul>\n<h3>Dosierung &amp; Anwendung<\/h3>\n<ul>\n<li>\ud83d\udcc6 Beginn der Bl\u00fcte: 1 ml\/l; letzte Wochen: 4 ml\/l<\/li>\n<li>\u26d4 Eine Woche vor der Ernte: nur gie\u00dfen<\/li>\n<\/ul>\n<p>Top-Max 5 L ist die Wahl f\u00fcr ernsthafte Z\u00fcchter, die ihre biologische Anbaumethode mit maximalem Geschmack, Ertrag und Qualit\u00e4t professionalisieren wollen.<\/p>\n<\/div>\n","protected":false},"excerpt":{"rendered":"<p>BIOBIZZ Top-Max 5 L ist der ultimative organische Chelatbildner f\u00fcr gro\u00dfe Anbausysteme. Mit konzentrierten Humin- und Fulvos\u00e4uren bietet dieser Bl\u00fchstimulator maximale Unterst\u00fctzung f\u00fcr die Ern\u00e4hrung und Entwicklung Ihrer Pflanzen bis zu den letzten Tagen der Ernte.<\/p>\n<p>Ideal in Kombination mit Erde, Kokos oder hydroponischen Systemen und mineralischen A+B-Mischungen. Top-Max stimuliert die Enzyme, verbessert den Transport von N\u00e4hrstoffen und erzeugt s\u00fc\u00dfere, aromatischere Endprodukte mit mehr Gewicht pro Bl\u00fctezeit.<\/p>\n","protected":false},"featured_media":41490,"template":"","meta":[],"product_brand":[1061],"product_cat":[1064,344,562],"product_tag":[],"class_list":{"0":"post-41972","1":"product","2":"type-product","3":"status-publish","4":"has-post-thumbnail","6":"product_brand-biobizz","7":"product_cat-biobizz-de","8":"product_cat-pflanzennahrung","9":"product_cat-uncategory-de","11":"first","12":"instock","13":"taxable","14":"shipping-taxable","15":"purchasable","16":"product-type-simple"},"_links":{"self":[{"href":"https:\/\/www.greendiscounter.com\/de\/wp-json\/wp\/v2\/product\/41972","targetHints":{"allow":["GET"]}}],"collection":[{"href":"https:\/\/www.greendiscounter.com\/de\/wp-json\/wp\/v2\/product"}],"about":[{"href":"https:\/\/www.greendiscounter.com\/de\/wp-json\/wp\/v2\/types\/product"}],"version-history":[{"count":1,"href":"https:\/\/www.greendiscounter.com\/de\/wp-json\/wp\/v2\/product\/41972\/revisions"}],"predecessor-version":[{"id":42029,"href":"https:\/\/www.greendiscounter.com\/de\/wp-json\/wp\/v2\/product\/41972\/revisions\/42029"}],"wp:featuredmedia":[{"embeddable":true,"href":"https:\/\/www.greendiscounter.com\/de\/wp-json\/wp\/v2\/media\/41490"}],"wp:attachment":[{"href":"https:\/\/www.greendiscounter.com\/de\/wp-json\/wp\/v2\/media?parent=41972"}],"wp:term":[{"taxonomy":"product_brand","embeddable":true,"href":"https:\/\/www.greendiscounter.com\/de\/wp-json\/wp\/v2\/product_brand?post=41972"},{"taxonomy":"product_cat","embeddable":true,"href":"https:\/\/www.greendiscounter.com\/de\/wp-json\/wp\/v2\/product_cat?post=41972"},{"taxonomy":"product_tag","embeddable":true,"href":"https:\/\/www.greendiscounter.com\/de\/wp-json\/wp\/v2\/product_tag?post=41972"}],"curies":[{"name":"wp","href":"https:\/\/api.w.org\/{rel}","templated":true}]}}