 {"id":41960,"date":"2025-07-14T16:46:37","date_gmt":"2025-07-14T14:46:37","guid":{"rendered":"https:\/\/www.greendiscounter.com\/product\/bio-bizz-alg-a-mic-5ltr\/"},"modified":"2025-07-14T16:46:37","modified_gmt":"2025-07-14T14:46:37","slug":"bio-bizz-alg-a-mic-5ltr","status":"publish","type":"product","link":"https:\/\/www.greendiscounter.com\/de\/bio-bizz-alg-a-mic-5ltr\/","title":{"rendered":"Bio Bizz | Alg-a-Mic | 5ltr"},"content":{"rendered":"<div>\n<h1>BIOBIZZ Alg-A-Mic 5L &#8211; Organischer Stressabbau auf Meeresalgenbasis<\/h1>\n<p>BIOBIZZ <strong>Alg-A-Mic 5 Liter<\/strong> ist die Wahl f\u00fcr ernsthafte Heimg\u00e4rtner und semiprofessionelle G\u00e4rtner, die ihre Pflanzen vor Stress und Wachstumsverz\u00f6gerungen sch\u00fctzen wollen. Dieses Bio-Produkt enth\u00e4lt kaltgepresste Meeresalgen<em>(Ascophyllum Nodosum<\/em>) und ist reich an Phytohormonen, Vitaminen, Aminos\u00e4uren und nat\u00fcrlichen Spurenelementen.<\/p>\n<p>Alg-A-Mic bietet Unterst\u00fctzung bei Hitzewellen, \u00dcberf\u00fctterung, Verpflanzungen oder Beschneidungsfehlern. Dank seiner einzigartigen Zusammensetzung hilft es, die Pflanzenzellen zu reparieren und die Chlorophyllproduktion zu steigern, was zu einer gesunden Blattfarbe und verbesserter Photosynthese f\u00fchrt.<\/p>\n<h2>Warum Alg-A-Mic 5L w\u00e4hlen?<\/h2>\n<ul>\n<li>\u2705 St\u00e4rkt Pflanzen unter jeder Form von biotischem oder abiotischem Stress<\/li>\n<li>\u2705 F\u00f6rdert die schnelle Zellerneuerung und die Vitalit\u00e4t der Pflanzen<\/li>\n<li>\u2705 Ideal f\u00fcr die Verwendung in der Wachstumsphase, aber auch unterst\u00fctzend w\u00e4hrend der Bl\u00fctezeit<\/li>\n<li>\u2705 Sicher f\u00fcr den t\u00e4glichen Gebrauch &#8211; kein Risiko einer \u00dcberdosierung<\/li>\n<li>\u2705 Funktioniert auf Erde, Kokos, Wasser und in automatischen Bew\u00e4sserungssystemen<\/li>\n<\/ul>\n<h3>Anwendung und Dosierung<\/h3>\n<ul>\n<li>\ud83d\udca7 Anwendung im Boden: 1-4 ml\/Liter Wasser, je nach Stresslevel<\/li>\n<li>\ud83c\udf3f Blattanwendung: 1-2 ml\/Liter (Wachstumsphase bis Bl\u00fctewoche 2)<\/li>\n<li>Anwendbar in SCROG, Supercropping und Stecklingsproduktion<\/li>\n<\/ul>\n<h3>Informationen zum Produkt<\/h3>\n<ul>\n<li>Fassungsverm\u00f6gen: 5 Liter<\/li>\n<li>Verwendung: Erg\u00e4nzung zur normalen Ern\u00e4hrung &#8211; kein Hauptd\u00fcnger<\/li>\n<li>Bio: 100% zertifiziert durch CU, OMRI, EnvirOrganic<\/li>\n<\/ul>\n<p><strong>Hinweis:<\/strong> Vor Gebrauch gut sch\u00fctteln. Kombinieren Sie es mit Root-Juice oder Acti-Vera f\u00fcr maximale Widerstandsf\u00e4higkeit und Wachstum der Pflanzen.<\/p>\n<\/div>\n","protected":false},"excerpt":{"rendered":"<p>BIOBIZZ Alg-A-Mic 5 Liter ist die Wahl f\u00fcr ernsthafte Heimg\u00e4rtner und semiprofessionelle G\u00e4rtner, die ihre Pflanzen vor Stress und Wachstumsverz\u00f6gerungen sch\u00fctzen wollen. Dieses Bio-Produkt enth\u00e4lt kaltgepresste Meeresalgen<em>(Ascophyllum Nodosum<\/em>) und ist reich an Phytohormonen, Vitaminen, Aminos\u00e4uren und nat\u00fcrlichen Spurenelementen.<\/p>\n","protected":false},"featured_media":41486,"template":"","meta":[],"product_brand":[1061],"product_cat":[344,562,1064],"product_tag":[],"class_list":{"0":"post-41960","1":"product","2":"type-product","3":"status-publish","4":"has-post-thumbnail","6":"product_brand-biobizz","7":"product_cat-pflanzennahrung","8":"product_cat-uncategory-de","9":"product_cat-biobizz-de","11":"first","12":"instock","13":"taxable","14":"shipping-taxable","15":"purchasable","16":"product-type-simple"},"_links":{"self":[{"href":"https:\/\/www.greendiscounter.com\/de\/wp-json\/wp\/v2\/product\/41960","targetHints":{"allow":["GET"]}}],"collection":[{"href":"https:\/\/www.greendiscounter.com\/de\/wp-json\/wp\/v2\/product"}],"about":[{"href":"https:\/\/www.greendiscounter.com\/de\/wp-json\/wp\/v2\/types\/product"}],"version-history":[{"count":0,"href":"https:\/\/www.greendiscounter.com\/de\/wp-json\/wp\/v2\/product\/41960\/revisions"}],"wp:featuredmedia":[{"embeddable":true,"href":"https:\/\/www.greendiscounter.com\/de\/wp-json\/wp\/v2\/media\/41486"}],"wp:attachment":[{"href":"https:\/\/www.greendiscounter.com\/de\/wp-json\/wp\/v2\/media?parent=41960"}],"wp:term":[{"taxonomy":"product_brand","embeddable":true,"href":"https:\/\/www.greendiscounter.com\/de\/wp-json\/wp\/v2\/product_brand?post=41960"},{"taxonomy":"product_cat","embeddable":true,"href":"https:\/\/www.greendiscounter.com\/de\/wp-json\/wp\/v2\/product_cat?post=41960"},{"taxonomy":"product_tag","embeddable":true,"href":"https:\/\/www.greendiscounter.com\/de\/wp-json\/wp\/v2\/product_tag?post=41960"}],"curies":[{"name":"wp","href":"https:\/\/api.w.org\/{rel}","templated":true}]}}