 {"id":41959,"date":"2025-07-14T16:46:39","date_gmt":"2025-07-14T14:46:39","guid":{"rendered":"https:\/\/www.greendiscounter.com\/product\/bio-bizz-bio-heaven-1ltr\/"},"modified":"2025-08-19T18:46:26","modified_gmt":"2025-08-19T16:46:26","slug":"bio-bizz-bio-heaven-1ltr","status":"publish","type":"product","link":"https:\/\/www.greendiscounter.com\/de\/bio-bizz-bio-heaven-1ltr\/","title":{"rendered":"Bio Bizz | Bio-Heaven | 1ltr"},"content":{"rendered":"<div>\n<h1>BIOBIZZ Bio-Heaven 1 L &#8211; Bio-Energie-Booster<\/h1>\n<p>BIOBIZZ <strong>Bio-Heaven 1 L<\/strong> ist ein hochwertiger organischer &#8218;Stoffwechselstimulator&#8216;, der die Enzymaktivit\u00e4t und die N\u00e4hrstoffaufnahme Ihrer Pflanzen deutlich verbessert. Diese nat\u00fcrliche Formel verbessert sowohl die Gesundheit der Wurzeln als auch der Bl\u00e4tter und st\u00e4rkt die Widerstandskraft gegen Stress und Toxine.<\/p>\n<h2>Wichtigste Vorteile<\/h2>\n<ul>\n<li>\u2705 Erh\u00f6ht die N\u00e4hrstoffaufnahme um bis zu 95%<\/li>\n<li>\u2705 F\u00f6rdert die Erholung des Chlorophylls und kr\u00e4ftiges Blattgem\u00fcse<\/li>\n<li>\u2705 Bietet antioxidativen Schutz und beseitigt Giftstoffe<\/li>\n<li>\u2705 Verbessert die Feuchtigkeitsspeicherung und die Widerstandsf\u00e4higkeit gegen Umweltstress<\/li>\n<li>\u2705 Stimuliert das mikrobielle Leben mit kohlens\u00e4urehaltigen B\u00f6den<\/li>\n<\/ul>\n<h3>Anwendung und Dosierung<\/h3>\n<p>Wenden Sie ab Woche 2 der Wachstumsphase 2-5 ml pro Liter Wasser bis zwei Wochen vor der Ernte an. Gut mischen und innerhalb von 24 Stunden verwenden.<\/p>\n<h3>Produktdaten<\/h3>\n<ul>\n<li>Inhalt: 1 Liter<\/li>\n<li>NPK: 0.91-0.18-0.24<\/li>\n<li>Zertifizierung: 100% biologisch, f\u00fcr alle Substrate geeignet<\/li>\n<li>Geeignet f\u00fcr: Erde, Kokosnuss, Hydroponik, Blattspray<\/li>\n<\/ul>\n<p><strong>Hinweis:<\/strong> Geben Sie Bio-Heaven vor den anderen N\u00e4hrstoffen hinzu, mischen Sie es nicht in konzentrierter Form. Ersetzen Sie synthetische Zeitpl\u00e4ne durch organische Nahrung f\u00fcr eine optimale Leistung.<\/p>\n<\/div>\n","protected":false},"excerpt":{"rendered":"<p>BIOBIZZ Bio-Heaven 1 L ist ein hochwertiger organischer &#8218;Stoffwechselstimulator&#8216;, der die Enzymaktivit\u00e4t und die N\u00e4hrstoffaufnahme Ihrer Pflanzen deutlich verbessert. Diese nat\u00fcrliche Formel verbessert sowohl die Gesundheit der Wurzeln als auch der Bl\u00e4tter und st\u00e4rkt die Widerstandskraft gegen Stress und Toxine.<\/p>\n","protected":false},"featured_media":41414,"template":"","meta":[],"product_brand":[1061],"product_cat":[344,562,1064],"product_tag":[],"class_list":{"0":"post-41959","1":"product","2":"type-product","3":"status-publish","4":"has-post-thumbnail","6":"product_brand-biobizz","7":"product_cat-pflanzennahrung","8":"product_cat-uncategory-de","9":"product_cat-biobizz-de","11":"first","12":"instock","13":"taxable","14":"shipping-taxable","15":"purchasable","16":"product-type-simple"},"_links":{"self":[{"href":"https:\/\/www.greendiscounter.com\/de\/wp-json\/wp\/v2\/product\/41959","targetHints":{"allow":["GET"]}}],"collection":[{"href":"https:\/\/www.greendiscounter.com\/de\/wp-json\/wp\/v2\/product"}],"about":[{"href":"https:\/\/www.greendiscounter.com\/de\/wp-json\/wp\/v2\/types\/product"}],"version-history":[{"count":1,"href":"https:\/\/www.greendiscounter.com\/de\/wp-json\/wp\/v2\/product\/41959\/revisions"}],"predecessor-version":[{"id":42022,"href":"https:\/\/www.greendiscounter.com\/de\/wp-json\/wp\/v2\/product\/41959\/revisions\/42022"}],"wp:featuredmedia":[{"embeddable":true,"href":"https:\/\/www.greendiscounter.com\/de\/wp-json\/wp\/v2\/media\/41414"}],"wp:attachment":[{"href":"https:\/\/www.greendiscounter.com\/de\/wp-json\/wp\/v2\/media?parent=41959"}],"wp:term":[{"taxonomy":"product_brand","embeddable":true,"href":"https:\/\/www.greendiscounter.com\/de\/wp-json\/wp\/v2\/product_brand?post=41959"},{"taxonomy":"product_cat","embeddable":true,"href":"https:\/\/www.greendiscounter.com\/de\/wp-json\/wp\/v2\/product_cat?post=41959"},{"taxonomy":"product_tag","embeddable":true,"href":"https:\/\/www.greendiscounter.com\/de\/wp-json\/wp\/v2\/product_tag?post=41959"}],"curies":[{"name":"wp","href":"https:\/\/api.w.org\/{rel}","templated":true}]}}