 {"id":41955,"date":"2025-07-14T16:46:38","date_gmt":"2025-07-14T14:46:38","guid":{"rendered":"https:\/\/www.greendiscounter.com\/product\/bio-bizz-bio-heaven-250ml\/"},"modified":"2025-08-19T18:46:57","modified_gmt":"2025-08-19T16:46:57","slug":"bio-bizz-bio-heaven-250ml","status":"publish","type":"product","link":"https:\/\/www.greendiscounter.com\/de\/bio-bizz-bio-heaven-250ml\/","title":{"rendered":"Bio Bizz | Bio-Heaven | 250ml"},"content":{"rendered":"<div>\n<h1>BIOBIZZ Bio-Heaven 250 ml &#8211; Stimulator der biologischen Energie<\/h1>\n<p>BIOBIZZ <strong>Bio-Heaven 250 ml<\/strong> ist ein 100% organischer Energied\u00fcnger, der entwickelt wurde, um den Stoffwechsel Ihrer Pflanzen w\u00e4hrend des Wachstums und der Bl\u00fcte anzukurbeln. Diese potente Formel enth\u00e4lt sorgf\u00e4ltig ausgew\u00e4hlte biologische Stimulanzien, darunter Aminos\u00e4uren, die f\u00fcr Enzyme und die Proteinsynthese ben\u00f6tigt werden.<\/p>\n<h2>Wichtigste Vorteile<\/h2>\n<ul>\n<li>\u2705 Beschleunigt die Aufnahme von Makro- und Mikron\u00e4hrstoffen<\/li>\n<li>\u2705 Verbessert die Enzymaktivit\u00e4t und erh\u00f6ht die Chelatbildung f\u00fcr eine bessere N\u00e4hrstoffverf\u00fcgbarkeit<\/li>\n<li>\u2705 Unterst\u00fctzt die Fl\u00fcssigkeitsspeicherung und die Widerstandsf\u00e4higkeit gegen Stress<\/li>\n<li>\u2705 Liefert Kohlenstoff an Bodenmikroben f\u00fcr ein gesundes Wurzelumfeld<\/li>\n<li>\u2705 Hilft bei der Chlorophyllgewinnung und Entgiftung<\/li>\n<\/ul>\n<h3>Anwendung und Dosierung<\/h3>\n<p>Mischen Sie 2-5 ml pro Liter Wasser bei jeder Bew\u00e4sserung, ab der zweiten Wachstumsperiode bis zwei Wochen vor der Ernte (die L\u00f6sung sollte innerhalb von 24 Stunden verwendet werden).<\/p>\n<h3>Details<\/h3>\n<ul>\n<li>Inhalt: 250 ml<\/li>\n<li>NPK-Verh\u00e4ltnis: 0.91-0.18-0.24<\/li>\n<li>Anwendung: Wachstum, Bl\u00fcte, Borealis, Hydrosysteme<\/li>\n<li>Zertifizierungen: CU, OMRI, EU-Bio, Clean Green, Ecocert<\/li>\n<\/ul>\n<p><strong>Tipp:<\/strong> Verwenden Sie es in Kombination mit Ihrem BIOBIZZ-Ern\u00e4hrungsplan f\u00fcr optimale Ergebnisse.<\/p>\n<\/div>\n","protected":false},"excerpt":{"rendered":"<p>BIOBIZZ Bio-Heaven 250 ml ist ein 100% organischer Energied\u00fcnger, der entwickelt wurde, um den Stoffwechsel Ihrer Pflanzen w\u00e4hrend des Wachstums und der Bl\u00fcte anzukurbeln. Diese potente Formel enth\u00e4lt sorgf\u00e4ltig ausgew\u00e4hlte biologische Stimulanzien, darunter Aminos\u00e4uren, die f\u00fcr Enzyme und die Proteinsynthese ben\u00f6tigt werden.<\/p>\n","protected":false},"featured_media":41422,"template":"","meta":[],"product_brand":[1061],"product_cat":[1064,344,562],"product_tag":[],"class_list":{"0":"post-41955","1":"product","2":"type-product","3":"status-publish","4":"has-post-thumbnail","6":"product_brand-biobizz","7":"product_cat-biobizz-de","8":"product_cat-pflanzennahrung","9":"product_cat-uncategory-de","11":"first","12":"instock","13":"taxable","14":"shipping-taxable","15":"purchasable","16":"product-type-simple"},"_links":{"self":[{"href":"https:\/\/www.greendiscounter.com\/de\/wp-json\/wp\/v2\/product\/41955","targetHints":{"allow":["GET"]}}],"collection":[{"href":"https:\/\/www.greendiscounter.com\/de\/wp-json\/wp\/v2\/product"}],"about":[{"href":"https:\/\/www.greendiscounter.com\/de\/wp-json\/wp\/v2\/types\/product"}],"version-history":[{"count":1,"href":"https:\/\/www.greendiscounter.com\/de\/wp-json\/wp\/v2\/product\/41955\/revisions"}],"predecessor-version":[{"id":42025,"href":"https:\/\/www.greendiscounter.com\/de\/wp-json\/wp\/v2\/product\/41955\/revisions\/42025"}],"wp:featuredmedia":[{"embeddable":true,"href":"https:\/\/www.greendiscounter.com\/de\/wp-json\/wp\/v2\/media\/41422"}],"wp:attachment":[{"href":"https:\/\/www.greendiscounter.com\/de\/wp-json\/wp\/v2\/media?parent=41955"}],"wp:term":[{"taxonomy":"product_brand","embeddable":true,"href":"https:\/\/www.greendiscounter.com\/de\/wp-json\/wp\/v2\/product_brand?post=41955"},{"taxonomy":"product_cat","embeddable":true,"href":"https:\/\/www.greendiscounter.com\/de\/wp-json\/wp\/v2\/product_cat?post=41955"},{"taxonomy":"product_tag","embeddable":true,"href":"https:\/\/www.greendiscounter.com\/de\/wp-json\/wp\/v2\/product_tag?post=41955"}],"curies":[{"name":"wp","href":"https:\/\/api.w.org\/{rel}","templated":true}]}}