 {"id":41946,"date":"2025-07-14T16:46:42","date_gmt":"2025-07-14T14:46:42","guid":{"rendered":"https:\/\/www.greendiscounter.com\/product\/bio-bizz-acti-vera-1ltr\/"},"modified":"2025-07-14T16:46:42","modified_gmt":"2025-07-14T14:46:42","slug":"bio-bizz-acti-vera-1ltr","status":"publish","type":"product","link":"https:\/\/www.greendiscounter.com\/de\/bio-bizz-acti-vera-1ltr\/","title":{"rendered":"Bio Bizz | Acti-Vera | 1ltr"},"content":{"rendered":"<div>\n<h1>BIOBIZZ Acti-Vera 1 Liter &#8211; Nat\u00fcrlicher Pflanzenst\u00e4rker mit Aloe Vera<\/h1>\n<p>BIOBIZZ <strong>Acti-Vera 1 L<\/strong> ist ein kompletter organischer Pflanzenstimulator, der aus unverarbeitetem Aloe Vera-Gel hergestellt wird. Diese zu 100 % pflanzliche L\u00f6sung erh\u00f6ht die Widerstandsf\u00e4higkeit der Pflanzen, stimuliert das Wachstum im Wurzelbereich, f\u00f6rdert die Bl\u00fcte und verbessert die N\u00e4hrstoffaufnahme durch den Abbau von Zucker und die Stimulierung der n\u00fctzlichen Bodenflora.<\/p>\n<h2>Warum BIOBIZZ Acti-Vera?<\/h2>\n<ul>\n<li>\u2705 Verbessert die nat\u00fcrliche Immunantwort der Pflanzen<\/li>\n<li>\u2705 Bek\u00e4mpft Krankheiten, sch\u00e4dliche Bakterien, Pilze und Viren<\/li>\n<li>\u2705 F\u00f6rdert die Keimung von Samen und die Bildung von Stecklingen<\/li>\n<li>\u2705 Erh\u00f6ht Bl\u00fctenbildung, Ertrag, Geschmack und Aromen<\/li>\n<li>\u2705 Unterst\u00fctzt die N\u00e4hrstoffaufnahme durch Zuckerabbau und Bodenaktivierung<\/li>\n<\/ul>\n<h3>Einzigartige Zusammensetzung<\/h3>\n<p>Extrakte aus Aloe Vera enthalten mehr als 14 Enzyme, 9 Aminos\u00e4uren und Polysaccharide. Diese bioaktiven Verbindungen spalten Zucker f\u00fcr die Pflanzen auf, stimulieren die Bodenmikroben und erh\u00f6hen die Phytoalexin-Produktion f\u00fcr mehr Widerstandskraft und Vitalit\u00e4t.<\/p>\n<h3>Benutzerhandbuch<\/h3>\n<ul>\n<li>\ud83c\udf31 Wachstum: 2 ml\/L bei jeder Bew\u00e4sserung<\/li>\n<li>\ud83c\udf43 Blattbehandlung: max. 1 ml\/L bis zur zweiten Woche der Bl\u00fcte<\/li>\n<li>\ud83c\udf3a Bl\u00fcte: bis zu 5 ml\/L bis etwa eine Woche vor der Ernte aufbauen<\/li>\n<\/ul>\n<h3>Geeignet f\u00fcr<\/h3>\n<p>Acti-Vera kann in allen Anbausystemen verwendet werden: Erde, Kokosnuss, Hydroponik, drinnen und drau\u00dfen. Beginnen Sie mit dem Setzling oder Steckling und verwenden Sie ihn bis kurz vor der Ernte, um ein kr\u00e4ftiges, sauberes und aromatisches Endprodukt zu erhalten.<\/p>\n<h3>Details zum Produkt<\/h3>\n<ul>\n<li>Inhalt: 1 Liter<\/li>\n<li>Zertifizierung: 100% biologisch (CU, OMRI, vegan)<\/li>\n<li>Anwendung: Wachstums- und Bl\u00fctephase + Blattanwendung<\/li>\n<\/ul>\n<p><strong>Hinweis:<\/strong> Vor Gebrauch gut sch\u00fctteln und f\u00fcr eine optimale Synergie mit Bio-Grow oder Bio-Bloom kombinieren.<\/p>\n<\/div>\n","protected":false},"excerpt":{"rendered":"<p>BIOBIZZ <strong>Acti-Vera 1 L<\/strong> ist ein kompletter organischer Pflanzenstimulator, der aus unverarbeitetem Aloe Vera-Gel hergestellt wird. Diese zu 100 % pflanzliche L\u00f6sung erh\u00f6ht die Widerstandsf\u00e4higkeit der Pflanzen, stimuliert das Wachstum im Wurzelbereich, f\u00f6rdert die Bl\u00fcte und verbessert die N\u00e4hrstoffaufnahme durch den Abbau von Zucker und die Stimulierung der n\u00fctzlichen Bodenflora.<\/p>\n","protected":false},"featured_media":41389,"template":"","meta":[],"product_brand":[1061],"product_cat":[344,562,1064],"product_tag":[],"class_list":{"0":"post-41946","1":"product","2":"type-product","3":"status-publish","4":"has-post-thumbnail","6":"product_brand-biobizz","7":"product_cat-pflanzennahrung","8":"product_cat-uncategory-de","9":"product_cat-biobizz-de","11":"first","12":"instock","13":"taxable","14":"shipping-taxable","15":"purchasable","16":"product-type-simple"},"_links":{"self":[{"href":"https:\/\/www.greendiscounter.com\/de\/wp-json\/wp\/v2\/product\/41946","targetHints":{"allow":["GET"]}}],"collection":[{"href":"https:\/\/www.greendiscounter.com\/de\/wp-json\/wp\/v2\/product"}],"about":[{"href":"https:\/\/www.greendiscounter.com\/de\/wp-json\/wp\/v2\/types\/product"}],"version-history":[{"count":0,"href":"https:\/\/www.greendiscounter.com\/de\/wp-json\/wp\/v2\/product\/41946\/revisions"}],"wp:featuredmedia":[{"embeddable":true,"href":"https:\/\/www.greendiscounter.com\/de\/wp-json\/wp\/v2\/media\/41389"}],"wp:attachment":[{"href":"https:\/\/www.greendiscounter.com\/de\/wp-json\/wp\/v2\/media?parent=41946"}],"wp:term":[{"taxonomy":"product_brand","embeddable":true,"href":"https:\/\/www.greendiscounter.com\/de\/wp-json\/wp\/v2\/product_brand?post=41946"},{"taxonomy":"product_cat","embeddable":true,"href":"https:\/\/www.greendiscounter.com\/de\/wp-json\/wp\/v2\/product_cat?post=41946"},{"taxonomy":"product_tag","embeddable":true,"href":"https:\/\/www.greendiscounter.com\/de\/wp-json\/wp\/v2\/product_tag?post=41946"}],"curies":[{"name":"wp","href":"https:\/\/api.w.org\/{rel}","templated":true}]}}