 {"id":30765,"date":"2023-11-14T12:19:16","date_gmt":"2023-11-14T11:19:16","guid":{"rendered":"https:\/\/www.greendiscounter.com\/\/product\/bcuzz-aarde-ab-1-ltr\/"},"modified":"2025-08-29T11:38:26","modified_gmt":"2025-08-29T09:38:26","slug":"bcuzz-aarde-ab-1-ltr","status":"publish","type":"product","link":"https:\/\/www.greendiscounter.com\/de\/bcuzz-aarde-ab-1-ltr\/","title":{"rendered":"Atami B&#8217;cuzz | Erde A&amp;B | 1 ltr."},"content":{"rendered":"<p data-mce-fragment=\"1\"><span data-mce-fragment=\"1\">Professionele minerale voeding zonder afval. Speziell f\u00fcr den Anbau auf dem Boden entwickelt. Nur zusammen verwenden. Atami empfiehlt die Verwendung von Zusatzstoffen f\u00fcr beste Ergebnisse.<\/span><\/p>\n<p data-mce-fragment=\"1\"><span data-mce-fragment=\"1\">Geschikt voor een breed scala aan groenten, fruit, kruiden en specerijen zoals courgette, bonen en bonenkruid. Het kan ook worden gebruikt voor kamer- en potplanten (bijv. delphiniums, siergrassen).<\/span><\/p>\n<p>Deze voeding is alleen te gebruiken wanneer de B\u2019cuzz Aarde voeding A &amp; B samen en gelijktijdig in water met elkaar worden vermengd. F\u00fcr beste Ergebnisse empfehlen wir<\/p>\n<p>Atami die Verwendung von Wasser bei Raumtemperatur (21\u00b0C).<\/p>\n<p><strong>Dosierung:<\/strong> stark ged\u00fcngte Erde (Blumenerde): 1-3ml A und 1-3ml B pro Liter N\u00e4hrl\u00f6sung t\u00e4glich. Licht bemeste (pot)grond: dagelijks 1-5ml A en 1-5ml B per liter voedingsoplossing<\/p>\n<p><strong>NPK: <\/strong><\/p>\n<p>Ern\u00e4hrung des Bodens A: <strong>NK 3-3 W\/W<\/strong><\/p>\n<p>Bodenern\u00e4hrung B:<strong> PK 3-4 W\/W<\/strong><\/p>\n<p><strong>Achtung: Bei Zimmertemperatur aufbewahren. Goed schudden voor gebruik. Buiten bereik van kinderen houden. Na openen beperkt houdbaar. Niet om in te nemen. De producent stelt zich niet aansprakelijk voor eventuele ontstane schade conform onze algemene voorwaarden.<\/strong><\/p>\n<p data-mce-fragment=\"1\">\n","protected":false},"excerpt":{"rendered":"<p>Professionele minerale voeding zonder afval. Speziell f\u00fcr den Anbau auf dem Boden entwickelt. Nur zusammen verwenden. Atami empfiehlt die Verwendung von Zusatzstoffen f\u00fcr beste Ergebnisse.<\/p>\n","protected":false},"featured_media":24613,"template":"","meta":[],"product_brand":[],"product_cat":[388,344],"product_tag":[],"class_list":{"0":"post-30765","1":"product","2":"type-product","3":"status-publish","4":"has-post-thumbnail","6":"product_cat-atami-bcuzz-de","7":"product_cat-pflanzennahrung","9":"first","10":"instock","11":"taxable","12":"shipping-taxable","13":"purchasable","14":"product-type-simple"},"_links":{"self":[{"href":"https:\/\/www.greendiscounter.com\/de\/wp-json\/wp\/v2\/product\/30765","targetHints":{"allow":["GET"]}}],"collection":[{"href":"https:\/\/www.greendiscounter.com\/de\/wp-json\/wp\/v2\/product"}],"about":[{"href":"https:\/\/www.greendiscounter.com\/de\/wp-json\/wp\/v2\/types\/product"}],"version-history":[{"count":1,"href":"https:\/\/www.greendiscounter.com\/de\/wp-json\/wp\/v2\/product\/30765\/revisions"}],"predecessor-version":[{"id":42570,"href":"https:\/\/www.greendiscounter.com\/de\/wp-json\/wp\/v2\/product\/30765\/revisions\/42570"}],"wp:featuredmedia":[{"embeddable":true,"href":"https:\/\/www.greendiscounter.com\/de\/wp-json\/wp\/v2\/media\/24613"}],"wp:attachment":[{"href":"https:\/\/www.greendiscounter.com\/de\/wp-json\/wp\/v2\/media?parent=30765"}],"wp:term":[{"taxonomy":"product_brand","embeddable":true,"href":"https:\/\/www.greendiscounter.com\/de\/wp-json\/wp\/v2\/product_brand?post=30765"},{"taxonomy":"product_cat","embeddable":true,"href":"https:\/\/www.greendiscounter.com\/de\/wp-json\/wp\/v2\/product_cat?post=30765"},{"taxonomy":"product_tag","embeddable":true,"href":"https:\/\/www.greendiscounter.com\/de\/wp-json\/wp\/v2\/product_tag?post=30765"}],"curies":[{"name":"wp","href":"https:\/\/api.w.org\/{rel}","templated":true}]}}