 {"id":30739,"date":"2023-11-14T12:19:09","date_gmt":"2023-11-14T11:19:09","guid":{"rendered":"https:\/\/www.greendiscounter.com\/\/product\/ata-xl-5-ltr\/"},"modified":"2025-08-29T11:38:42","modified_gmt":"2025-08-29T09:38:42","slug":"ata-xl-5-ltr","status":"publish","type":"product","link":"https:\/\/www.greendiscounter.com\/de\/ata-xl-5-ltr\/","title":{"rendered":"Atami | ATA XL | 5 ltr."},"content":{"rendered":"<section>\n<h1>ATA-XL 5L &#8211; Professioneller Wachstums- und Bl\u00fchstimulator mit PK und Humins\u00e4uren<\/h1>\n<p><strong>ATA-XL 5 Liter<\/strong> ist ein leistungsstarkes und vielseitiges Supplement, das <strong>sowohl die Wachstums- als auch die Bl\u00fctephase<\/strong> unterst\u00fctzt. Diese <strong>Kombination aus Humins\u00e4uren, Pflanzenextrakten und PK-Mineralien<\/strong> macht das Produkt einzigartig in seiner Art. Es sorgt f\u00fcr ein starkes Wurzelsystem, erh\u00f6ht die N\u00e4hrstoffaufnahme und stimuliert die Produktion gr\u00f6\u00dferer Bl\u00fcten und Fr\u00fcchte. Ideal f\u00fcr den Einsatz in <strong>professionellen Anbauumgebungen<\/strong> wie Gew\u00e4chsh\u00e4usern und Hydroanlagen.<\/p>\n<h2>Die wichtigsten Vorteile von ATA-XL 5L<\/h2>\n<ul>\n<li>F\u00f6rdert eine starke Wurzelbildung und vitale Pflanzen<\/li>\n<li>Stimuliert die Entwicklung von Bl\u00fcten und Fr\u00fcchten f\u00fcr h\u00f6here Ernteertr\u00e4ge<\/li>\n<li>Humins\u00e4uren verbessern die N\u00e4hrstoffaufnahme durch Chelatbildung<\/li>\n<li>Erh\u00f6ht die Effizienz der Hauptnahrung und verhindert Mangelerscheinungen<\/li>\n<li>Geeignet f\u00fcr Erde, Cocos und Hydrokulturen im gro\u00dfen Stil<\/li>\n<\/ul>\n<h2>Anwendung und Dosierung<\/h2>\n<p>Geben Sie <strong>ATA-XL w\u00e4hrend des gesamten Kulturzyklus nach der Wurzelbildung<\/strong> hinzu. Verwenden Sie ihn in Kombination mit Ihrem regul\u00e4ren NPK-Basisd\u00fcnger.<\/p>\n<p><strong>Dosierung:<\/strong> 1 ml pro Liter Wasser.<\/p>\n<h2>Zur Verwendung mit:<\/h2>\n<ul>\n<li>Obstkulturen wie Beeren, Erdbeeren, Himbeeren<\/li>\n<li>Bl\u00fchende Zierpflanzen wie Anthurien und Orchideen<\/li>\n<li>Gro\u00dffl\u00e4chiger Gem\u00fcse- und Kr\u00e4uteranbau<\/li>\n<\/ul>\n<h2>NPK-Verh\u00e4ltnis<\/h2>\n<p><strong>PK:<\/strong> 2-2 (W\/W)<\/p>\n<p><em>ATA-XL 5 Liter ist die erste Wahl f\u00fcr professionelle Z\u00fcchter, die ihre Pflanzen zu einem kr\u00e4ftigen Wachstum und einer reichen Bl\u00fcte f\u00fchren wollen und dabei maximale Kontrolle \u00fcber den Prozess haben m\u00f6chten.<\/em><\/p>\n<\/section>\n","protected":false},"excerpt":{"rendered":"<p>ATA-XL 5 Liter ist ein leistungsstarkes und vielseitiges Supplement, das sowohl die Wachstums- als auch die Bl\u00fctephase unterst\u00fctzt. Diese Kombination aus Humins\u00e4uren, Pflanzenextrakten und PK-Mineralien macht das Produkt einzigartig in seiner Art. Es sorgt f\u00fcr ein starkes Wurzelsystem, erh\u00f6ht die N\u00e4hrstoffaufnahme und stimuliert die Produktion gr\u00f6\u00dferer Bl\u00fcten und Fr\u00fcchte. Ideal f\u00fcr den Einsatz in professionellen Anbauumgebungen wie Gew\u00e4chsh\u00e4usern und Hydroanlagen.<\/p>\n","protected":false},"featured_media":24599,"template":"","meta":[],"product_brand":[1050],"product_cat":[388,344],"product_tag":[],"class_list":{"0":"post-30739","1":"product","2":"type-product","3":"status-publish","4":"has-post-thumbnail","6":"product_brand-atami","7":"product_cat-atami-bcuzz-de","8":"product_cat-pflanzennahrung","10":"first","11":"instock","12":"taxable","13":"shipping-taxable","14":"purchasable","15":"product-type-simple"},"_links":{"self":[{"href":"https:\/\/www.greendiscounter.com\/de\/wp-json\/wp\/v2\/product\/30739","targetHints":{"allow":["GET"]}}],"collection":[{"href":"https:\/\/www.greendiscounter.com\/de\/wp-json\/wp\/v2\/product"}],"about":[{"href":"https:\/\/www.greendiscounter.com\/de\/wp-json\/wp\/v2\/types\/product"}],"version-history":[{"count":1,"href":"https:\/\/www.greendiscounter.com\/de\/wp-json\/wp\/v2\/product\/30739\/revisions"}],"predecessor-version":[{"id":42582,"href":"https:\/\/www.greendiscounter.com\/de\/wp-json\/wp\/v2\/product\/30739\/revisions\/42582"}],"wp:featuredmedia":[{"embeddable":true,"href":"https:\/\/www.greendiscounter.com\/de\/wp-json\/wp\/v2\/media\/24599"}],"wp:attachment":[{"href":"https:\/\/www.greendiscounter.com\/de\/wp-json\/wp\/v2\/media?parent=30739"}],"wp:term":[{"taxonomy":"product_brand","embeddable":true,"href":"https:\/\/www.greendiscounter.com\/de\/wp-json\/wp\/v2\/product_brand?post=30739"},{"taxonomy":"product_cat","embeddable":true,"href":"https:\/\/www.greendiscounter.com\/de\/wp-json\/wp\/v2\/product_cat?post=30739"},{"taxonomy":"product_tag","embeddable":true,"href":"https:\/\/www.greendiscounter.com\/de\/wp-json\/wp\/v2\/product_tag?post=30739"}],"curies":[{"name":"wp","href":"https:\/\/api.w.org\/{rel}","templated":true}]}}