 {"id":30302,"date":"2023-11-14T12:23:23","date_gmt":"2023-11-14T11:23:23","guid":{"rendered":"https:\/\/www.greendiscounter.com\/\/product\/dutch-pro-multi-total-1-ltr\/"},"modified":"2025-08-22T17:57:38","modified_gmt":"2025-08-22T15:57:38","slug":"dutch-pro-multi-total-1-ltr","status":"publish","type":"product","link":"https:\/\/www.greendiscounter.com\/de\/dutch-pro-multi-total-1-ltr\/","title":{"rendered":"Dutch Pro | Multi Total | 1 ltr."},"content":{"rendered":"<section class=\"product-description\">\n<h1>Dutch Pro Multi Total 1 Liter &#8211; Verbesserte N\u00e4hrstoffaufnahme &amp; Bodenfruchtbarkeit<\/h1>\n<p><strong>Dutch Pro Multi Total 1L<\/strong> ist ein leistungsstarker Boden- und Substrataufbereiter, der die <em>N\u00e4hrstoffoptimierung<\/em> unterst\u00fctzt. Dank einer reichhaltigen Zusammensetzung aus <strong>Humin- und Fulvos\u00e4uren<\/strong> und essentiellen Vitaminen f\u00f6rdert Multi Total den N\u00e4hrstofftransport, stimuliert das aktive Bodenleben und erh\u00f6ht die Substratfruchtbarkeit. Das Ergebnis: eine gesunde Wurzelzone, eine effizientere N\u00e4hrstoffnutzung und st\u00e4rkere, vitalere Pflanzen.<\/p>\n<h2>Was genau macht Multi Total?<\/h2>\n<p>Multi Total arbeitet an zwei Fronten. Einerseits verbessert es die <strong>Struktur des Substrats<\/strong> (einschlie\u00dflich Wasserr\u00fcckhalt und Luftigkeit), wodurch die Wurzeln tiefer und breiter wachsen k\u00f6nnen. Auf der anderen Seite erh\u00f6ht es die <strong>Kationenaustauschkapazit\u00e4t (CEC)<\/strong> des Mediums. Ein h\u00f6herer CEC-Wert bedeutet, dass das Substrat mehr positiv geladene N\u00e4hrstoffionen binden und austauschen kann, so dass den Pflanzen <em>mehr N\u00e4hrstoffe<\/em> zum richtigen Zeitpunkt <em>zur Verf\u00fcgung<\/em> stehen. Dies erh\u00f6ht Ihre Absorptionseffizienz und senkt Ihren Gesamtnahrungsverbrauch.<\/p>\n<h2>Wichtigste Vorteile<\/h2>\n<ul>\n<li><strong>Schnelleres, reicheres Wurzelwachstum<\/strong> durch verbesserte Bodenstruktur und Wassermanagement.<\/li>\n<li><strong>H\u00f6here CEC<\/strong> f\u00fcr bessere N\u00e4hrstoffpufferung und konstante N\u00e4hrstoffverf\u00fcgbarkeit.<\/li>\n<li><strong>Aktives mikrobielles Leben<\/strong> im Substrat f\u00fcr nat\u00fcrliche, nachhaltige Fruchtbarkeit.<\/li>\n<li><strong>Effizientere N\u00e4hrstoffnutzung<\/strong>: weniger Verbrauch, mehr Ergebnisse (Kosteneinsparungen).<\/li>\n<li><strong>Rohstoffe in Lebensmittelqualit\u00e4t<\/strong>, frei von Schwermetallen, sicher in der Anwendung.<\/li>\n<\/ul>\n<h2>Anwendung &amp; Dosierung<\/h2>\n<p>Verwenden Sie Multi Total w\u00e4hrend der <strong>Bl\u00fctephase<\/strong> jede zweite Woche ab Woche 1, bis zum Abbl\u00fchen.<\/p>\n<ul>\n<li><strong>Dosierung:<\/strong> 3,8 ml pro Liter Speisewasser.<\/li>\n<li><strong>Zeitplan:<\/strong> Woche 1, 3, 5, 7 &#8230; dann wiederholen Sie den Vorgang bis zur Sp\u00fclung.<\/li>\n<li><strong>Kompatibel mit:<\/strong> Erde, Kokosnuss und Hydrosystemen.<\/li>\n<\/ul>\n<p>So steigern Sie nicht nur die <strong>Zuckerbildung<\/strong> und den <strong>Gesamtertrag<\/strong>, sondern auch die Qualit\u00e4t und Konsistenz Ihrer Ernte &#8211; genau das, was Sie sich von einer kompakten, wirtschaftlichen 1-Liter-Packung w\u00fcnschen.<\/p>\n<\/section>\n","protected":false},"excerpt":{"rendered":"<p>Dutch Pro Multi Total 1L ist ein leistungsstarker Boden- und Substrataufbereiter, der die <em>N\u00e4hrstoffoptimierung<\/em> unterst\u00fctzt. Dank einer reichhaltigen Zusammensetzung aus Humin- und Fulvos\u00e4uren und essentiellen Vitaminen f\u00f6rdert Multi Total den N\u00e4hrstofftransport, stimuliert das aktive Bodenleben und erh\u00f6ht die Substratfruchtbarkeit. Das Ergebnis: eine gesunde Wurzelzone, eine effizientere N\u00e4hrstoffnutzung und st\u00e4rkere, vitalere Pflanzen.<\/p>\n","protected":false},"featured_media":25173,"template":"","meta":[],"product_brand":[1067],"product_cat":[555,344],"product_tag":[],"class_list":{"0":"post-30302","1":"product","2":"type-product","3":"status-publish","4":"has-post-thumbnail","6":"product_brand-dutch-pro","7":"product_cat-hollandischer-profi","8":"product_cat-pflanzennahrung","10":"first","11":"instock","12":"taxable","13":"shipping-taxable","14":"purchasable","15":"product-type-simple"},"_links":{"self":[{"href":"https:\/\/www.greendiscounter.com\/de\/wp-json\/wp\/v2\/product\/30302","targetHints":{"allow":["GET"]}}],"collection":[{"href":"https:\/\/www.greendiscounter.com\/de\/wp-json\/wp\/v2\/product"}],"about":[{"href":"https:\/\/www.greendiscounter.com\/de\/wp-json\/wp\/v2\/types\/product"}],"version-history":[{"count":1,"href":"https:\/\/www.greendiscounter.com\/de\/wp-json\/wp\/v2\/product\/30302\/revisions"}],"predecessor-version":[{"id":42307,"href":"https:\/\/www.greendiscounter.com\/de\/wp-json\/wp\/v2\/product\/30302\/revisions\/42307"}],"wp:featuredmedia":[{"embeddable":true,"href":"https:\/\/www.greendiscounter.com\/de\/wp-json\/wp\/v2\/media\/25173"}],"wp:attachment":[{"href":"https:\/\/www.greendiscounter.com\/de\/wp-json\/wp\/v2\/media?parent=30302"}],"wp:term":[{"taxonomy":"product_brand","embeddable":true,"href":"https:\/\/www.greendiscounter.com\/de\/wp-json\/wp\/v2\/product_brand?post=30302"},{"taxonomy":"product_cat","embeddable":true,"href":"https:\/\/www.greendiscounter.com\/de\/wp-json\/wp\/v2\/product_cat?post=30302"},{"taxonomy":"product_tag","embeddable":true,"href":"https:\/\/www.greendiscounter.com\/de\/wp-json\/wp\/v2\/product_tag?post=30302"}],"curies":[{"name":"wp","href":"https:\/\/api.w.org\/{rel}","templated":true}]}}