 {"id":30294,"date":"2023-11-14T12:23:26","date_gmt":"2023-11-14T11:23:26","guid":{"rendered":"https:\/\/www.greendiscounter.com\/\/product\/dutch-pro-silica-1-ltr\/"},"modified":"2025-08-22T17:56:32","modified_gmt":"2025-08-22T15:56:32","slug":"dutch-pro-silica-1-ltr","status":"publish","type":"product","link":"https:\/\/www.greendiscounter.com\/de\/dutch-pro-silica-1-ltr\/","title":{"rendered":"Dutch pro | Silica | Pflanzenbooster | 1 ltr"},"content":{"rendered":"<section class=\"product-description\">\n<h1>Dutchpro Silica &#8211; Von Liebig&#8217;s Special 1 Liter | Kiesels\u00e4ure f\u00fcr st\u00e4rkere Pflanzen<\/h1>\n<p><strong>Dutchpro Silica &#8211; Von Liebig&#8217;s Special 1L<\/strong> ist ein leistungsstarker Zusatzstoff auf Basis von Siliziumdioxid (SiO\u2082), der entwickelt wurde, um Ihre Pflanzen st\u00e4rker, ges\u00fcnder und widerstandsf\u00e4higer gegen Stress zu machen. Dank des hohen Gehalts von <strong>3,8% Monokiesels\u00e4ure<\/strong> und der Anwendung von Nanotechnologie bietet diese Kiesels\u00e4ure eine unvergleichliche Absorption und Wirksamkeit.<\/p>\n<h2>Warum Dutchpro Silica?<\/h2>\n<p>Silizium ist ein unverzichtbares Element, das oft in der normalen Ern\u00e4hrung fehlt. Es st\u00e4rkt die Zellw\u00e4nde, f\u00f6rdert dickere St\u00e4ngel und verbessert den Wasser- und N\u00e4hrstofftransport. Wenn Sie Dutchpro Silica in Ihren Futterplan aufnehmen, erh\u00f6hen Sie die Widerstandsf\u00e4higkeit Ihrer Pflanzen gegen Stressfaktoren wie Hitze, Trockenheit, Wind, Pilze und bakterielle Infektionen. Au\u00dferdem f\u00f6rdert es ein kr\u00e4ftigeres Wurzelsystem und schnelleres Wachstum, was zu schwereren und s\u00fc\u00dferen Fr\u00fcchten f\u00fchrt.<\/p>\n<h2>Die wichtigsten Vorteile von Dutchpro Silica 1L:<\/h2>\n<ul>\n<li>St\u00e4rkt die Zellstruktur und f\u00f6rdert <strong>dickere, stabilere St\u00e4mme<\/strong><\/li>\n<li>Erh\u00f6ht die Resistenz gegen Hitze, Trockenheit, Pilze und Krankheiten<\/li>\n<li>Stimuliert die Wurzelentwicklung und beschleunigt das Wachstum<\/li>\n<li>Verbesserte Aufnahme von N\u00e4hrstoffen und Wasser<\/li>\n<li>Benutzerfreundlich und f\u00fcr alle Anbausysteme geeignet<\/li>\n<\/ul>\n<h3>Anwendung &amp; Dosierung:<\/h3>\n<ul>\n<li>Zur Verwendung w\u00e4hrend des gesamten Anbauzyklus<\/li>\n<li>Dosierung: <strong>0,3 &#8211; 0,8 ml pro Liter Wasser<\/strong> (je nach Wachstumsstadium)<\/li>\n<li>Gut mit der N\u00e4hrl\u00f6sung mischen und den pH-Wert pr\u00fcfen<\/li>\n<\/ul>\n<p>Mit <strong>Dutchpro Silica 1L<\/strong> erh\u00f6hen Sie nicht nur die Widerstandsf\u00e4higkeit Ihrer Pflanzen, sondern sorgen auch f\u00fcr h\u00f6here Ertr\u00e4ge und eine bessere Produktqualit\u00e4t. Perfekt f\u00fcr Landwirte, die ihre Ernte maximieren m\u00f6chten.<\/p>\n<\/section>\n","protected":false},"excerpt":{"rendered":"<p>Dutchpro Silica &#8211; Von Liebig&#8217;s Special 1L ist ein leistungsstarker Zusatzstoff auf Basis von Siliziumdioxid (SiO\u2082), der entwickelt wurde, um Ihre Pflanzen st\u00e4rker, ges\u00fcnder und widerstandsf\u00e4higer gegen Stress zu machen. Dank des hohen Gehalts von 3,8% Monokiesels\u00e4ure und der Anwendung von Nanotechnologie bietet diese Kiesels\u00e4ure eine unvergleichliche Absorption und Wirksamkeit.<\/p>\n","protected":false},"featured_media":25179,"template":"","meta":[],"product_brand":[1067],"product_cat":[555,344],"product_tag":[],"class_list":{"0":"post-30294","1":"product","2":"type-product","3":"status-publish","4":"has-post-thumbnail","6":"product_brand-dutch-pro","7":"product_cat-hollandischer-profi","8":"product_cat-pflanzennahrung","10":"first","11":"instock","12":"taxable","13":"shipping-taxable","14":"purchasable","15":"product-type-simple"},"_links":{"self":[{"href":"https:\/\/www.greendiscounter.com\/de\/wp-json\/wp\/v2\/product\/30294","targetHints":{"allow":["GET"]}}],"collection":[{"href":"https:\/\/www.greendiscounter.com\/de\/wp-json\/wp\/v2\/product"}],"about":[{"href":"https:\/\/www.greendiscounter.com\/de\/wp-json\/wp\/v2\/types\/product"}],"version-history":[{"count":1,"href":"https:\/\/www.greendiscounter.com\/de\/wp-json\/wp\/v2\/product\/30294\/revisions"}],"predecessor-version":[{"id":42299,"href":"https:\/\/www.greendiscounter.com\/de\/wp-json\/wp\/v2\/product\/30294\/revisions\/42299"}],"wp:featuredmedia":[{"embeddable":true,"href":"https:\/\/www.greendiscounter.com\/de\/wp-json\/wp\/v2\/media\/25179"}],"wp:attachment":[{"href":"https:\/\/www.greendiscounter.com\/de\/wp-json\/wp\/v2\/media?parent=30294"}],"wp:term":[{"taxonomy":"product_brand","embeddable":true,"href":"https:\/\/www.greendiscounter.com\/de\/wp-json\/wp\/v2\/product_brand?post=30294"},{"taxonomy":"product_cat","embeddable":true,"href":"https:\/\/www.greendiscounter.com\/de\/wp-json\/wp\/v2\/product_cat?post=30294"},{"taxonomy":"product_tag","embeddable":true,"href":"https:\/\/www.greendiscounter.com\/de\/wp-json\/wp\/v2\/product_tag?post=30294"}],"curies":[{"name":"wp","href":"https:\/\/api.w.org\/{rel}","templated":true}]}}