 {"id":30282,"date":"2023-11-14T12:23:28","date_gmt":"2023-11-14T11:23:28","guid":{"rendered":"https:\/\/www.greendiscounter.com\/\/product\/dutch-pro-bloom-aarde-soil-ab-1-ltr\/"},"modified":"2025-08-22T17:52:37","modified_gmt":"2025-08-22T15:52:37","slug":"dutch-pro-bloom-aarde-soil-ab-1-ltr","status":"publish","type":"product","link":"https:\/\/www.greendiscounter.com\/de\/dutch-pro-bloom-aarde-soil-ab-1-ltr\/","title":{"rendered":"Dutch Pro | Erde\/Soil Bloom A&amp;B | Plant Nutrition | 1 ltr."},"content":{"rendered":"<section class=\"product-description\">\n<h1>Dutch Pro A+B Soil Bloom 1 Liter &#8211; Basisd\u00fcnger f\u00fcr die Bl\u00fctephase<\/h1>\n<p><strong>Dutch Pro A+B Soil Bloom 1L<\/strong> ist der ideale Basisd\u00fcnger f\u00fcr Hobbyg\u00e4rtner, die w\u00e4hrend der Bl\u00fctephase mit <em>Blumenerde<\/em> arbeiten. Dieses konzentrierte 2-Komponenten-System liefert alle wichtigen N\u00e4hrstoffe, die Ihre Pflanzen ben\u00f6tigen, um kr\u00e4ftig zu bl\u00fchen und hohe Ertr\u00e4ge zu erzielen.<\/p>\n<h2>Warum A+B Soil Bloom w\u00e4hlen?<\/h2>\n<p>Diese professionelle Pflanzennahrung wurde speziell entwickelt, um Ihre Pflanzen w\u00e4hrend der Bl\u00fctezeit mit dem richtigen Verh\u00e4ltnis von <strong>Phosphor, Kalium und Spurenelementen<\/strong> zu versorgen. Dank der 17 essentiellen N\u00e4hrstoffe in dieser Formel f\u00f6rdern Sie nicht nur eine gesunde Bl\u00fctenentwicklung, sondern auch einen optimalen Geschmack und ein optimales Aroma Ihrer Ernte.<\/p>\n<h2>Vorteile von Dutch Pro A+B Soil Bloom 1L<\/h2>\n<ul>\n<li>Speziell f\u00fcr die <strong>Bl\u00fctephase auf Blumenerde<\/strong> entwickelt<\/li>\n<li>Enth\u00e4lt 17 essentielle Makron\u00e4hrstoffe und Mikron\u00e4hrstoffe<\/li>\n<li>Optimale Aufnahme f\u00fcr <strong>maximalen Ertrag<\/strong><\/li>\n<li>Frei von PGRs und hinterl\u00e4sst keine R\u00fcckst\u00e4nde<\/li>\n<\/ul>\n<h3>Anwendung &amp; Dosierung<\/h3>\n<ul>\n<li>EC-Wert: 1,8 &#8211; 2,3<\/li>\n<li>NPK Bl\u00fctezeit: 4 &#8211; 1 &#8211; 6<\/li>\n<li>pH-Wert: 5,8 &#8211; 6,2<\/li>\n<\/ul>\n<p><strong>Mit Dutch Pro A+B Soil Bloom 1 Liter<\/strong> geben Sie Ihren Pflanzen den perfekten Start f\u00fcr eine kr\u00e4ftige Bl\u00fcte und eine hochwertige Ernte. Bestellen Sie jetzt und erleben Sie den Unterschied!<\/p>\n<\/section>\n","protected":false},"excerpt":{"rendered":"<p>Diese professionelle Pflanzennahrung wurde speziell entwickelt, um Ihre Pflanzen w\u00e4hrend der Bl\u00fctezeit mit dem richtigen Verh\u00e4ltnis von Phosphor, Kalium und Spurenelementen zu versorgen. Dank der 17 essentiellen N\u00e4hrstoffe in dieser Formel f\u00f6rdern Sie nicht nur eine gesunde Bl\u00fctenentwicklung, sondern auch einen optimalen Geschmack und ein optimales Aroma Ihrer Ernte.<\/p>\n","protected":false},"featured_media":25183,"template":"","meta":[],"product_brand":[1067],"product_cat":[555,344],"product_tag":[],"class_list":{"0":"post-30282","1":"product","2":"type-product","3":"status-publish","4":"has-post-thumbnail","6":"product_brand-dutch-pro","7":"product_cat-hollandischer-profi","8":"product_cat-pflanzennahrung","10":"first","11":"instock","12":"taxable","13":"shipping-taxable","14":"purchasable","15":"product-type-simple"},"_links":{"self":[{"href":"https:\/\/www.greendiscounter.com\/de\/wp-json\/wp\/v2\/product\/30282","targetHints":{"allow":["GET"]}}],"collection":[{"href":"https:\/\/www.greendiscounter.com\/de\/wp-json\/wp\/v2\/product"}],"about":[{"href":"https:\/\/www.greendiscounter.com\/de\/wp-json\/wp\/v2\/types\/product"}],"version-history":[{"count":1,"href":"https:\/\/www.greendiscounter.com\/de\/wp-json\/wp\/v2\/product\/30282\/revisions"}],"predecessor-version":[{"id":42295,"href":"https:\/\/www.greendiscounter.com\/de\/wp-json\/wp\/v2\/product\/30282\/revisions\/42295"}],"wp:featuredmedia":[{"embeddable":true,"href":"https:\/\/www.greendiscounter.com\/de\/wp-json\/wp\/v2\/media\/25183"}],"wp:attachment":[{"href":"https:\/\/www.greendiscounter.com\/de\/wp-json\/wp\/v2\/media?parent=30282"}],"wp:term":[{"taxonomy":"product_brand","embeddable":true,"href":"https:\/\/www.greendiscounter.com\/de\/wp-json\/wp\/v2\/product_brand?post=30282"},{"taxonomy":"product_cat","embeddable":true,"href":"https:\/\/www.greendiscounter.com\/de\/wp-json\/wp\/v2\/product_cat?post=30282"},{"taxonomy":"product_tag","embeddable":true,"href":"https:\/\/www.greendiscounter.com\/de\/wp-json\/wp\/v2\/product_tag?post=30282"}],"curies":[{"name":"wp","href":"https:\/\/api.w.org\/{rel}","templated":true}]}}