 {"id":30033,"date":"2023-11-14T12:23:42","date_gmt":"2023-11-14T11:23:42","guid":{"rendered":"https:\/\/www.greendiscounter.com\/\/product\/dutch-pro-grow-hydro-cocos-ab-10-ltr\/"},"modified":"2025-08-22T17:46:07","modified_gmt":"2025-08-22T15:46:07","slug":"dutch-pro-grow-hydro-cocos-ab-10-ltr","status":"publish","type":"product","link":"https:\/\/www.greendiscounter.com\/de\/dutch-pro-grow-hydro-cocos-ab-10-ltr\/","title":{"rendered":"Dutch Pro | Hydro\/cocos Growth A&amp;B | Plant Nutrition | 10 ltr"},"content":{"rendered":"<section>\n<h1>Dutch Pro A+B Hydro\/Coco Grow 10 Liter &#8211; Basisd\u00fcnger f\u00fcr gro\u00dfe G\u00e4rtnereien<\/h1>\n<p><strong>Dutch Pro A+B Hydro\/Coco Grow 10L<\/strong> ist die Wahl f\u00fcr professionelle Z\u00fcchter oder kommerzielle Kulturen. Diese extragro\u00dfe Packung bietet eine kosteng\u00fcnstige L\u00f6sung, ohne Kompromisse bei der Qualit\u00e4t einzugehen. Geeignet f\u00fcr Hydro- und Coco-Systeme, mit allen wichtigen N\u00e4hrstoffen f\u00fcr eine optimale Wachstumsphase.<\/p>\n<h2>Warum Dutch Pro A+B Hydro\/Coco Grow?<\/h2>\n<p>Dieser N\u00e4hrstoff wurde entwickelt, um Pflanzen in ihrer wichtigsten Phase zu unterst\u00fctzen &#8211; dem Wachstum. Durch eine Mischung aus hochwertigen Makro- und Mikron\u00e4hrstoffen auf der Grundlage des Liebigschen Gesetzes f\u00f6rdert diese Formel starke Wurzeln, gesunde Bl\u00e4tter und eine vitale Struktur. Das Ergebnis? Schnelleres Wachstum, h\u00f6here Ertr\u00e4ge und eine gesunde, bl\u00fchf\u00e4hige Pflanze.<\/p>\n<h2>Vorteile von Dutch Pro A+B Hydro\/Coco Grow 10L<\/h2>\n<ul>\n<li><strong>Maximale Effizienz:<\/strong> Gro\u00dfverpackungen f\u00fcr gro\u00dfe Ernten.<\/li>\n<li><strong>Vollst\u00e4ndige Ern\u00e4hrung:<\/strong> Enth\u00e4lt 17 essentielle Elemente f\u00fcr h\u00f6chste Qualit\u00e4t.<\/li>\n<li><strong>Perfekt f\u00fcr Hydro\/Kokos:<\/strong> Speziell f\u00fcr diese Substrate optimiert.<\/li>\n<li><strong>Kosteng\u00fcnstig:<\/strong> Hohe Konzentration f\u00fcr maximale Einsparungen.<\/li>\n<li><strong>Zuverl\u00e4ssige Absorption:<\/strong> Hinterl\u00e4sst keine R\u00fcckst\u00e4nde im System.<\/li>\n<\/ul>\n<h2>Anwendung und Dosierung<\/h2>\n<ol>\n<li>Beginnen Sie mit sauberem Wasser in Ihrem N\u00e4hrstofftank.<\/li>\n<li>Geben Sie zuerst Teil A hinzu, mischen Sie gut und f\u00fcgen Sie dann Teil B hinzu.<\/li>\n<li>Pr\u00fcfen Sie EC: 1,8-2,0 mS und stellen Sie den pH-Wert auf \u00b1 5,8 ein.<\/li>\n<\/ol>\n<h2>Warum 10 Liter w\u00e4hlen?<\/h2>\n<p>Die <strong>10-Liter-Variante<\/strong> ist die ultimative Wahl f\u00fcr gro\u00dfe G\u00e4rtnereien und Profis, die kontinuierlich hochwertige Nahrung einsetzen m\u00f6chten, ohne st\u00e4ndig nachbestellen zu m\u00fcssen.<\/p>\n<p><strong>Bestellen Sie Dutch Pro A+B Hydro\/Coco Grow 10L noch heute und optimieren Sie Ihre professionellen Anbauergebnisse!<\/strong><\/p>\n<\/section>\n","protected":false},"excerpt":{"rendered":"<p>Dutch Pro A+B Hydro\/Coco Grow 10L ist die Wahl f\u00fcr professionelle Z\u00fcchter oder kommerzielle Kulturen. Diese extragro\u00dfe Packung bietet eine kosteng\u00fcnstige L\u00f6sung, ohne Kompromisse bei der Qualit\u00e4t einzugehen. Geeignet f\u00fcr Hydro- und Coco-Systeme, mit allen wichtigen N\u00e4hrstoffen f\u00fcr eine optimale Wachstumsphase.<\/p>\n","protected":false},"featured_media":25207,"template":"","meta":[],"product_brand":[1067],"product_cat":[555,344],"product_tag":[],"class_list":{"0":"post-30033","1":"product","2":"type-product","3":"status-publish","4":"has-post-thumbnail","6":"product_brand-dutch-pro","7":"product_cat-hollandischer-profi","8":"product_cat-pflanzennahrung","10":"first","11":"instock","12":"taxable","13":"shipping-taxable","14":"purchasable","15":"product-type-simple"},"_links":{"self":[{"href":"https:\/\/www.greendiscounter.com\/de\/wp-json\/wp\/v2\/product\/30033","targetHints":{"allow":["GET"]}}],"collection":[{"href":"https:\/\/www.greendiscounter.com\/de\/wp-json\/wp\/v2\/product"}],"about":[{"href":"https:\/\/www.greendiscounter.com\/de\/wp-json\/wp\/v2\/types\/product"}],"version-history":[{"count":1,"href":"https:\/\/www.greendiscounter.com\/de\/wp-json\/wp\/v2\/product\/30033\/revisions"}],"predecessor-version":[{"id":42269,"href":"https:\/\/www.greendiscounter.com\/de\/wp-json\/wp\/v2\/product\/30033\/revisions\/42269"}],"wp:featuredmedia":[{"embeddable":true,"href":"https:\/\/www.greendiscounter.com\/de\/wp-json\/wp\/v2\/media\/25207"}],"wp:attachment":[{"href":"https:\/\/www.greendiscounter.com\/de\/wp-json\/wp\/v2\/media?parent=30033"}],"wp:term":[{"taxonomy":"product_brand","embeddable":true,"href":"https:\/\/www.greendiscounter.com\/de\/wp-json\/wp\/v2\/product_brand?post=30033"},{"taxonomy":"product_cat","embeddable":true,"href":"https:\/\/www.greendiscounter.com\/de\/wp-json\/wp\/v2\/product_cat?post=30033"},{"taxonomy":"product_tag","embeddable":true,"href":"https:\/\/www.greendiscounter.com\/de\/wp-json\/wp\/v2\/product_tag?post=30033"}],"curies":[{"name":"wp","href":"https:\/\/api.w.org\/{rel}","templated":true}]}}