 {"id":30027,"date":"2023-11-14T12:23:41","date_gmt":"2023-11-14T11:23:41","guid":{"rendered":"https:\/\/www.greendiscounter.com\/\/product\/dutch-pro-grow-hydro-cocos-ab-1-ltr\/"},"modified":"2025-08-22T17:46:50","modified_gmt":"2025-08-22T15:46:50","slug":"dutch-pro-grow-hydro-cocos-ab-1-ltr","status":"publish","type":"product","link":"https:\/\/www.greendiscounter.com\/de\/dutch-pro-grow-hydro-cocos-ab-1-ltr\/","title":{"rendered":"Dutch Pro | Hydro\/cocos Growth A&amp;B | Plant Nutrition | 1 ltr"},"content":{"rendered":"<section>\n<h1>Dutch Pro A+B Hydro\/Coco Grow 1 Liter &#8211; Grundn\u00e4hrstoff f\u00fcr optimales Wachstum<\/h1>\n<p><strong>Dutch Pro A+B Hydro\/Coco Grow 1L<\/strong> ist ein hochwertiger Basisd\u00fcnger, der speziell f\u00fcr Pflanzen entwickelt wurde, die in <strong>Hydro- und Kokosnuss-Systemen<\/strong> wachsen. Diese zweiteilige Formel liefert alle wichtigen Makro- und Mikron\u00e4hrstoffe, die Ihre Pflanzen f\u00fcr ein starkes, gesundes und schnelles Wachstum ben\u00f6tigen.<\/p>\n<h2>Warum Dutch Pro A+B Hydro\/Coco Grow w\u00e4hlen?<\/h2>\n<p>Pflanzen in Hydro- und Coco-Systemen haben einen besonderen N\u00e4hrstoffbedarf. Diese <strong>Zweikomponentennahrung<\/strong> basiert auf dem Liebigschen Gesetz und enth\u00e4lt alle 17 essentiellen Elemente, die eine Pflanze f\u00fcr ein optimales Wachstum ben\u00f6tigt. Dank der hochwertigen N\u00e4hrstoffe werden die Elemente vollst\u00e4ndig absorbiert und Ihre Pflanzen bleiben sauber und frei von unerw\u00fcnschten R\u00fcckst\u00e4nden.<\/p>\n<h2>Vorteile von Dutch Pro A+B Hydro\/Coco Grow 1L<\/h2>\n<ul>\n<li><strong>Speziell f\u00fcr Hydro und Coco:<\/strong> Optimiert f\u00fcr Systeme ohne Erde.<\/li>\n<li><strong>Alle wichtigen N\u00e4hrstoffe:<\/strong> Enth\u00e4lt 17 Schl\u00fcsselelemente f\u00fcr ein starkes Wachstum.<\/li>\n<li><strong>Zwei-Komponenten-System:<\/strong> Hilft der Pflanze in ihrer empfindlichsten Wachstumsphase.<\/li>\n<li><strong>Starke Wurzel- und Blattentwicklung:<\/strong> Unterst\u00fctzt gesunde Wurzeln und kr\u00e4ftige Triebe.<\/li>\n<li><strong>Hohe Absorptionseffizienz:<\/strong> hinterl\u00e4sst wenig oder keine R\u00fcckst\u00e4nde.<\/li>\n<\/ul>\n<h2>Anwendung und Dosierung<\/h2>\n<ol>\n<li>F\u00fcllen Sie das Futtergef\u00e4\u00df mit sauberem Wasser.<\/li>\n<li>F\u00fcgen Sie zuerst A hinzu, r\u00fchren Sie gut um und f\u00fcgen Sie dann B hinzu.<\/li>\n<li>EC-Wert: 1,8-2,0 (Abweichung bei bestimmten Ergebnissen m\u00f6glich).<\/li>\n<li>Pr\u00fcfen Sie den pH-Wert und stellen Sie ihn auf etwa 5,8 f\u00fcr Hydro\/Coco ein.<\/li>\n<\/ol>\n<h2>Warum 1 Liter w\u00e4hlen?<\/h2>\n<p>Perfekt f\u00fcr kleine Z\u00fcchter oder Anf\u00e4nger, die von einer erstklassigen Basisern\u00e4hrung profitieren m\u00f6chten, ohne gro\u00dfe Vorr\u00e4te anzulegen.<\/p>\n<p><strong>Bestellen Sie Dutch Pro A+B Hydro\/Coco Grow 1L noch heute und geben Sie Ihren Pflanzen die N\u00e4hrstoffe, die sie verdienen!<\/strong><\/p>\n<\/section>\n","protected":false},"excerpt":{"rendered":"<p>Dutch Pro A+B Hydro\/Coco Grow 1L ist ein hochwertiger Basisd\u00fcnger, der speziell f\u00fcr Pflanzen entwickelt wurde, die in Hydro- und Kokosnuss-Systemen wachsen. Diese zweiteilige Formel liefert alle wichtigen Makro- und Mikron\u00e4hrstoffe, die Ihre Pflanzen f\u00fcr ein starkes, gesundes und schnelles Wachstum ben\u00f6tigen.<\/p>\n","protected":false},"featured_media":25205,"template":"","meta":[],"product_brand":[1067],"product_cat":[555,344],"product_tag":[],"class_list":{"0":"post-30027","1":"product","2":"type-product","3":"status-publish","4":"has-post-thumbnail","6":"product_brand-dutch-pro","7":"product_cat-hollandischer-profi","8":"product_cat-pflanzennahrung","10":"first","11":"instock","12":"taxable","13":"shipping-taxable","14":"purchasable","15":"product-type-simple"},"_links":{"self":[{"href":"https:\/\/www.greendiscounter.com\/de\/wp-json\/wp\/v2\/product\/30027","targetHints":{"allow":["GET"]}}],"collection":[{"href":"https:\/\/www.greendiscounter.com\/de\/wp-json\/wp\/v2\/product"}],"about":[{"href":"https:\/\/www.greendiscounter.com\/de\/wp-json\/wp\/v2\/types\/product"}],"version-history":[{"count":1,"href":"https:\/\/www.greendiscounter.com\/de\/wp-json\/wp\/v2\/product\/30027\/revisions"}],"predecessor-version":[{"id":42274,"href":"https:\/\/www.greendiscounter.com\/de\/wp-json\/wp\/v2\/product\/30027\/revisions\/42274"}],"wp:featuredmedia":[{"embeddable":true,"href":"https:\/\/www.greendiscounter.com\/de\/wp-json\/wp\/v2\/media\/25205"}],"wp:attachment":[{"href":"https:\/\/www.greendiscounter.com\/de\/wp-json\/wp\/v2\/media?parent=30027"}],"wp:term":[{"taxonomy":"product_brand","embeddable":true,"href":"https:\/\/www.greendiscounter.com\/de\/wp-json\/wp\/v2\/product_brand?post=30027"},{"taxonomy":"product_cat","embeddable":true,"href":"https:\/\/www.greendiscounter.com\/de\/wp-json\/wp\/v2\/product_cat?post=30027"},{"taxonomy":"product_tag","embeddable":true,"href":"https:\/\/www.greendiscounter.com\/de\/wp-json\/wp\/v2\/product_tag?post=30027"}],"curies":[{"name":"wp","href":"https:\/\/api.w.org\/{rel}","templated":true}]}}