 {"id":30026,"date":"2023-11-14T12:23:38","date_gmt":"2023-11-14T11:23:38","guid":{"rendered":"https:\/\/www.greendiscounter.com\/\/product\/dutch-pro-wachstumserde-erde-ab-1-ltr\/"},"modified":"2025-08-22T17:49:02","modified_gmt":"2025-08-22T15:49:02","slug":"dutch-pro-wachstumserde-erde-ab-1-ltr","status":"publish","type":"product","link":"https:\/\/www.greendiscounter.com\/de\/dutch-pro-wachstumserde-erde-ab-1-ltr\/","title":{"rendered":"Dutch Pro | Erde\/Soil Wachstum A&amp;B | Pflanzennahrung | 1 ltr."},"content":{"rendered":"<section>\n<h1>Dutch Pro A+B Soil Grow 1 Liter &#8211; Grundn\u00e4hrstoff f\u00fcr das Wachstum im Boden<\/h1>\n<p><strong>Dutch Pro A+B Soil Grow 1L<\/strong> ist ein hochwertiger Basisd\u00fcnger, der speziell f\u00fcr Pflanzen entwickelt wurde, die in Blumenerde wachsen. Diese zweiteilige Ern\u00e4hrung versorgt Ihre Pflanzen mit allen wichtigen Makro- und Mikron\u00e4hrstoffen f\u00fcr eine gesunde und kr\u00e4ftige Wachstumsphase. Perfekt f\u00fcr den Anbau drinnen und drau\u00dfen.<\/p>\n<h2>Warum Dutch Pro A+B Soil Grow w\u00e4hlen?<\/h2>\n<p>W\u00e4hrend der Wachstumsphase ist Ihre Pflanze am anf\u00e4lligsten. Pilze und Bakterien k\u00f6nnen Wurzeln und Bl\u00e4tter sch\u00e4digen. Dutch Pro A+B Soil Grow bietet eine ausgewogene Mischung aus 17 essentiellen Elementen, basierend auf dem Liebigschen Gesetz, f\u00fcr eine optimale Entwicklung, starke Wurzeln und eine maximale Wachstumsrate.<\/p>\n<h2>Vorteile von Dutch Pro A+B Soil Grow 1L<\/h2>\n<ul>\n<li><strong>Speziell f\u00fcr Blumenerde:<\/strong> Optimiert f\u00fcr den Anbau in Erde.<\/li>\n<li><strong>Vollst\u00e4ndiges N\u00e4hrwertprofil:<\/strong> Enth\u00e4lt 17 Schl\u00fcsselelemente.<\/li>\n<li><strong>Zwei-Komponenten-System:<\/strong> sorgt f\u00fcr maximale Absorption ohne R\u00fcckst\u00e4nde.<\/li>\n<li><strong>F\u00f6rdert starke Wurzeln und Triebe:<\/strong> Unverzichtbar f\u00fcr gesunde Pflanzen.<\/li>\n<li><strong>Kleines Paket:<\/strong> Ideal f\u00fcr Anf\u00e4nger oder kleine Growr\u00e4ume.<\/li>\n<\/ul>\n<h2>Dosierung und Anwendung<\/h2>\n<ol>\n<li>F\u00fcllen Sie das Futtergef\u00e4\u00df mit sauberem Wasser.<\/li>\n<li>F\u00fcgen Sie zuerst A hinzu, r\u00fchren Sie gut um und f\u00fcgen Sie dann B hinzu.<\/li>\n<li>Setzen Sie EC auf 1,5-2,0 (je nach Bedarf).<\/li>\n<li>Pr\u00fcfen Sie den pH-Wert (5,8-6,2).<\/li>\n<\/ol>\n<p><strong>Bestellen Sie Dutch Pro A+B Soil Grow 1L noch heute und geben Sie Ihren Pflanzen einen guten Start!<\/strong><\/p>\n<\/section>\n","protected":false},"excerpt":{"rendered":"<p>Dutch Pro A+B Soil Grow 1L ist ein hochwertiger Basisd\u00fcnger, der speziell f\u00fcr Pflanzen entwickelt wurde, die in Blumenerde wachsen. Diese zweiteilige Ern\u00e4hrung versorgt Ihre Pflanzen mit allen wichtigen Makro- und Mikron\u00e4hrstoffen f\u00fcr eine gesunde und kr\u00e4ftige Wachstumsphase. Perfekt f\u00fcr den Anbau drinnen und drau\u00dfen.<\/p>\n<p>W\u00e4hrend der Wachstumsphase ist Ihre Pflanze am anf\u00e4lligsten. Pilze und Bakterien k\u00f6nnen Wurzeln und Bl\u00e4tter sch\u00e4digen. Dutch Pro A+B Soil Grow bietet eine ausgewogene Mischung aus 17 essentiellen Elementen, basierend auf dem Liebigschen Gesetz, f\u00fcr eine optimale Entwicklung, starke Wurzeln und eine maximale Wachstumsrate.<\/p>\n","protected":false},"featured_media":25199,"template":"","meta":[],"product_brand":[1067],"product_cat":[555,344],"product_tag":[],"class_list":{"0":"post-30026","1":"product","2":"type-product","3":"status-publish","4":"has-post-thumbnail","6":"product_brand-dutch-pro","7":"product_cat-hollandischer-profi","8":"product_cat-pflanzennahrung","10":"first","11":"instock","12":"taxable","13":"shipping-taxable","14":"purchasable","15":"product-type-simple"},"_links":{"self":[{"href":"https:\/\/www.greendiscounter.com\/de\/wp-json\/wp\/v2\/product\/30026","targetHints":{"allow":["GET"]}}],"collection":[{"href":"https:\/\/www.greendiscounter.com\/de\/wp-json\/wp\/v2\/product"}],"about":[{"href":"https:\/\/www.greendiscounter.com\/de\/wp-json\/wp\/v2\/types\/product"}],"version-history":[{"count":1,"href":"https:\/\/www.greendiscounter.com\/de\/wp-json\/wp\/v2\/product\/30026\/revisions"}],"predecessor-version":[{"id":42279,"href":"https:\/\/www.greendiscounter.com\/de\/wp-json\/wp\/v2\/product\/30026\/revisions\/42279"}],"wp:featuredmedia":[{"embeddable":true,"href":"https:\/\/www.greendiscounter.com\/de\/wp-json\/wp\/v2\/media\/25199"}],"wp:attachment":[{"href":"https:\/\/www.greendiscounter.com\/de\/wp-json\/wp\/v2\/media?parent=30026"}],"wp:term":[{"taxonomy":"product_brand","embeddable":true,"href":"https:\/\/www.greendiscounter.com\/de\/wp-json\/wp\/v2\/product_brand?post=30026"},{"taxonomy":"product_cat","embeddable":true,"href":"https:\/\/www.greendiscounter.com\/de\/wp-json\/wp\/v2\/product_cat?post=30026"},{"taxonomy":"product_tag","embeddable":true,"href":"https:\/\/www.greendiscounter.com\/de\/wp-json\/wp\/v2\/product_tag?post=30026"}],"curies":[{"name":"wp","href":"https:\/\/api.w.org\/{rel}","templated":true}]}}