 {"id":30022,"date":"2023-11-14T12:23:37","date_gmt":"2023-11-14T11:23:37","guid":{"rendered":"https:\/\/www.greendiscounter.com\/\/product\/dutch-pro-explosion-5-ltr\/"},"modified":"2025-08-22T17:50:29","modified_gmt":"2025-08-22T15:50:29","slug":"dutch-pro-explosion-5-ltr","status":"publish","type":"product","link":"https:\/\/www.greendiscounter.com\/de\/dutch-pro-explosion-5-ltr\/","title":{"rendered":"Dutch Pro | Explode | Bl\u00fchstimulator | 5 ltr."},"content":{"rendered":"<section>\n<h1>Dutchpro Explode 5L &#8211; Professioneller Bl\u00fcte-Booster f\u00fcr maximalen Ertrag<\/h1>\n<p><strong>Dutchpro Explode 5 Liter<\/strong> ist die ultimative L\u00f6sung f\u00fcr ernsthafte Z\u00fcchter, die das Beste aus ihren Pflanzen herausholen wollen. Dieser leistungsstarke Booster steigert die Zuckerproduktion und optimiert den Stoffwechsel w\u00e4hrend der Bl\u00fcte, wodurch Ihre Bl\u00fcten schwerer, kompakter und geschmackvoller werden.<\/p>\n<h2>Was macht Dutchpro Explode einzigartig?<\/h2>\n<p>Explode enth\u00e4lt eine ausgewogene Mischung aus Vitaminen, Makron\u00e4hrstoffen und Spurenelementen, die direkt von der Pflanze aufgenommen werden. Dies stimuliert die Chlorophyllproduktion und erh\u00f6ht die Effizienz der Photosynthese, was zu mehr Energie und einer explosiven Bl\u00fcte f\u00fchrt.<\/p>\n<h2>Wichtigste Vorteile<\/h2>\n<ul>\n<li><strong>Mehr Trichome:<\/strong> Besserer Geruch, Geschmack und Qualit\u00e4t.<\/li>\n<li><strong>H\u00f6here Ertr\u00e4ge:<\/strong> Kompakte, schwere Knospen.<\/li>\n<li><strong>Erh\u00f6hte Widerstandsf\u00e4higkeit der Pflanzen:<\/strong> verringertes Risiko von Pilzen und Krankheiten.<\/li>\n<li><strong>Kosteng\u00fcnstig:<\/strong> hohe Konzentration &#8211; geringer Verbrauch.<\/li>\n<\/ul>\n<h2>Verwenden Sie<\/h2>\n<p>Geben Sie <strong>0,5 &#8211; 1,5 ml pro Liter Wasser<\/strong> w\u00e4hrend der Bl\u00fctephase hinzu. F\u00fcr optimale Ergebnisse kombinieren Sie es mit Dutchpro Basisn\u00e4hrstoffen und pH-Regulatoren.<\/p>\n<p><strong>Kaufen Sie jetzt Dutchpro Explode 5L und heben Sie Ihre Ernte auf das h\u00f6chste Niveau!<\/strong><\/p>\n<\/section>\n","protected":false},"excerpt":{"rendered":"<p>Dutchpro Explode 5 Liter ist die ultimative L\u00f6sung f\u00fcr ernsthafte Z\u00fcchter, die das Beste aus ihren Pflanzen herausholen wollen. Dieser leistungsstarke Booster steigert die Zuckerproduktion und optimiert den Stoffwechsel w\u00e4hrend der Bl\u00fcte, wodurch Ihre Bl\u00fcten schwerer, kompakter und geschmackvoller werden.<\/p>\n<p>Explode enth\u00e4lt eine ausgewogene Mischung aus Vitaminen, Makron\u00e4hrstoffen und Spurenelementen, die direkt von der Pflanze aufgenommen werden. Dies stimuliert die Chlorophyllproduktion und erh\u00f6ht die Effizienz der Photosynthese, was zu mehr Energie und einer explosiven Bl\u00fcte f\u00fchrt.<\/p>\n<h2><\/h2>\n","protected":false},"featured_media":25197,"template":"","meta":[],"product_brand":[1067],"product_cat":[555,344],"product_tag":[],"class_list":{"0":"post-30022","1":"product","2":"type-product","3":"status-publish","4":"has-post-thumbnail","6":"product_brand-dutch-pro","7":"product_cat-hollandischer-profi","8":"product_cat-pflanzennahrung","10":"first","11":"instock","12":"taxable","13":"shipping-taxable","14":"purchasable","15":"product-type-simple"},"_links":{"self":[{"href":"https:\/\/www.greendiscounter.com\/de\/wp-json\/wp\/v2\/product\/30022","targetHints":{"allow":["GET"]}}],"collection":[{"href":"https:\/\/www.greendiscounter.com\/de\/wp-json\/wp\/v2\/product"}],"about":[{"href":"https:\/\/www.greendiscounter.com\/de\/wp-json\/wp\/v2\/types\/product"}],"version-history":[{"count":1,"href":"https:\/\/www.greendiscounter.com\/de\/wp-json\/wp\/v2\/product\/30022\/revisions"}],"predecessor-version":[{"id":42283,"href":"https:\/\/www.greendiscounter.com\/de\/wp-json\/wp\/v2\/product\/30022\/revisions\/42283"}],"wp:featuredmedia":[{"embeddable":true,"href":"https:\/\/www.greendiscounter.com\/de\/wp-json\/wp\/v2\/media\/25197"}],"wp:attachment":[{"href":"https:\/\/www.greendiscounter.com\/de\/wp-json\/wp\/v2\/media?parent=30022"}],"wp:term":[{"taxonomy":"product_brand","embeddable":true,"href":"https:\/\/www.greendiscounter.com\/de\/wp-json\/wp\/v2\/product_brand?post=30022"},{"taxonomy":"product_cat","embeddable":true,"href":"https:\/\/www.greendiscounter.com\/de\/wp-json\/wp\/v2\/product_cat?post=30022"},{"taxonomy":"product_tag","embeddable":true,"href":"https:\/\/www.greendiscounter.com\/de\/wp-json\/wp\/v2\/product_tag?post=30022"}],"curies":[{"name":"wp","href":"https:\/\/api.w.org\/{rel}","templated":true}]}}