 {"id":30015,"date":"2023-11-14T12:23:31","date_gmt":"2023-11-14T11:23:31","guid":{"rendered":"https:\/\/www.greendiscounter.com\/\/product\/dutch-pro-bloom-hydro-cocos-ab-1-ltr\/"},"modified":"2025-08-22T17:51:30","modified_gmt":"2025-08-22T15:51:30","slug":"dutch-pro-bloom-hydro-cocos-ab-1-ltr","status":"publish","type":"product","link":"https:\/\/www.greendiscounter.com\/de\/dutch-pro-bloom-hydro-cocos-ab-1-ltr\/","title":{"rendered":"Dutch Pro | Hydro\/cocos Bloom A&amp;B | Pflanzennahrung | 1 ltr."},"content":{"rendered":"<section>\n<h1>Dutch Pro A+B Hydro\/Coco Bloom 1L &#8211; Perfekte Ern\u00e4hrung f\u00fcr die Bl\u00fctephase<\/h1>\n<p><strong>Dutch Pro A+B Hydro\/Coco Bloom 1 Liter<\/strong> ist der Basisd\u00fcnger f\u00fcr Z\u00fcchter, die auf Hydro- oder Kokosnussmedium anbauen und ihren Pflanzen w\u00e4hrend der Bl\u00fctephase maximale Kraft und N\u00e4hrstoffe geben wollen. Dieses zweiteilige System versorgt Ihre Pflanzen mit allen wichtigen Makro- und Mikroelementen, die f\u00fcr eine reiche, kr\u00e4ftige Bl\u00fcte und hohe Ertr\u00e4ge ben\u00f6tigt werden.<\/p>\n<h2>Warum Dutch Pro A+B Bloom?<\/h2>\n<ul>\n<li><strong>Vollst\u00e4ndige N\u00e4hrstoffbilanz:<\/strong> enth\u00e4lt alle 17 essentiellen Elemente nach dem Liebigschen Gesetz.<\/li>\n<li><strong>Optimale Bl\u00fcte:<\/strong> Stimuliert die maximale Bl\u00fctenbildung und Fruchtentwicklung.<\/li>\n<li><strong>Sauber und sicher:<\/strong> Hergestellt aus hochwertigen, lebensmittelechten Rohstoffen &#8211; hinterl\u00e4sst keine R\u00fcckst\u00e4nde.<\/li>\n<li><strong>Keine PGRs:<\/strong> 100% frei von sch\u00e4dlichen Wachstumsregulatoren.<\/li>\n<\/ul>\n<h2>Wie funktioniert das?<\/h2>\n<p>W\u00e4hrend der Bl\u00fctephase ben\u00f6tigt die Pflanze zus\u00e4tzliche Energie, um Bl\u00fcten und Fr\u00fcchte zu produzieren. Dutch Pro A+B Bloom Hydro\/Coco liefert die perfekte Balance von Stickstoff, Phosphor, Kalium und Spurenelementen und macht Ihre Pflanzen st\u00e4rker, ges\u00fcnder und produktiver.<\/p>\n<h2>Anwendung &amp; Dosierung<\/h2>\n<p>Mischen Sie <strong>A+B zu gleichen Teilen<\/strong> und f\u00fcgen Sie dem Speisewasser einen EC-Wert von <strong>2,2 &#8211; 2,4<\/strong> zu. Empfohlener pH-Wert: 5,8 &#8211; 6,2. Verwenden Sie es w\u00e4hrend der gesamten Bl\u00fctezeit f\u00fcr optimale Ergebnisse.<\/p>\n<p><strong>Bestellen Sie Dutch Pro A+B Hydro\/Coco Bloom 1L und steigern Sie Ihre Ernte noch heute!<\/strong><\/p>\n<\/section>\n","protected":false},"excerpt":{"rendered":"<p>Dutch Pro A+B Hydro\/Coco Bloom 1 Liter ist der Basisd\u00fcnger f\u00fcr Z\u00fcchter, die auf Hydro- oder Kokosnussmedium anbauen und ihren Pflanzen w\u00e4hrend der Bl\u00fctephase maximale Kraft und N\u00e4hrstoffe geben wollen. Dieses zweiteilige System versorgt Ihre Pflanzen mit allen wichtigen Makro- und Mikroelementen, die f\u00fcr eine reiche, kr\u00e4ftige Bl\u00fcte und hohe Ertr\u00e4ge ben\u00f6tigt werden.<\/p>\n","protected":false},"featured_media":25189,"template":"","meta":[],"product_brand":[1067],"product_cat":[555,344],"product_tag":[],"class_list":{"0":"post-30015","1":"product","2":"type-product","3":"status-publish","4":"has-post-thumbnail","6":"product_brand-dutch-pro","7":"product_cat-hollandischer-profi","8":"product_cat-pflanzennahrung","10":"first","11":"instock","12":"taxable","13":"shipping-taxable","14":"purchasable","15":"product-type-simple"},"_links":{"self":[{"href":"https:\/\/www.greendiscounter.com\/de\/wp-json\/wp\/v2\/product\/30015","targetHints":{"allow":["GET"]}}],"collection":[{"href":"https:\/\/www.greendiscounter.com\/de\/wp-json\/wp\/v2\/product"}],"about":[{"href":"https:\/\/www.greendiscounter.com\/de\/wp-json\/wp\/v2\/types\/product"}],"version-history":[{"count":1,"href":"https:\/\/www.greendiscounter.com\/de\/wp-json\/wp\/v2\/product\/30015\/revisions"}],"predecessor-version":[{"id":42290,"href":"https:\/\/www.greendiscounter.com\/de\/wp-json\/wp\/v2\/product\/30015\/revisions\/42290"}],"wp:featuredmedia":[{"embeddable":true,"href":"https:\/\/www.greendiscounter.com\/de\/wp-json\/wp\/v2\/media\/25189"}],"wp:attachment":[{"href":"https:\/\/www.greendiscounter.com\/de\/wp-json\/wp\/v2\/media?parent=30015"}],"wp:term":[{"taxonomy":"product_brand","embeddable":true,"href":"https:\/\/www.greendiscounter.com\/de\/wp-json\/wp\/v2\/product_brand?post=30015"},{"taxonomy":"product_cat","embeddable":true,"href":"https:\/\/www.greendiscounter.com\/de\/wp-json\/wp\/v2\/product_cat?post=30015"},{"taxonomy":"product_tag","embeddable":true,"href":"https:\/\/www.greendiscounter.com\/de\/wp-json\/wp\/v2\/product_tag?post=30015"}],"curies":[{"name":"wp","href":"https:\/\/api.w.org\/{rel}","templated":true}]}}