 {"id":30007,"date":"2023-11-14T12:23:47","date_gmt":"2023-11-14T11:23:47","guid":{"rendered":"https:\/\/www.greendiscounter.com\/\/product\/dutch-pro-ph-bloom-5-ltr\/"},"modified":"2025-08-22T17:43:31","modified_gmt":"2025-08-22T15:43:31","slug":"dutch-pro-ph-bloom-5-ltr","status":"publish","type":"product","link":"https:\/\/www.greendiscounter.com\/de\/dutch-pro-ph-bloom-5-ltr\/","title":{"rendered":"Dutch Pro | PH- bloom | 5 ltr"},"content":{"rendered":"<section>\n<h1>Dutch Pro pH- Bloom 5 Liter &#8211; Professioneller pH-Regler f\u00fcr bl\u00fchende Pflanzen<\/h1>\n<p><strong>Dutch Pro pH- Bloom 5L<\/strong> ist die ideale L\u00f6sung f\u00fcr Z\u00fcchter, die mit gr\u00f6\u00dferen Pflanzen arbeiten und w\u00e4hrend der Bl\u00fctephase einen stabilen pH-Wert aufrechterhalten m\u00f6chten. Mit Phosphors\u00e4ure als Hauptbestandteil senkt dieses Produkt effektiv den pH-Wert Ihres N\u00e4hrwassers, was zu einer besseren Aufnahme von essentiellen N\u00e4hrstoffen und einer optimalen Bl\u00fcte f\u00fchrt.<\/p>\n<h2>Warum ist der pH-Wert so wichtig?<\/h2>\n<p>Der richtige pH-Wert sorgt daf\u00fcr, dass Ihre Pflanzen alle Makro- und Mikron\u00e4hrstoffe aufnehmen k\u00f6nnen. W\u00e4hrend der Bl\u00fctephase ist dies besonders wichtig, um die Bl\u00fcten- und Fruchtbildung zu unterst\u00fctzen. Leitlinien:<\/p>\n<ul>\n<li><strong>Boden:<\/strong> pH 5,8 &#8211; 6,2.<\/li>\n<li><strong>Hydro\/Coco:<\/strong> Ungef\u00e4hr pH 5,8 f\u00fcr maximale Aufnahme.<\/li>\n<\/ul>\n<p>Mit Dutch Pro pH- Bloom behalten Sie die volle Kontrolle \u00fcber diesen Wert und machen Ihre Ernte reicher und ges\u00fcnder.<\/p>\n<h2>Vorteile von Dutch Pro pH- Bloom 5L<\/h2>\n<ul>\n<li><strong>F\u00fcr gro\u00dfe Projekte:<\/strong> Perfekt f\u00fcr Z\u00fcchter, die gro\u00dfe Mengen von Speisewasser verarbeiten.<\/li>\n<li><strong>Speziell f\u00fcr die Bl\u00fctephase:<\/strong> Hilft Ihren Pflanzen, alle N\u00e4hrstoffe zu nutzen.<\/li>\n<li><strong>Effektiv und sicher:<\/strong> Phosphors\u00e4ure senkt den pH-Wert auf kontrollierte Weise.<\/li>\n<li><strong>Geeignet f\u00fcr alle Systeme:<\/strong> Boden-, Kokos-, Hydro- und Rezirkulationssysteme.<\/li>\n<li><strong>Kosteneffizient:<\/strong> Gro\u00dfpackungen f\u00fcr mehrere Auflagen und geringere Kosten pro Liter.<\/li>\n<\/ul>\n<h2>Anwendung und Tipps<\/h2>\n<ol>\n<li>Messen Sie den pH-Wert des Speisewassers.<\/li>\n<li>F\u00fcgen Sie kleine Mengen pH-Bloom hinzu und mischen Sie gut.<\/li>\n<li>Pr\u00fcfen Sie erneut und korrigieren Sie gegebenenfalls.<\/li>\n<li>Lassen Sie den pH-Wert gelegentlich variieren, um die Aufnahme der verschiedenen Elemente zu verbessern.<\/li>\n<\/ol>\n<h2>Warum 5 Liter?<\/h2>\n<p>Die <strong>5-Liter-Packung<\/strong> ist ideal f\u00fcr professionelle Z\u00fcchter oder gro\u00dfe Projekte. So haben Sie immer gen\u00fcgend Vorrat f\u00fcr den langfristigen Gebrauch und sparen Kosten.<\/p>\n<p><strong>Investieren Sie in Dutch Pro pH- Bloom 5L und garantieren Sie eine optimale N\u00e4hrstoffaufnahme f\u00fcr eine \u00fcppige Bl\u00fcte!<\/strong><\/p>\n<\/section>\n","protected":false},"excerpt":{"rendered":"<p>Dutch Pro pH- Bloom 5L ist die ideale L\u00f6sung f\u00fcr Z\u00fcchter, die mit gr\u00f6\u00dferen Pflanzen arbeiten und w\u00e4hrend der Bl\u00fctephase einen stabilen pH-Wert aufrechterhalten m\u00f6chten. Mit Phosphors\u00e4ure als Hauptbestandteil senkt dieses Produkt effektiv den pH-Wert Ihres N\u00e4hrwassers, was zu einer besseren Aufnahme von essentiellen N\u00e4hrstoffen und einer optimalen Bl\u00fcte f\u00fchrt.<\/p>\n","protected":false},"featured_media":25217,"template":"","meta":[],"product_brand":[1067],"product_cat":[555,344],"product_tag":[],"class_list":{"0":"post-30007","1":"product","2":"type-product","3":"status-publish","4":"has-post-thumbnail","6":"product_brand-dutch-pro","7":"product_cat-hollandischer-profi","8":"product_cat-pflanzennahrung","10":"first","11":"instock","12":"taxable","13":"shipping-taxable","14":"purchasable","15":"product-type-simple"},"_links":{"self":[{"href":"https:\/\/www.greendiscounter.com\/de\/wp-json\/wp\/v2\/product\/30007","targetHints":{"allow":["GET"]}}],"collection":[{"href":"https:\/\/www.greendiscounter.com\/de\/wp-json\/wp\/v2\/product"}],"about":[{"href":"https:\/\/www.greendiscounter.com\/de\/wp-json\/wp\/v2\/types\/product"}],"version-history":[{"count":1,"href":"https:\/\/www.greendiscounter.com\/de\/wp-json\/wp\/v2\/product\/30007\/revisions"}],"predecessor-version":[{"id":42259,"href":"https:\/\/www.greendiscounter.com\/de\/wp-json\/wp\/v2\/product\/30007\/revisions\/42259"}],"wp:featuredmedia":[{"embeddable":true,"href":"https:\/\/www.greendiscounter.com\/de\/wp-json\/wp\/v2\/media\/25217"}],"wp:attachment":[{"href":"https:\/\/www.greendiscounter.com\/de\/wp-json\/wp\/v2\/media?parent=30007"}],"wp:term":[{"taxonomy":"product_brand","embeddable":true,"href":"https:\/\/www.greendiscounter.com\/de\/wp-json\/wp\/v2\/product_brand?post=30007"},{"taxonomy":"product_cat","embeddable":true,"href":"https:\/\/www.greendiscounter.com\/de\/wp-json\/wp\/v2\/product_cat?post=30007"},{"taxonomy":"product_tag","embeddable":true,"href":"https:\/\/www.greendiscounter.com\/de\/wp-json\/wp\/v2\/product_tag?post=30007"}],"curies":[{"name":"wp","href":"https:\/\/api.w.org\/{rel}","templated":true}]}}