 {"id":29831,"date":"2023-11-14T12:21:57","date_gmt":"2023-11-14T11:21:57","guid":{"rendered":"https:\/\/www.greendiscounter.com\/\/product\/canna-terra-vega-5-ltr\/"},"modified":"2025-08-22T13:51:04","modified_gmt":"2025-08-22T11:51:04","slug":"canna-terra-vega-5-ltr","status":"publish","type":"product","link":"https:\/\/www.greendiscounter.com\/de\/canna-terra-vega-5-ltr\/","title":{"rendered":"Canna Terra Vega 5 ltr."},"content":{"rendered":"<section>\n<h1>CANNA Terra Vega 5 Liter &#8211; Professioneller Wachstumsn\u00e4hrstoff f\u00fcr explosionsartiges Wachstum<\/h1>\n<p>F\u00fcr Z\u00fcchter, die in der Wachstumsphase ernsthafte Ergebnisse erzielen wollen, ist <strong>CANNA Terra Vega 5 Liter<\/strong> die perfekte Wahl. Dieser professionelle Wachstumsd\u00fcnger versorgt Ihre Pflanzen mit allen notwendigen N\u00e4hrstoffen f\u00fcr starke Wurzeln, vitale Triebe und einen gesunden Start in den Wachstumszyklus.<\/p>\n<h2>Warum Terra Vega f\u00fcr Ihre Pflanzen unverzichtbar ist<\/h2>\n<p>Eine kr\u00e4ftige Wachstumsphase ist entscheidend f\u00fcr eine reiche Ernte. <strong>CANNA Terra Vega<\/strong> ist reich an schnell absorbierbaren Stickstoffverbindungen, hochwertigen Eisenchelaten und wichtigen Spurenelementen. Dies sorgt f\u00fcr eine sofortige Aufnahme, ein starkes Wurzelsystem und gesunde, kr\u00e4ftige Pflanzen, die f\u00fcr die Bl\u00fctephase bereit sind.<\/p>\n<h2>Vorteile von CANNA Terra Vega 5L<\/h2>\n<ul>\n<li><strong>Explosives Wachstum:<\/strong> F\u00f6rdert die Entwicklung von kr\u00e4ftigen, robusten Pflanzen.<\/li>\n<li><strong>Bessere Aufnahme der N\u00e4hrstoffe:<\/strong> Sofort verf\u00fcgbar f\u00fcr schnelle Ergebnisse.<\/li>\n<li><strong>Leicht aufzutragen:<\/strong> L\u00f6st sich sofort auf, geeignet f\u00fcr manuelle und automatische Systeme.<\/li>\n<li><strong>Gro\u00dfes Fassungsverm\u00f6gen:<\/strong> ideal f\u00fcr mehrere Durchg\u00e4nge oder mittelgro\u00dfe Ernten.<\/li>\n<li><strong>Nahtloser \u00dcbergang:<\/strong> Kombinieren Sie sie mit Terra Flores f\u00fcr eine kr\u00e4ftige Bl\u00fctephase.<\/li>\n<\/ul>\n<h2>Gebrauchsanweisung<\/h2>\n<ol>\n<li><strong>Sch\u00fctteln Sie die Flasche gut.<\/strong><\/li>\n<li><strong>Mischen Sie 50 ml auf 10 Liter Wasser<\/strong> (1:200).<\/li>\n<li><strong>Pr\u00fcfen Sie EC und pH:<\/strong> EC zwischen 0,9 und 1,6, pH zwischen 5,8 und 6,2.<\/li>\n<\/ol>\n<h2>Warum 5 Liter?<\/h2>\n<p>Die <strong>5-Liter-Packung<\/strong> ist ideal f\u00fcr Z\u00fcchter, die w\u00e4hrend mehrerer Wachstumsperioden kontinuierlich f\u00fcttern m\u00f6chten. Eine kosteneffektive Wahl f\u00fcr ernsthafte Z\u00fcchter.<\/p>\n<p><strong>Investieren Sie in CANNA Terra Vega 5L und schaffen Sie eine solide Grundlage f\u00fcr eine kr\u00e4ftige Bl\u00fcte und eine reiche Ernte!<\/strong><\/p>\n<\/section>\n","protected":false},"excerpt":{"rendered":"<p>F\u00fcr Z\u00fcchter, die in der Wachstumsphase ernsthafte Ergebnisse erzielen wollen, ist CANNA Terra Vega 5 Liter die perfekte Wahl. Dieser professionelle Wachstumsd\u00fcnger versorgt Ihre Pflanzen mit allen notwendigen N\u00e4hrstoffen f\u00fcr starke Wurzeln, vitale Triebe und einen gesunden Start in den Wachstumszyklus.<\/p>\n","protected":false},"featured_media":24973,"template":"","meta":[],"product_brand":[],"product_cat":[538,344],"product_tag":[],"class_list":{"0":"post-29831","1":"product","2":"type-product","3":"status-publish","4":"has-post-thumbnail","6":"product_cat-canna-de","7":"product_cat-pflanzennahrung","9":"first","10":"instock","11":"taxable","12":"shipping-taxable","13":"purchasable","14":"product-type-simple"},"_links":{"self":[{"href":"https:\/\/www.greendiscounter.com\/de\/wp-json\/wp\/v2\/product\/29831","targetHints":{"allow":["GET"]}}],"collection":[{"href":"https:\/\/www.greendiscounter.com\/de\/wp-json\/wp\/v2\/product"}],"about":[{"href":"https:\/\/www.greendiscounter.com\/de\/wp-json\/wp\/v2\/types\/product"}],"version-history":[{"count":1,"href":"https:\/\/www.greendiscounter.com\/de\/wp-json\/wp\/v2\/product\/29831\/revisions"}],"predecessor-version":[{"id":42109,"href":"https:\/\/www.greendiscounter.com\/de\/wp-json\/wp\/v2\/product\/29831\/revisions\/42109"}],"wp:featuredmedia":[{"embeddable":true,"href":"https:\/\/www.greendiscounter.com\/de\/wp-json\/wp\/v2\/media\/24973"}],"wp:attachment":[{"href":"https:\/\/www.greendiscounter.com\/de\/wp-json\/wp\/v2\/media?parent=29831"}],"wp:term":[{"taxonomy":"product_brand","embeddable":true,"href":"https:\/\/www.greendiscounter.com\/de\/wp-json\/wp\/v2\/product_brand?post=29831"},{"taxonomy":"product_cat","embeddable":true,"href":"https:\/\/www.greendiscounter.com\/de\/wp-json\/wp\/v2\/product_cat?post=29831"},{"taxonomy":"product_tag","embeddable":true,"href":"https:\/\/www.greendiscounter.com\/de\/wp-json\/wp\/v2\/product_tag?post=29831"}],"curies":[{"name":"wp","href":"https:\/\/api.w.org\/{rel}","templated":true}]}}