 {"id":29817,"date":"2023-11-14T12:21:37","date_gmt":"2023-11-14T11:21:37","guid":{"rendered":"https:\/\/www.greendiscounter.com\/\/product\/canna-boostaccelerator-5-ltr\/"},"modified":"2025-08-22T13:58:07","modified_gmt":"2025-08-22T11:58:07","slug":"canna-boostaccelerator-5-ltr","status":"publish","type":"product","link":"https:\/\/www.greendiscounter.com\/de\/canna-boostaccelerator-5-ltr\/","title":{"rendered":"Canna | Boostaccelerator | Bl\u00fchstimulator | 5 ltr."},"content":{"rendered":"<section>\n<h1>CANNABOOST Accelerator 5 Liter &#8211; Professionelle Leistung f\u00fcr explosive Ernten<\/h1>\n<p>Sind Sie ein ernsthafter Z\u00fcchter, der maximale Ergebnisse erzielen m\u00f6chte? Dann entscheiden Sie sich f\u00fcr <strong>CANNABOOST Accelerator 5 Liter<\/strong>, den ultimativen Bl\u00fctebooster, der nicht nur f\u00fcr h\u00f6here Ertr\u00e4ge, sondern auch f\u00fcr eine unvergleichliche Qualit\u00e4t Ihrer Ernte sorgt. Dieser professionelle Zusatzstoff steigert die Photosynthese, stimuliert die Zuckerproduktion und beschleunigt die Energiebilanz Ihrer Pflanzen. Das Ergebnis? <em>Gr\u00f6\u00dfere Fr\u00fcchte, intensivere Aromen und eine kr\u00e4ftige, gleichm\u00e4\u00dfige Bl\u00fcte<\/em>.<\/p>\n<h2>Warum CANNABOOST der Standard f\u00fcr die Stimulation der Bl\u00fcte ist<\/h2>\n<p>Herk\u00f6mmliche Booster konzentrieren sich oft nur auf den Ertrag, aber CANNABOOST geht weiter. Es optimiert die nat\u00fcrlichen Prozesse in der Pflanze, so dass Bl\u00fcte, Geschmack und Qualit\u00e4t perfekt zusammenpassen. Diese Vorteile machen das Produkt sowohl f\u00fcr professionelle Z\u00fcchter als auch f\u00fcr ambitionierte Hobbyg\u00e4rtner unverzichtbar.<\/p>\n<h2>Vorteile von CANNABOOST Accelerator 5 Liter<\/h2>\n<ul>\n<li><strong>Gro\u00dfes Fassungsverm\u00f6gen f\u00fcr gro\u00dfe Ernten:<\/strong> 5 Liter sind ideal f\u00fcr Gro\u00dfanbauer oder mehrere Anbaureihen.<\/li>\n<li><strong>Maximaler Ertrag:<\/strong> Stimuliert eine zus\u00e4tzliche Bl\u00fctenproduktion und eine gleichm\u00e4\u00dfige Fruchtentwicklung.<\/li>\n<li><strong>Reicherer Geschmack und Aroma:<\/strong> Die erh\u00f6hte Zuckerproduktion sorgt f\u00fcr ein reines, kr\u00e4ftiges Geschmackserlebnis.<\/li>\n<li><strong>Universell einsetzbar:<\/strong> Funktioniert auf allen Substraten und Anbaumethoden, einschlie\u00dflich Hydrokultur, Erde und Kokosnuss.<\/li>\n<li><strong>Ges\u00fcndere Pflanzen:<\/strong> Bessere Energiebilanz und h\u00f6here Resistenz gegen Stress und Krankheiten.<\/li>\n<\/ul>\n<h2>Perfekt in Kombination mit PK 13\/14<\/h2>\n<p>F\u00fcr den h\u00f6chsten Ertrag kombinieren Sie CANNABOOST 5L mit <a href=\"https:\/\/www.greendiscounter.com\/products\/canna-pk-13-14-5-ltr\" target=\"_blank\" rel=\"noopener noreferrer\">CANNA PK 13\/14<\/a>. Zusammen bilden sie die ultimative Kombination zur F\u00f6rderung der Bl\u00fcte, wobei PK 13\/14 zus\u00e4tzlichen Phosphor und Kalium hinzuf\u00fcgt und CANNABOOST die Energie liefert, um diesen N\u00e4hrstoff optimal zu nutzen.<\/p>\n<h2>Warum die 5L-Version?<\/h2>\n<p>Die 5-Liter-Packung ist ideal f\u00fcr G\u00e4rtner, die gro\u00df denken. Kein \u00c4rger mit Nachbestellungen zwischendurch: Diese Flasche bietet gen\u00fcgend Vorrat f\u00fcr mehrere Zyklen und sorgt f\u00fcr Kontinuit\u00e4t in Ihrem Anbauprozess.<\/p>\n<p><strong>Bestellen Sie CANNABOOST Accelerator 5L noch heute und geben Sie Ihren Pflanzen die Kraft, H\u00f6chstleistungen zu erbringen!<\/strong><\/p>\n<\/section>\n","protected":false},"excerpt":{"rendered":"<p>Sind Sie ein ernsthafter Z\u00fcchter, der maximale Ergebnisse erzielen m\u00f6chte? Dann entscheiden Sie sich f\u00fcr CANNABOOST Accelerator 5 Liter, den ultimativen Bl\u00fch-Booster, der nicht nur f\u00fcr h\u00f6here Ertr\u00e4ge, sondern auch f\u00fcr eine unvergleichliche Qualit\u00e4t Ihrer Ernte sorgt. Dieser professionelle Zusatzstoff steigert die Photosynthese, stimuliert die Zuckerproduktion und beschleunigt die Energiebilanz Ihrer Pflanzen. Das Ergebnis? <em>Gr\u00f6\u00dfere Fr\u00fcchte, intensivere Aromen und eine kr\u00e4ftige, gleichm\u00e4\u00dfige Bl\u00fcte<\/em>.<\/p>\n","protected":false},"featured_media":24935,"template":"","meta":[],"product_brand":[],"product_cat":[538,344],"product_tag":[],"class_list":{"0":"post-29817","1":"product","2":"type-product","3":"status-publish","4":"has-post-thumbnail","6":"product_cat-canna-de","7":"product_cat-pflanzennahrung","9":"first","10":"instock","11":"taxable","12":"shipping-taxable","13":"purchasable","14":"product-type-simple"},"_links":{"self":[{"href":"https:\/\/www.greendiscounter.com\/de\/wp-json\/wp\/v2\/product\/29817","targetHints":{"allow":["GET"]}}],"collection":[{"href":"https:\/\/www.greendiscounter.com\/de\/wp-json\/wp\/v2\/product"}],"about":[{"href":"https:\/\/www.greendiscounter.com\/de\/wp-json\/wp\/v2\/types\/product"}],"version-history":[{"count":1,"href":"https:\/\/www.greendiscounter.com\/de\/wp-json\/wp\/v2\/product\/29817\/revisions"}],"predecessor-version":[{"id":42142,"href":"https:\/\/www.greendiscounter.com\/de\/wp-json\/wp\/v2\/product\/29817\/revisions\/42142"}],"wp:featuredmedia":[{"embeddable":true,"href":"https:\/\/www.greendiscounter.com\/de\/wp-json\/wp\/v2\/media\/24935"}],"wp:attachment":[{"href":"https:\/\/www.greendiscounter.com\/de\/wp-json\/wp\/v2\/media?parent=29817"}],"wp:term":[{"taxonomy":"product_brand","embeddable":true,"href":"https:\/\/www.greendiscounter.com\/de\/wp-json\/wp\/v2\/product_brand?post=29817"},{"taxonomy":"product_cat","embeddable":true,"href":"https:\/\/www.greendiscounter.com\/de\/wp-json\/wp\/v2\/product_cat?post=29817"},{"taxonomy":"product_tag","embeddable":true,"href":"https:\/\/www.greendiscounter.com\/de\/wp-json\/wp\/v2\/product_tag?post=29817"}],"curies":[{"name":"wp","href":"https:\/\/api.w.org\/{rel}","templated":true}]}}