 {"id":29811,"date":"2023-11-14T12:21:43","date_gmt":"2023-11-14T11:21:43","guid":{"rendered":"https:\/\/www.greendiscounter.com\/\/product\/canna-cocos-ab-10-ltr\/"},"modified":"2025-08-22T13:53:15","modified_gmt":"2025-08-22T11:53:15","slug":"canna-cocos-ab-10-ltr","status":"publish","type":"product","link":"https:\/\/www.greendiscounter.com\/de\/canna-cocos-ab-10-ltr\/","title":{"rendered":"Canna | Pflanzennahrung | Cocos A&amp;B | 10 ltr."},"content":{"rendered":"<section>\n<h1>CANNA Coco A&amp;B 10 Liter &#8211; Maximale Ern\u00e4hrung f\u00fcr gro\u00dfe Kulturen<\/h1>\n<p>Sind Sie ein professioneller Z\u00fcchter oder arbeiten Sie mit gro\u00dfen Fl\u00e4chen von Kokossubstrat? Dann ist <strong>CANNA Coco A&amp;B 10 Liter<\/strong> die ultimative L\u00f6sung. Dieser leistungsstarke, einfach anzuwendende N\u00e4hrstoff versorgt Ihre Pflanzen in allen Phasen ihres Lebenszyklus mit allem, was sie f\u00fcr <em>explosives Wachstum, starke Wurzeln und eine \u00fcppige Bl\u00fcte<\/em> ben\u00f6tigen.<\/p>\n<h2>Warum CANNA Coco A&amp;B der Standard f\u00fcr den Kakaoanbau ist<\/h2>\n<p>Mit CANNA Coco A&amp;B entscheiden Sie sich f\u00fcr einen N\u00e4hrstoff, der speziell auf der Grundlage jahrelanger Forschung \u00fcber Kokos als Substrat entwickelt wurde. Dank einer perfekten Mischung aus Mineralien, nat\u00fcrlichen Chelaten und essentiellen S\u00e4uren bleibt die N\u00e4hrstoffaufnahme auch bei intensiven Kulturen optimal. Das Ergebnis: <strong>gesunde, kr\u00e4ftige Pflanzen und maximale Ertr\u00e4ge<\/strong>.<\/p>\n<h2>Vorteile von CANNA Coco A&amp;B 10L<\/h2>\n<ul>\n<li><strong>Eine Formel f\u00fcr alles:<\/strong> Kein \u00c4rger mit mehreren Produkten, dieser N\u00e4hrstoff ist sowohl f\u00fcr das Wachstum als auch f\u00fcr die Bl\u00fcte geeignet.<\/li>\n<li><strong>Gro\u00dfe Menge f\u00fcr Profis:<\/strong> 10 Liter sorgen daf\u00fcr, dass Sie lange arbeiten k\u00f6nnen, ideal f\u00fcr gro\u00dfe G\u00e4rtnereien oder kommerzielle Anbauten.<\/li>\n<li><strong>Optimale Ausgewogenheit:<\/strong> Enth\u00e4lt genau das richtige Verh\u00e4ltnis an Mineralien f\u00fcr die Kokosnuss, einschlie\u00dflich Kalzium und Magnesium.<\/li>\n<li><strong>Zweikomponentensystem:<\/strong> verhindert Klumpenbildung und h\u00e4lt die N\u00e4hrl\u00f6sung stabil.<\/li>\n<li><strong>Funktioniert in jedem System:<\/strong> Kompatibel mit allen Herdsystemen, sowohl mit als auch ohne Umw\u00e4lzung.<\/li>\n<\/ul>\n<h2>Warum 10 Liter w\u00e4hlen?<\/h2>\n<p>Das 10-Liter-Set wurde f\u00fcr Z\u00fcchter entwickelt, die bei Qualit\u00e4t und Effizienz keine Kompromisse eingehen. Sie m\u00fcssen nicht st\u00e4ndig nachf\u00fcllen und haben immer genug Vorrat f\u00fcr mehrere Zyklen, was Zeit und Kosten spart.<\/p>\n<p><strong>Bestellen Sie CANNA Coco A&amp;B 10L noch heute und geben Sie Ihren Pflanzen die besten N\u00e4hrstoffe f\u00fcr unvergleichliches Wachstum und Bl\u00fcte!<\/strong><\/p>\n<\/section>\n","protected":false},"excerpt":{"rendered":"<p>Sind Sie ein professioneller Z\u00fcchter oder arbeiten Sie mit gro\u00dfen Fl\u00e4chen von Kokossubstrat? Dann ist CANNA Coco A&amp;B 10 Liter die ultimative L\u00f6sung. Dieser leistungsstarke, einfach anzuwendende N\u00e4hrstoff versorgt Ihre Pflanzen in allen Phasen ihres Lebenszyklus mit allem, was sie f\u00fcr ein <em>explosives Wachstum, starke Wurzeln und eine \u00fcppige Bl\u00fcte<\/em> ben\u00f6tigen.<\/p>\n","protected":false},"featured_media":24945,"template":"","meta":[],"product_brand":[],"product_cat":[538,344],"product_tag":[],"class_list":{"0":"post-29811","1":"product","2":"type-product","3":"status-publish","4":"has-post-thumbnail","6":"product_cat-canna-de","7":"product_cat-pflanzennahrung","9":"first","10":"instock","11":"taxable","12":"shipping-taxable","13":"purchasable","14":"product-type-simple"},"_links":{"self":[{"href":"https:\/\/www.greendiscounter.com\/de\/wp-json\/wp\/v2\/product\/29811","targetHints":{"allow":["GET"]}}],"collection":[{"href":"https:\/\/www.greendiscounter.com\/de\/wp-json\/wp\/v2\/product"}],"about":[{"href":"https:\/\/www.greendiscounter.com\/de\/wp-json\/wp\/v2\/types\/product"}],"version-history":[{"count":1,"href":"https:\/\/www.greendiscounter.com\/de\/wp-json\/wp\/v2\/product\/29811\/revisions"}],"predecessor-version":[{"id":42127,"href":"https:\/\/www.greendiscounter.com\/de\/wp-json\/wp\/v2\/product\/29811\/revisions\/42127"}],"wp:featuredmedia":[{"embeddable":true,"href":"https:\/\/www.greendiscounter.com\/de\/wp-json\/wp\/v2\/media\/24945"}],"wp:attachment":[{"href":"https:\/\/www.greendiscounter.com\/de\/wp-json\/wp\/v2\/media?parent=29811"}],"wp:term":[{"taxonomy":"product_brand","embeddable":true,"href":"https:\/\/www.greendiscounter.com\/de\/wp-json\/wp\/v2\/product_brand?post=29811"},{"taxonomy":"product_cat","embeddable":true,"href":"https:\/\/www.greendiscounter.com\/de\/wp-json\/wp\/v2\/product_cat?post=29811"},{"taxonomy":"product_tag","embeddable":true,"href":"https:\/\/www.greendiscounter.com\/de\/wp-json\/wp\/v2\/product_tag?post=29811"}],"curies":[{"name":"wp","href":"https:\/\/api.w.org\/{rel}","templated":true}]}}