 {"id":29804,"date":"2023-11-14T12:21:42","date_gmt":"2023-11-14T11:21:42","guid":{"rendered":"https:\/\/www.greendiscounter.com\/\/product\/canna-cocos-ab-1-ltr\/"},"modified":"2025-08-22T13:53:56","modified_gmt":"2025-08-22T11:53:56","slug":"canna-cocos-ab-1-ltr","status":"publish","type":"product","link":"https:\/\/www.greendiscounter.com\/de\/canna-cocos-ab-1-ltr\/","title":{"rendered":"Canna | Pflanzennahrung | Cocos A&amp;B | 1 ltr."},"content":{"rendered":"<section>\n<h1>CANNA Coco A&amp;B 1 Liter &#8211; Komplettnahrung f\u00fcr den Kakaoanbau<\/h1>\n<p>M\u00f6chten Sie Ihre Pflanzen in Kokossubstrat mit den besten N\u00e4hrstoffen versorgen? Entscheiden Sie sich f\u00fcr <strong>CANNA Coco A&amp;B 1 Liter<\/strong>, die professionelle N\u00e4hrstoffl\u00f6sung, die speziell f\u00fcr Z\u00fcchter entwickelt wurde, die <em>maximales Wachstum und Bl\u00fcte<\/em> anstreben. Dieser einzigartige Zweikomponentenn\u00e4hrstoff enth\u00e4lt alle wichtigen Makro- und Mikron\u00e4hrstoffe, die Ihre Pflanzen sowohl in der Wachstumsphase als auch w\u00e4hrend der Bl\u00fcte ben\u00f6tigen. Ein Produkt f\u00fcr den gesamten Zyklus &#8211; einfacher geht&#8217;s nicht!<\/p>\n<h2>Warum CANNA Coco A&amp;B?<\/h2>\n<p>CANNA Coco A&amp;B ist das Ergebnis jahrelanger Forschung \u00fcber die spezifischen Bed\u00fcrfnisse von Pflanzen, die auf Kokos wachsen. Die Formel ist reich an hochwertigen Mineralien und enth\u00e4lt nat\u00fcrliche Chelate, Humins\u00e4uren und Fulvos\u00e4uren f\u00fcr eine optimale N\u00e4hrstoffaufnahme. Das Ergebnis? <strong>Explosives Wachstum, starke Wurzelentwicklung und \u00fcppige Bl\u00fcte<\/strong>.<\/p>\n<h2>Die wichtigsten Vorteile von CANNA Coco A&amp;B 1L<\/h2>\n<ul>\n<li><strong>Speziell f\u00fcr Kokosnuss:<\/strong> Perfekt abgestimmt auf die Eigenschaften von Kokossubstraten f\u00fcr maximale Leistung.<\/li>\n<li><strong>Ein N\u00e4hrstoff f\u00fcr Wachstum und Bl\u00fcte:<\/strong> Sie ben\u00f6tigen keine separaten Vega oder Flores, sondern nur eine Formulierung f\u00fcr beide Phasen.<\/li>\n<li><strong>Optimale Aufnahme:<\/strong> Dank der nat\u00fcrlichen Chelate und S\u00e4uren profitieren die Pflanzen von einer effizienten N\u00e4hrstoffaufnahme.<\/li>\n<li><strong>Zweikomponentensystem:<\/strong> verhindert die Kristallbildung und garantiert eine stabile N\u00e4hrl\u00f6sung.<\/li>\n<li><strong>Geeignet f\u00fcr alle Kokosnuss-Systeme:<\/strong> sowohl f\u00fcr die manuelle Bew\u00e4sserung als auch f\u00fcr die Tropfbew\u00e4sserung.<\/li>\n<\/ul>\n<h2>Warum 1 Liter w\u00e4hlen?<\/h2>\n<p>Die 1-Liter-Packung ist ideal f\u00fcr Hobbyz\u00fcchter und kleine Anbauprojekte. Perfekt f\u00fcr alle, die die Kraft von CANNA Coco erleben m\u00f6chten, ohne gro\u00dfe Mengen mitzubringen.<\/p>\n<p><strong>Bestellen Sie CANNA Coco A&amp;B 1L noch heute und geben Sie Ihren Pflanzen alles, was sie f\u00fcr ein gesundes Wachstum und eine reiche Bl\u00fcte brauchen!<\/strong><\/p>\n<\/section>\n","protected":false},"excerpt":{"rendered":"<p>M\u00f6chten Sie Ihre Pflanzen in Kokossubstrat mit den besten N\u00e4hrstoffen versorgen? Entscheiden Sie sich f\u00fcr CANNA Coco A&amp;B 1 Liter, die professionelle N\u00e4hrstoffl\u00f6sung, die speziell f\u00fcr Z\u00fcchter entwickelt wurde, die <em>maximales Wachstum und Bl\u00fcte<\/em> anstreben. Dieser einzigartige Zweikomponentenn\u00e4hrstoff enth\u00e4lt alle wichtigen Makro- und Mikron\u00e4hrstoffe, die Ihre Pflanzen sowohl in der Wachstumsphase als auch w\u00e4hrend der Bl\u00fcte ben\u00f6tigen. Ein Produkt f\u00fcr den gesamten Zyklus &#8211; einfacher geht&#8217;s nicht!<\/p>\n","protected":false},"featured_media":24943,"template":"","meta":[],"product_brand":[],"product_cat":[538,344],"product_tag":[],"class_list":{"0":"post-29804","1":"product","2":"type-product","3":"status-publish","4":"has-post-thumbnail","6":"product_cat-canna-de","7":"product_cat-pflanzennahrung","9":"first","10":"instock","11":"taxable","12":"shipping-taxable","13":"purchasable","14":"product-type-simple"},"_links":{"self":[{"href":"https:\/\/www.greendiscounter.com\/de\/wp-json\/wp\/v2\/product\/29804","targetHints":{"allow":["GET"]}}],"collection":[{"href":"https:\/\/www.greendiscounter.com\/de\/wp-json\/wp\/v2\/product"}],"about":[{"href":"https:\/\/www.greendiscounter.com\/de\/wp-json\/wp\/v2\/types\/product"}],"version-history":[{"count":1,"href":"https:\/\/www.greendiscounter.com\/de\/wp-json\/wp\/v2\/product\/29804\/revisions"}],"predecessor-version":[{"id":42131,"href":"https:\/\/www.greendiscounter.com\/de\/wp-json\/wp\/v2\/product\/29804\/revisions\/42131"}],"wp:featuredmedia":[{"embeddable":true,"href":"https:\/\/www.greendiscounter.com\/de\/wp-json\/wp\/v2\/media\/24943"}],"wp:attachment":[{"href":"https:\/\/www.greendiscounter.com\/de\/wp-json\/wp\/v2\/media?parent=29804"}],"wp:term":[{"taxonomy":"product_brand","embeddable":true,"href":"https:\/\/www.greendiscounter.com\/de\/wp-json\/wp\/v2\/product_brand?post=29804"},{"taxonomy":"product_cat","embeddable":true,"href":"https:\/\/www.greendiscounter.com\/de\/wp-json\/wp\/v2\/product_cat?post=29804"},{"taxonomy":"product_tag","embeddable":true,"href":"https:\/\/www.greendiscounter.com\/de\/wp-json\/wp\/v2\/product_tag?post=29804"}],"curies":[{"name":"wp","href":"https:\/\/api.w.org\/{rel}","templated":true}]}}