 {"id":29800,"date":"2023-11-14T12:21:41","date_gmt":"2023-11-14T11:21:41","guid":{"rendered":"https:\/\/www.greendiscounter.com\/\/product\/canna-cannazym-5-ltr\/"},"modified":"2025-08-22T13:54:37","modified_gmt":"2025-08-22T11:54:37","slug":"canna-cannazym-5-ltr","status":"publish","type":"product","link":"https:\/\/www.greendiscounter.com\/de\/canna-cannazym-5-ltr\/","title":{"rendered":"Canna | Cannazym | 5 ltr."},"content":{"rendered":"<section>\n<h1>CANNAZYM 5 Liter &#8211; Professionelle Enzymformel f\u00fcr gro\u00dffl\u00e4chige Kulturen<\/h1>\n<p>F\u00fcr ernsthafte Z\u00fcchter und gro\u00dfe Kulturen gibt es <strong>CANNAZYM 5 Liter<\/strong>, das Enzymprodukt, das f\u00fcr ein sauberes und gesundes Wurzelsystem sorgt. Durch die Umwandlung abgestorbener Wurzelreste in verwertbare N\u00e4hrstoffe beugt CANNAZYM Schimmel- und F\u00e4ulnisproblemen vor und schafft eine optimale Umgebung f\u00fcr das Wurzelwachstum. Mit dieser professionellen Packung haben Sie immer gen\u00fcgend Vorrat f\u00fcr mehrere Wachstumsperioden.<\/p>\n<h2>Warum CANNAZYM in jeder Zucht unverzichtbar ist<\/h2>\n<p>Durch den Abbau von organischem Material verhindert CANNAZYM die Ansammlung von Giftstoffen im Substrat. Dies f\u00f6rdert eine gesunde Bodenstruktur, sorgt f\u00fcr eine bessere Sauerstoffversorgung und macht die N\u00e4hrstoffaufnahme effizienter. Das Ergebnis: <em>starke Pflanzen, h\u00f6here Widerstandsf\u00e4higkeit und eine reiche Ernte<\/em>.<\/p>\n<h2>Die wichtigsten Vorteile von CANNAZYM 5L<\/h2>\n<ul>\n<li><strong>Verhindert Krankheiten:<\/strong> Beseitigt den N\u00e4hrboden f\u00fcr sch\u00e4dliche Bakterien und Pilze, indem abgestorbene Wurzeln effektiv abgebaut werden.<\/li>\n<li><strong>Verbesserte Bel\u00fcftung:<\/strong> Sorgt f\u00fcr einen besseren Sauerstoff- und Wasserhaushalt in der Wurzelzone, was f\u00fcr ein gesundes Pflanzenwachstum entscheidend ist.<\/li>\n<li><strong>Stimuliert die Wurzelentwicklung:<\/strong> Bietet lebenden Wurzeln mehr Platz und Sauerstoff f\u00fcr eine optimale Aufnahmekapazit\u00e4t.<\/li>\n<li><strong>Enth\u00e4lt Vitamine und Enzyme:<\/strong> mehr als 12 Enzyme in Kombination mit nat\u00fcrlichen Extrakten erh\u00f6hen die Vitalit\u00e4t und Widerstandskraft.<\/li>\n<li><strong>Universelle Anwendbarkeit:<\/strong> Funktioniert in allen Systemen und Substraten, von Hydrokulturen bis zu Erde.<\/li>\n<\/ul>\n<h2>Warum 5 Liter?<\/h2>\n<p>Die <strong>5-Liter-Version<\/strong> ist ideal f\u00fcr professionelle Z\u00fcchter und gro\u00dfe Projekte. Sie haben immer gen\u00fcgend Enzyme vorr\u00e4tig, so dass Sie nicht zwischendurch nachbestellen m\u00fcssen. Das spart Zeit und Kosten und sorgt f\u00fcr Kontinuit\u00e4t in Ihrem Wachstumsprozess.<\/p>\n<p><strong>Investieren Sie in CANNAZYM 5L und sorgen Sie f\u00fcr ein gesundes Wurzelsystem, vitale Pflanzen und einen Spitzenertrag!<\/strong><\/p>\n<\/section>\n","protected":false},"excerpt":{"rendered":"<p>F\u00fcr ernsthafte Z\u00fcchter und gro\u00dfe Kulturen gibt es CANNAZYM 5 Liter, das Enzymprodukt, das f\u00fcr ein sauberes und gesundes Wurzelsystem sorgt. Durch die Umwandlung abgestorbener Wurzelreste in verwertbare N\u00e4hrstoffe beugt CANNAZYM Schimmel- und F\u00e4ulnisproblemen vor und schafft eine optimale Umgebung f\u00fcr das Wurzelwachstum. Mit dieser professionellen Packung haben Sie immer gen\u00fcgend Vorrat f\u00fcr mehrere Wachstumsperioden.<\/p>\n","protected":false},"featured_media":24941,"template":"","meta":[],"product_brand":[],"product_cat":[538,344],"product_tag":[],"class_list":{"0":"post-29800","1":"product","2":"type-product","3":"status-publish","4":"has-post-thumbnail","6":"product_cat-canna-de","7":"product_cat-pflanzennahrung","9":"first","10":"instock","11":"taxable","12":"shipping-taxable","13":"purchasable","14":"product-type-simple"},"_links":{"self":[{"href":"https:\/\/www.greendiscounter.com\/de\/wp-json\/wp\/v2\/product\/29800","targetHints":{"allow":["GET"]}}],"collection":[{"href":"https:\/\/www.greendiscounter.com\/de\/wp-json\/wp\/v2\/product"}],"about":[{"href":"https:\/\/www.greendiscounter.com\/de\/wp-json\/wp\/v2\/types\/product"}],"version-history":[{"count":1,"href":"https:\/\/www.greendiscounter.com\/de\/wp-json\/wp\/v2\/product\/29800\/revisions"}],"predecessor-version":[{"id":42133,"href":"https:\/\/www.greendiscounter.com\/de\/wp-json\/wp\/v2\/product\/29800\/revisions\/42133"}],"wp:featuredmedia":[{"embeddable":true,"href":"https:\/\/www.greendiscounter.com\/de\/wp-json\/wp\/v2\/media\/24941"}],"wp:attachment":[{"href":"https:\/\/www.greendiscounter.com\/de\/wp-json\/wp\/v2\/media?parent=29800"}],"wp:term":[{"taxonomy":"product_brand","embeddable":true,"href":"https:\/\/www.greendiscounter.com\/de\/wp-json\/wp\/v2\/product_brand?post=29800"},{"taxonomy":"product_cat","embeddable":true,"href":"https:\/\/www.greendiscounter.com\/de\/wp-json\/wp\/v2\/product_cat?post=29800"},{"taxonomy":"product_tag","embeddable":true,"href":"https:\/\/www.greendiscounter.com\/de\/wp-json\/wp\/v2\/product_tag?post=29800"}],"curies":[{"name":"wp","href":"https:\/\/api.w.org\/{rel}","templated":true}]}}