 {"id":29794,"date":"2023-11-14T12:21:51","date_gmt":"2023-11-14T11:21:51","guid":{"rendered":"https:\/\/www.greendiscounter.com\/\/product\/canna-rhizotonic-1-ltr\/"},"modified":"2025-08-22T13:52:46","modified_gmt":"2025-08-22T11:52:46","slug":"canna-rhizotonic-1-ltr","status":"publish","type":"product","link":"https:\/\/www.greendiscounter.com\/de\/canna-rhizotonic-1-ltr\/","title":{"rendered":"Canna | Rhizotonic | Wurzelstimulator | 1 ltr."},"content":{"rendered":"<section>\n<h1>CANNA RHIZOTONIC 1 Liter &#8211; Kraftvoller Wurzelstimulator f\u00fcr einen gesunden Start<\/h1>\n<p>Geben Sie Ihren Pflanzen einen Vorsprung mit <strong>CANNA RHIZOTONIC 1 Liter<\/strong>, dem leistungsstarken Wurzelstimulator auf Algenbasis, der speziell f\u00fcr die Entwicklung eines starken und vitalen Wurzelsystems entwickelt wurde. Dieses nat\u00fcrliche Produkt enth\u00e4lt mehr als 60 mikrobiologische Substanzen, die zu einem optimalen Wurzelumfeld und gesunden, kr\u00e4ftigen Pflanzen von Beginn des Wachstumszyklus an beitragen.<\/p>\n<h2>Warum CANNA RHIZOTONIC w\u00e4hlen?<\/h2>\n<p>RHIZOTONIC ist nicht nur ein weiterer Wurzelstimulator. Es enth\u00e4lt eine einzigartige Mischung aus mineralstoffreichen Algen, Vitaminen (einschlie\u00dflich B1 und B2) und wichtigen Spurenelementen. Diese Kombination f\u00f6rdert nicht nur die Entwicklung starker, wei\u00dfer Wurzeln, sondern reduziert auch Stress und st\u00e4rkt die nat\u00fcrlichen Abwehrkr\u00e4fte der Pflanze. Ideal in empfindlichen Phasen wie dem Umtopfen, Umpflanzen oder nach stressigen Bedingungen.<\/p>\n<h2>Die wichtigsten Vorteile von CANNA RHIZOTONIC 1L<\/h2>\n<ul>\n<li><strong>Stimuliert ein kr\u00e4ftiges Wurzelwachstum:<\/strong> F\u00fcr gesunde Wurzeln und eine bessere N\u00e4hrstoffaufnahme.<\/li>\n<li><strong>Reduziert Stress:<\/strong> Hilft den Pflanzen, sich nach dem Umpflanzen, Transportieren oder Beschneiden schneller zu erholen.<\/li>\n<li><strong>St\u00e4rkt die nat\u00fcrlichen Abwehrkr\u00e4fte:<\/strong> auf der Basis von mineralstoffreichen Algen und Kohlenhydraten f\u00fcr eine verbesserte Widerstandsf\u00e4higkeit.<\/li>\n<li><strong>Sofort absorbierbar:<\/strong> Hinterl\u00e4sst keine R\u00fcckst\u00e4nde und funktioniert in allen Kultursubstraten.<\/li>\n<li><strong>Vielseitig einsetzbar:<\/strong> geeignet f\u00fcr Blattspritzungen, zum Einweichen von Saatgut und zur regelm\u00e4\u00dfigen Verwendung in der N\u00e4hrl\u00f6sung.<\/li>\n<\/ul>\n<h2>Tipps f\u00fcr die Verwendung<\/h2>\n<ul>\n<li><em>Weichen Sie die Samen ein:<\/em> Verd\u00fcnnen Sie RHIZOTONIC (40 ml pro Liter), um die Samenschale aufzuweichen und den Keimungsprozess zu beschleunigen.<\/li>\n<li><em>Blattspritzen:<\/em> Kann zur schnellen Aufnahme auf die Bl\u00e4tter gespr\u00fcht werden.<\/li>\n<li><em>pH-Optimierung:<\/em> RHIZOTONIC hilft, den pH-Wert der N\u00e4hrl\u00f6sung zu stabilisieren.<\/li>\n<\/ul>\n<h2>Warum 1 Liter w\u00e4hlen?<\/h2>\n<p>Die <strong>1-Liter-Flasche<\/strong> ist ideal f\u00fcr Hobbyg\u00e4rtner oder kleinere Projekte, die ihren Pflanzen einen gesunden Start erm\u00f6glichen m\u00f6chten, ohne sich mit gro\u00dfen Mengen eindecken zu m\u00fcssen.<\/p>\n<p><strong>Bestellen Sie CANNA RHIZOTONIC 1L noch heute und erleben Sie die Kraft der nat\u00fcrlichen Wurzelstimulation f\u00fcr gesundes, kr\u00e4ftiges Wachstum!<\/strong><\/p>\n<\/section>\n","protected":false},"excerpt":{"rendered":"<p>RHIZOTONIC ist nicht nur ein weiterer Wurzelstimulator. Es enth\u00e4lt eine einzigartige Mischung aus mineralstoffreichen Algen, Vitaminen (einschlie\u00dflich B1 und B2) und wichtigen Spurenelementen. Diese Kombination f\u00f6rdert nicht nur die Entwicklung starker, wei\u00dfer Wurzeln, sondern reduziert auch Stress und st\u00e4rkt die nat\u00fcrlichen Abwehrkr\u00e4fte der Pflanze. Ideal in empfindlichen Phasen wie dem Umtopfen, Umpflanzen oder nach stressigen Bedingungen.<\/p>\n","protected":false},"featured_media":24961,"template":"","meta":[],"product_brand":[],"product_cat":[538,344],"product_tag":[],"class_list":{"0":"post-29794","1":"product","2":"type-product","3":"status-publish","4":"has-post-thumbnail","6":"product_cat-canna-de","7":"product_cat-pflanzennahrung","9":"first","10":"instock","11":"taxable","12":"shipping-taxable","13":"purchasable","14":"product-type-simple"},"_links":{"self":[{"href":"https:\/\/www.greendiscounter.com\/de\/wp-json\/wp\/v2\/product\/29794","targetHints":{"allow":["GET"]}}],"collection":[{"href":"https:\/\/www.greendiscounter.com\/de\/wp-json\/wp\/v2\/product"}],"about":[{"href":"https:\/\/www.greendiscounter.com\/de\/wp-json\/wp\/v2\/types\/product"}],"version-history":[{"count":1,"href":"https:\/\/www.greendiscounter.com\/de\/wp-json\/wp\/v2\/product\/29794\/revisions"}],"predecessor-version":[{"id":42121,"href":"https:\/\/www.greendiscounter.com\/de\/wp-json\/wp\/v2\/product\/29794\/revisions\/42121"}],"wp:featuredmedia":[{"embeddable":true,"href":"https:\/\/www.greendiscounter.com\/de\/wp-json\/wp\/v2\/media\/24961"}],"wp:attachment":[{"href":"https:\/\/www.greendiscounter.com\/de\/wp-json\/wp\/v2\/media?parent=29794"}],"wp:term":[{"taxonomy":"product_brand","embeddable":true,"href":"https:\/\/www.greendiscounter.com\/de\/wp-json\/wp\/v2\/product_brand?post=29794"},{"taxonomy":"product_cat","embeddable":true,"href":"https:\/\/www.greendiscounter.com\/de\/wp-json\/wp\/v2\/product_cat?post=29794"},{"taxonomy":"product_tag","embeddable":true,"href":"https:\/\/www.greendiscounter.com\/de\/wp-json\/wp\/v2\/product_tag?post=29794"}],"curies":[{"name":"wp","href":"https:\/\/api.w.org\/{rel}","templated":true}]}}