 {"id":29793,"date":"2023-11-14T12:21:50","date_gmt":"2023-11-14T11:21:50","guid":{"rendered":"https:\/\/www.greendiscounter.com\/\/product\/canna-pk-13-14-5-ltr\/"},"modified":"2025-08-22T13:52:52","modified_gmt":"2025-08-22T11:52:52","slug":"canna-pk-13-14-5-ltr","status":"publish","type":"product","link":"https:\/\/www.greendiscounter.com\/de\/canna-pk-13-14-5-ltr\/","title":{"rendered":"Canna | PK 13\/14 | 5 ltr."},"content":{"rendered":"<section>\n<h1>CANNA PK 13\/14 5 Liter &#8211; Professioneller Bl\u00fch- und Ertragsverst\u00e4rker<\/h1>\n<p>Sind Sie ein seri\u00f6ser Z\u00fcchter, der gro\u00df angelegte Ergebnisse erzielen m\u00f6chte? Entscheiden Sie sich f\u00fcr <strong>CANNA PK 13\/14 5 Liter<\/strong>, die professionelle L\u00f6sung f\u00fcr <em>explosive Bl\u00fcte, maximalen Ertrag und beeindruckende Fruchtqualit\u00e4t<\/em>. Diese starke Phosphor-Kalium-Mischung liefert wichtige Elemente, die Ihre Pflanzen w\u00e4hrend der entscheidenden Bl\u00fctephase ben\u00f6tigen.<\/p>\n<h2>Warum CANNA PK 13\/14 der Standard ist<\/h2>\n<p>CANNA PK 13\/14 ist das Ergebnis fortschrittlicher Forschung \u00fcber die Bed\u00fcrfnisse der Pflanzen w\u00e4hrend der Bl\u00fcte. Phosphor stimuliert die Zellstruktur und die Bl\u00fctenentwicklung, w\u00e4hrend Kalium f\u00fcr eine optimale Zuckerproduktion, Wassertransport und N\u00e4hrstoffaufnahme sorgt. Diese Kombination gibt Ihren Pflanzen die Energie, um schwere, kompakte Fr\u00fcchte zu entwickeln.<\/p>\n<h2>Vorteile von CANNA PK 13\/14 5L<\/h2>\n<ul>\n<li><strong>Maximale Bl\u00fctekraft:<\/strong> Sorgt f\u00fcr einen kr\u00e4ftigen Schub w\u00e4hrend des H\u00f6hepunkts der Bl\u00fctephase.<\/li>\n<li><strong>Reine Mineralien:<\/strong> sofort absorbierbar f\u00fcr maximale Wirksamkeit.<\/li>\n<li><strong>Perfekt zu kombinieren mit CANNABOOST:<\/strong> F\u00fcr eine unvergleichliche Synergie bei Bl\u00fcte und Fruchtbildung.<\/li>\n<li><strong>Geeignet f\u00fcr alle Anbausysteme:<\/strong> Von Erde bis Hydrokultur, Kreislaufwirtschaft und Run-to-Waste.<\/li>\n<li><strong>Professionelle Menge:<\/strong> ideal f\u00fcr gro\u00dfe Ernten oder mehrere Zyklen, spart Zeit und Kosten.<\/li>\n<\/ul>\n<h2>Warum 5 Liter?<\/h2>\n<p>Mit der <strong>5-Liter-Packung<\/strong> haben Sie genug Vorrat f\u00fcr mehrere Durchg\u00e4nge oder eine gro\u00df angelegte Ernte. Das macht ihn zur wirtschaftlichsten und effizientesten Wahl f\u00fcr ernsthafte Z\u00fcchter, die konstant Spitzenleistungen erzielen wollen.<\/p>\n<p><strong>Investieren Sie noch heute in CANNA PK 13\/14 5L und erleben Sie den ultimativen Bl\u00fchschub f\u00fcr Ihre Pflanzen!<\/strong><\/p>\n<\/section>\n","protected":false},"excerpt":{"rendered":"<p>Sind Sie ein seri\u00f6ser Z\u00fcchter, der gro\u00df angelegte Ergebnisse erzielen m\u00f6chte? Entscheiden Sie sich f\u00fcr CANNA PK 13\/14 5 Liter, die professionelle L\u00f6sung f\u00fcr <em>explosive Bl\u00fcte, maximalen Ertrag und beeindruckende Fruchtqualit\u00e4t<\/em>. Diese starke Phosphor-Kalium-Mischung liefert wichtige Elemente, die Ihre Pflanzen w\u00e4hrend der entscheidenden Bl\u00fctephase ben\u00f6tigen.<\/p>\n","protected":false},"featured_media":24959,"template":"","meta":[],"product_brand":[],"product_cat":[538,344],"product_tag":[],"class_list":{"0":"post-29793","1":"product","2":"type-product","3":"status-publish","4":"has-post-thumbnail","6":"product_cat-canna-de","7":"product_cat-pflanzennahrung","9":"first","10":"outofstock","11":"taxable","12":"shipping-taxable","13":"purchasable","14":"product-type-simple"},"_links":{"self":[{"href":"https:\/\/www.greendiscounter.com\/de\/wp-json\/wp\/v2\/product\/29793","targetHints":{"allow":["GET"]}}],"collection":[{"href":"https:\/\/www.greendiscounter.com\/de\/wp-json\/wp\/v2\/product"}],"about":[{"href":"https:\/\/www.greendiscounter.com\/de\/wp-json\/wp\/v2\/types\/product"}],"version-history":[{"count":1,"href":"https:\/\/www.greendiscounter.com\/de\/wp-json\/wp\/v2\/product\/29793\/revisions"}],"predecessor-version":[{"id":42123,"href":"https:\/\/www.greendiscounter.com\/de\/wp-json\/wp\/v2\/product\/29793\/revisions\/42123"}],"wp:featuredmedia":[{"embeddable":true,"href":"https:\/\/www.greendiscounter.com\/de\/wp-json\/wp\/v2\/media\/24959"}],"wp:attachment":[{"href":"https:\/\/www.greendiscounter.com\/de\/wp-json\/wp\/v2\/media?parent=29793"}],"wp:term":[{"taxonomy":"product_brand","embeddable":true,"href":"https:\/\/www.greendiscounter.com\/de\/wp-json\/wp\/v2\/product_brand?post=29793"},{"taxonomy":"product_cat","embeddable":true,"href":"https:\/\/www.greendiscounter.com\/de\/wp-json\/wp\/v2\/product_cat?post=29793"},{"taxonomy":"product_tag","embeddable":true,"href":"https:\/\/www.greendiscounter.com\/de\/wp-json\/wp\/v2\/product_tag?post=29793"}],"curies":[{"name":"wp","href":"https:\/\/api.w.org\/{rel}","templated":true}]}}