 {"id":29791,"date":"2023-11-14T12:21:52","date_gmt":"2023-11-14T11:21:52","guid":{"rendered":"https:\/\/www.greendiscounter.com\/\/product\/canna-rhizotonic-5-ltr\/"},"modified":"2025-08-22T13:52:42","modified_gmt":"2025-08-22T11:52:42","slug":"canna-rhizotonic-5-ltr","status":"publish","type":"product","link":"https:\/\/www.greendiscounter.com\/de\/canna-rhizotonic-5-ltr\/","title":{"rendered":"Canna | Rhizotonic | Wurzelstimulator | 5 ltr."},"content":{"rendered":"<section>\n<h1>CANNA RHIZOTONIC 5 Liter &#8211; Professioneller Wurzelstimulator f\u00fcr explosionsartiges Wachstum<\/h1>\n<p>F\u00fcr ernsthafte Z\u00fcchter, die eine maximale Wurzelentwicklung und Vitalit\u00e4t w\u00fcnschen, ist <strong>CANNA RHIZOTONIC 5 Liter<\/strong> die ultimative L\u00f6sung. Dieser leistungsstarke Wurzelstimulator auf der Basis von mineralstoffreichen Algen unterst\u00fctzt Pflanzen in ihren kritischsten Wachstumsphasen und sorgt f\u00fcr starke Wurzeln, einen schnelleren Start und eine h\u00f6here Stressresistenz.<\/p>\n<h2>Warum CANNA RHIZOTONIC?<\/h2>\n<p>RHIZOTONIC enth\u00e4lt mehr als 60 mikrobiologische Substanzen, angereichert mit Vitaminen (einschlie\u00dflich B1 &amp; B2) und Spurenelementen. Diese Inhaltsstoffe stimulieren die Produktion von Wachstumshormonen und verbessern die Zellfunktion, was zu starken Wurzeln und gesunden, kr\u00e4ftigen Pflanzen f\u00fchrt. Ideal f\u00fcr die Verwendung in allen Substraten: Erde, Kokosnuss und Hydrokulturen.<\/p>\n<h2>Die wichtigsten Vorteile von CANNA RHIZOTONIC 5L<\/h2>\n<ul>\n<li><strong>Schnelle Wurzelentwicklung:<\/strong> F\u00fcr starke Wurzeln und eine optimale N\u00e4hrstoffaufnahme von Anfang an.<\/li>\n<li><strong>Stressreduzierung:<\/strong> hilft den Pflanzen, sich nach dem Umpflanzen, dem Transport oder anderen Stresssituationen zu erholen.<\/li>\n<li><strong>Erh\u00f6hte Widerstandskraft:<\/strong> Nat\u00fcrliche Kohlenhydrate st\u00e4rken die Abwehrkr\u00e4fte gegen Krankheiten.<\/li>\n<li><strong>Vielseitig und effizient:<\/strong> Geeignet f\u00fcr die Saatgutkultur, das Bespr\u00fchen von Bl\u00e4ttern und die Zugabe zur N\u00e4hrstoffl\u00f6sung.<\/li>\n<li><strong>Gro\u00dfer Bestand f\u00fcr Kontinuit\u00e4t:<\/strong> Perfekt f\u00fcr professionelle Z\u00fcchter oder Gro\u00dfprojekte.<\/li>\n<\/ul>\n<h2>Tipps f\u00fcr die Verwendung<\/h2>\n<ul>\n<li><em>Samen keimen lassen:<\/em> Verwenden Sie RHIZOTONIC verd\u00fcnnt, um die Keimung zu erh\u00f6hen.<\/li>\n<li><em>Blattspray:<\/em> Verteilen Sie es gleichm\u00e4\u00dfig auf den Bl\u00e4ttern, um eine schnelle Aufnahme zu gew\u00e4hrleisten.<\/li>\n<li><em>pH-Optimierung:<\/em> Hilft bei der Einstellung des richtigen pH-Wertes f\u00fcr N\u00e4hrl\u00f6sungen.<\/li>\n<\/ul>\n<h2>Warum 5 Liter?<\/h2>\n<p>Die <strong>5-Liter-Packung<\/strong> ist ideal f\u00fcr G\u00e4rtner, die RHIZOTONIC regelm\u00e4\u00dfig verwenden und einen konstanten Vorrat f\u00fcr mehrere Wachstumsperioden w\u00fcnschen. Dies ist eine kosteneffektive und zeitsparende L\u00f6sung f\u00fcr ernsthafte Z\u00fcchter.<\/p>\n<p><strong>Investieren Sie noch heute in CANNA RHIZOTONIC 5L und geben Sie Ihren Pflanzen die beste Grundlage f\u00fcr kr\u00e4ftiges Wachstum und optimale Leistung!<\/strong><\/p>\n<\/section>\n","protected":false},"excerpt":{"rendered":"<p>F\u00fcr ernsthafte Z\u00fcchter, die eine maximale Wurzelentwicklung und Vitalit\u00e4t w\u00fcnschen, ist CANNA RHIZOTONIC 5 Liter die ultimative L\u00f6sung. Dieser leistungsstarke Wurzelstimulator auf der Basis von mineralstoffreichen Algen unterst\u00fctzt Pflanzen in ihren kritischsten Wachstumsphasen und sorgt f\u00fcr starke Wurzeln, einen schnelleren Start und eine h\u00f6here Stressresistenz.<\/p>\n","protected":false},"featured_media":24963,"template":"","meta":[],"product_brand":[],"product_cat":[538,344],"product_tag":[],"class_list":{"0":"post-29791","1":"product","2":"type-product","3":"status-publish","4":"has-post-thumbnail","6":"product_cat-canna-de","7":"product_cat-pflanzennahrung","9":"first","10":"instock","11":"taxable","12":"shipping-taxable","13":"purchasable","14":"product-type-simple"},"_links":{"self":[{"href":"https:\/\/www.greendiscounter.com\/de\/wp-json\/wp\/v2\/product\/29791","targetHints":{"allow":["GET"]}}],"collection":[{"href":"https:\/\/www.greendiscounter.com\/de\/wp-json\/wp\/v2\/product"}],"about":[{"href":"https:\/\/www.greendiscounter.com\/de\/wp-json\/wp\/v2\/types\/product"}],"version-history":[{"count":1,"href":"https:\/\/www.greendiscounter.com\/de\/wp-json\/wp\/v2\/product\/29791\/revisions"}],"predecessor-version":[{"id":42119,"href":"https:\/\/www.greendiscounter.com\/de\/wp-json\/wp\/v2\/product\/29791\/revisions\/42119"}],"wp:featuredmedia":[{"embeddable":true,"href":"https:\/\/www.greendiscounter.com\/de\/wp-json\/wp\/v2\/media\/24963"}],"wp:attachment":[{"href":"https:\/\/www.greendiscounter.com\/de\/wp-json\/wp\/v2\/media?parent=29791"}],"wp:term":[{"taxonomy":"product_brand","embeddable":true,"href":"https:\/\/www.greendiscounter.com\/de\/wp-json\/wp\/v2\/product_brand?post=29791"},{"taxonomy":"product_cat","embeddable":true,"href":"https:\/\/www.greendiscounter.com\/de\/wp-json\/wp\/v2\/product_cat?post=29791"},{"taxonomy":"product_tag","embeddable":true,"href":"https:\/\/www.greendiscounter.com\/de\/wp-json\/wp\/v2\/product_tag?post=29791"}],"curies":[{"name":"wp","href":"https:\/\/api.w.org\/{rel}","templated":true}]}}