 {"id":29495,"date":"2023-11-14T12:30:48","date_gmt":"2023-11-14T11:30:48","guid":{"rendered":"https:\/\/www.greendiscounter.com\/\/product\/pe-y-filter-wasserfilter-1-1-2-inkl-reduzierstueck-1\/"},"modified":"2024-12-16T09:31:52","modified_gmt":"2024-12-16T08:31:52","slug":"pe-y-filter-wasserfilter-1-1-2-inkl-reduzierstueck-1","status":"publish","type":"product","link":"https:\/\/www.greendiscounter.com\/de\/pe-y-filter-wasserfilter-1-1-2-inkl-reduzierstueck-1\/","title":{"rendered":"PE Y-Filter\/Wasserfilter 1 1\/2&#8243; inkl. Reduzierst\u00fcck 1&#8243;"},"content":{"rendered":"<p data-mce-fragment=\"1\">FLE Wasserfilter gro\u00dfes Modell 1\u00bd&#8220; Au\u00dfengewinde mit Ablassventil<\/p>\n<p data-mce-fragment=\"1\">Maximaler Durchsatz 5000 Liter pro Stunde.<\/p>\n<p data-mce-fragment=\"1\">Mit herausnehmbarem Innenfilter, der leicht zu reinigen ist.<\/p>\n<p><meta charset=\"utf-8\">N\u00fctzlich, um sicherzustellen, dass das Wasser, das durch Ihr Bew\u00e4sserungssystem flie\u00dft, keinen Schmutz enth\u00e4lt.<\/p>\n","protected":false},"excerpt":{"rendered":"<p>FLE Wasserfilter gro\u00dfes Modell 1\u00bd&#8220; Au\u00dfengewinde mit Ablassventil Maximaler Durchsatz 5000 Liter pro Stunde.<\/p>\n","protected":false},"featured_media":26061,"template":"","meta":[],"product_brand":[],"product_cat":[512,517],"product_tag":[],"class_list":{"0":"post-29495","1":"product","2":"type-product","3":"status-publish","4":"has-post-thumbnail","6":"product_cat-bewasserung","7":"product_cat-tylen-armaturen","9":"first","10":"instock","11":"taxable","12":"shipping-taxable","13":"purchasable","14":"product-type-simple"},"_links":{"self":[{"href":"https:\/\/www.greendiscounter.com\/de\/wp-json\/wp\/v2\/product\/29495","targetHints":{"allow":["GET"]}}],"collection":[{"href":"https:\/\/www.greendiscounter.com\/de\/wp-json\/wp\/v2\/product"}],"about":[{"href":"https:\/\/www.greendiscounter.com\/de\/wp-json\/wp\/v2\/types\/product"}],"version-history":[{"count":0,"href":"https:\/\/www.greendiscounter.com\/de\/wp-json\/wp\/v2\/product\/29495\/revisions"}],"wp:featuredmedia":[{"embeddable":true,"href":"https:\/\/www.greendiscounter.com\/de\/wp-json\/wp\/v2\/media\/26061"}],"wp:attachment":[{"href":"https:\/\/www.greendiscounter.com\/de\/wp-json\/wp\/v2\/media?parent=29495"}],"wp:term":[{"taxonomy":"product_brand","embeddable":true,"href":"https:\/\/www.greendiscounter.com\/de\/wp-json\/wp\/v2\/product_brand?post=29495"},{"taxonomy":"product_cat","embeddable":true,"href":"https:\/\/www.greendiscounter.com\/de\/wp-json\/wp\/v2\/product_cat?post=29495"},{"taxonomy":"product_tag","embeddable":true,"href":"https:\/\/www.greendiscounter.com\/de\/wp-json\/wp\/v2\/product_tag?post=29495"}],"curies":[{"name":"wp","href":"https:\/\/api.w.org\/{rel}","templated":true}]}}