 {"id":28665,"date":"2023-11-14T12:24:41","date_gmt":"2023-11-14T11:24:41","guid":{"rendered":"https:\/\/www.greendiscounter.com\/\/product\/ferro-cocos-wachstum-ab-10-ltr\/"},"modified":"2025-08-29T12:02:16","modified_gmt":"2025-08-29T10:02:16","slug":"ferro-cocos-wachstum-ab-10-ltr","status":"publish","type":"product","link":"https:\/\/www.greendiscounter.com\/de\/ferro-cocos-wachstum-ab-10-ltr\/","title":{"rendered":"Ferro | Cocos A&amp;B | Wachstum | 10 ltr"},"content":{"rendered":"<header>\n<h1>COCOS GROWTH A&amp;B Nutrition &#8211; 10 Liter<\/h1>\n<\/header>\n<section><strong>COCOS GROWTH A&amp;B nutrition 10 Liter<\/strong> wurde f\u00fcr professionelle Z\u00fcchter und gro\u00dfe Anbauprojekte entwickelt. Dieser N\u00e4hrstoff wurde speziell f\u00fcr <strong>Kokossubstrate<\/strong> formuliert, die aufgrund ihrer neutralen Eigenschaften eine genau ausgewogene Ern\u00e4hrung erfordern. Die A&amp;B Formel liefert alle wesentlichen Elemente, die f\u00fcr die <strong>Start- und Wachstumsphase<\/strong> ben\u00f6tigt werden, einschlie\u00dflich einer stabilen <strong>pH-Regulierung<\/strong> und einer optimalen N\u00e4hrstoffaufnahme.<\/p>\n<p>Dar\u00fcber hinaus ist dieser N\u00e4hrstoff ideal f\u00fcr die Pflege von <strong>Mutterpflanzen<\/strong> f\u00fcr Stecklinge. Die richtige Ern\u00e4hrung in diesem Stadium ist entscheidend, um gesunde, kr\u00e4ftige Stecklinge f\u00fcr Ihr n\u00e4chstes Wachstum zu erhalten.<\/p>\n<\/section>\n<section>\n<h2>Vorteile von COCOS GROWTH 10L<\/h2>\n<ul>\n<li>\u2705 Speziell f\u00fcr Kokosnuss-Substrate<\/li>\n<li>\u2705 Vollst\u00e4ndige, professionelle Wachstumsnahrung<\/li>\n<li>\u2705 Sorgt f\u00fcr einen stabilen pH-Wert und optimale Aufnahme<\/li>\n<li>\u2705 Zwei-Komponenten-Netzteil (A &amp; B)<\/li>\n<li>\u2705 Perfekt f\u00fcr gro\u00dfe Projekte und professionelle Z\u00fcchter<\/li>\n<\/ul>\n<\/section>\n<section>\n<h2>Warum COCOS GROWTH A&amp;B verwenden?<\/h2>\n<p>Kokos bietet ein luftiges und wasserdurchl\u00e4ssiges Medium, aber ohne N\u00e4hrstoffe verz\u00f6gert sich das Wachstum. Mit <strong>COCOS GROEI A&amp;B nutrition<\/strong> erhalten Ihre Pflanzen eine ausgewogene Mischung aus Makro- und Mikron\u00e4hrstoffen, die speziell auf die Kokosnuss abgestimmt sind und eine problemlose Wachstumsphase gew\u00e4hrleisten.<\/p>\n<\/section>\n<section>\n<h2>Benutzerhandbuch<\/h2>\n<ol>\n<li>F\u00fcllen Sie Ihren Wassertank mit sauberem Wasser.<\/li>\n<li>F\u00fcgen Sie zuerst <strong>Cocos Growth A<\/strong> hinzu und mischen Sie gut.<\/li>\n<li>F\u00fcgen Sie dann <strong>Cocos Growth B<\/strong> hinzu und r\u00fchren Sie erneut um.<\/li>\n<li>Pr\u00fcfen und korrigieren Sie pH-Wert und EC-Wert f\u00fcr beste Ergebnisse.<\/li>\n<\/ol>\n<\/section>\n<section>\n<h2>Jetzt bestellen<\/h2>\n<p>Sorgen Sie f\u00fcr ein kr\u00e4ftiges Wachstum der Kokosnuss und bestellen Sie <strong>COCOS GROEI A&amp;B nutrition 10 Liter<\/strong> einfach online.<\/p>\n<\/section>\n<footer><em>Tipp:<\/em> F\u00fcr einen maximalen Ertrag sollten Sie w\u00e4hrend der Bl\u00fctephase auf unsere COCOS BLOW Nahrung umsteigen.<\/p>\n<\/footer>\n<p>&nbsp;<\/p>\n","protected":false},"excerpt":{"rendered":"<p>COCOS GROWTH A&amp;B nutrition 10 Liter wurde f\u00fcr professionelle Z\u00fcchter und gro\u00dfe Anbauprojekte entwickelt. Dieser N\u00e4hrstoff wurde speziell f\u00fcr Kokossubstrate entwickelt, die aufgrund ihrer neutralen Eigenschaften eine genau ausgewogene Ern\u00e4hrung erfordern. Die A&amp;B Formel liefert alle wesentlichen Elemente, die f\u00fcr die Start- und Wachstumsphase ben\u00f6tigt werden, einschlie\u00dflich einer stabilen pH-Regulierung und einer optimalen N\u00e4hrstoffaufnahme.<\/p>\n<p>Dar\u00fcber hinaus ist dieser N\u00e4hrstoff ideal f\u00fcr die Pflege von Mutterpflanzen f\u00fcr Stecklinge. Die richtige Ern\u00e4hrung in diesem Stadium ist entscheidend, um gesunde, kr\u00e4ftige Stecklinge f\u00fcr Ihr n\u00e4chstes Wachstum zu erhalten.<\/p>\n","protected":false},"featured_media":25287,"template":"","meta":[],"product_brand":[],"product_cat":[425,344],"product_tag":[],"class_list":{"0":"post-28665","1":"product","2":"type-product","3":"status-publish","4":"has-post-thumbnail","6":"product_cat-ferro-de","7":"product_cat-pflanzennahrung","9":"first","10":"instock","11":"taxable","12":"shipping-taxable","13":"purchasable","14":"product-type-simple"},"_links":{"self":[{"href":"https:\/\/www.greendiscounter.com\/de\/wp-json\/wp\/v2\/product\/28665","targetHints":{"allow":["GET"]}}],"collection":[{"href":"https:\/\/www.greendiscounter.com\/de\/wp-json\/wp\/v2\/product"}],"about":[{"href":"https:\/\/www.greendiscounter.com\/de\/wp-json\/wp\/v2\/types\/product"}],"version-history":[{"count":1,"href":"https:\/\/www.greendiscounter.com\/de\/wp-json\/wp\/v2\/product\/28665\/revisions"}],"predecessor-version":[{"id":42687,"href":"https:\/\/www.greendiscounter.com\/de\/wp-json\/wp\/v2\/product\/28665\/revisions\/42687"}],"wp:featuredmedia":[{"embeddable":true,"href":"https:\/\/www.greendiscounter.com\/de\/wp-json\/wp\/v2\/media\/25287"}],"wp:attachment":[{"href":"https:\/\/www.greendiscounter.com\/de\/wp-json\/wp\/v2\/media?parent=28665"}],"wp:term":[{"taxonomy":"product_brand","embeddable":true,"href":"https:\/\/www.greendiscounter.com\/de\/wp-json\/wp\/v2\/product_brand?post=28665"},{"taxonomy":"product_cat","embeddable":true,"href":"https:\/\/www.greendiscounter.com\/de\/wp-json\/wp\/v2\/product_cat?post=28665"},{"taxonomy":"product_tag","embeddable":true,"href":"https:\/\/www.greendiscounter.com\/de\/wp-json\/wp\/v2\/product_tag?post=28665"}],"curies":[{"name":"wp","href":"https:\/\/api.w.org\/{rel}","templated":true}]}}