 {"id":28661,"date":"2023-11-14T12:24:39","date_gmt":"2023-11-14T11:24:39","guid":{"rendered":"https:\/\/www.greendiscounter.com\/\/product\/ferro-cocos-wachstum-ab-1-ltr\/"},"modified":"2025-08-29T12:02:36","modified_gmt":"2025-08-29T10:02:36","slug":"ferro-cocos-wachstum-ab-1-ltr","status":"publish","type":"product","link":"https:\/\/www.greendiscounter.com\/de\/ferro-cocos-wachstum-ab-1-ltr\/","title":{"rendered":"Ferro | Cocos A&amp;B | Wachstum | 1 ltr"},"content":{"rendered":"<header>\n<h1>COCOS GROWTH A&amp;B Ern\u00e4hrung &#8211; 1 Liter<\/h1>\n<\/header>\n<section><strong>COCOS GROEI A&amp;B nutrition 1 Liter<\/strong> wurde speziell f\u00fcr die <strong>Start- und Wachstumsphase<\/strong> von Pflanzen auf Kokossubstraten entwickelt. Die Kokosnuss hat einzigartige Eigenschaften: Sie kann Wasser und Sauerstoff sehr gut speichern, ist aber von Natur aus n\u00e4hrstoffarm. Daher ist eine ausgewogene Ern\u00e4hrung mit <strong>pH-Kontrolle<\/strong> unerl\u00e4sslich. Diese Zweikomponenten-Nahrung (Cocos Growth A &amp; B) sorgt f\u00fcr eine optimale N\u00e4hrstoffaufnahme und eine gesunde Wurzelentwicklung.<\/p>\n<p>Dieser N\u00e4hrstoff ist nicht nur ideal f\u00fcr normale Pflanzen, sondern auch <strong>perfekt f\u00fcr Mutterpflanzen<\/strong>, von denen Sie Stecklinge nehmen m\u00f6chten. Auf diese Weise f\u00f6rdern Sie ein starkes Wachstum und eine volle, gesunde Ernte.<\/p>\n<\/section>\n<section>\n<h2>Vorteile von COCOS GROWTH 1L<\/h2>\n<ul>\n<li>\u2705 Speziell f\u00fcr Kokosnuss-Substrate entwickelt<\/li>\n<li>\u2705 Vollst\u00e4ndige Ern\u00e4hrung f\u00fcr die Start- und Wachstumsphase<\/li>\n<li>\u2705 Sorgt f\u00fcr einen stabilen pH-Wert im Medium<\/li>\n<li>\u2705 Zwei-Komponenten-System (A &amp; B) f\u00fcr optimale Aufnahmen<\/li>\n<li>\u2705 Geeignet f\u00fcr Mutterpflanzen und die Stecklingsproduktion<\/li>\n<\/ul>\n<\/section>\n<section>\n<h2>Warum Kokosnuss?<\/h2>\n<p>Kokossubstrat ist ein beliebtes Kultursubstrat, weil es luftig und gut durchl\u00e4ssig ist und ein starkes Wurzelsystem gew\u00e4hrleistet. Aber Kokosfasern sind praktisch n\u00e4hrstofffrei, so dass <strong>COCOS GROEI A&amp;B<\/strong> f\u00fcr eine gesunde Pflanzenentwicklung unerl\u00e4sslich ist.<\/p>\n<\/section>\n<section>\n<h2>Benutzerhandbuch<\/h2>\n<ol>\n<li>F\u00fcllen Sie Ihren Tank oder Ihre Gie\u00dfkanne mit sauberem Wasser.<\/li>\n<li>Geben Sie zuerst <strong>Cocos Growth A<\/strong> hinzu und mischen Sie gut.<\/li>\n<li>F\u00fcgen Sie dann <strong>Cocos Growth B<\/strong> hinzu und r\u00fchren Sie erneut um.<\/li>\n<li>Pr\u00fcfen Sie die pH- und EC-Werte und passen Sie sie bei Bedarf an.<\/li>\n<li>Verwenden Sie es t\u00e4glich w\u00e4hrend der Start- und Wachstumsphase.<\/li>\n<\/ol>\n<\/section>\n<section>\n<h2>Jetzt bestellen<\/h2>\n<p>F\u00fcr einen starken Start mit Kokosnuss: Bestellen Sie noch heute <strong>COCOS GROWTH A&amp;B nutrition 1 Liter<\/strong>.<\/p>\n<\/section>\n<footer><em>Tipp:<\/em> Kombinieren Sie es mit unserer COCOS BLOW Nahrung f\u00fcr einen nahtlosen \u00dcbergang zur Bl\u00fctephase.<\/p>\n<\/footer>\n<p>&nbsp;<\/p>\n","protected":false},"excerpt":{"rendered":"<p>COCOS GROEI A&amp;B nutrition 1 Liter wurde speziell f\u00fcr die Start- und Wachstumsphase von Pflanzen auf Kokossubstraten entwickelt. Die Kokosnuss hat einzigartige Eigenschaften: Sie kann Wasser und Sauerstoff sehr gut speichern, ist aber von Natur aus n\u00e4hrstoffarm. Daher ist eine ausgewogene Ern\u00e4hrung mit pH-Kontrolle unerl\u00e4sslich. Diese Zweikomponenten-Nahrung (Cocos Growth A &amp; B) sorgt f\u00fcr eine optimale N\u00e4hrstoffaufnahme und eine gesunde Wurzelentwicklung.<\/p>\n<p>Dieser N\u00e4hrstoff ist nicht nur ideal f\u00fcr normale Pflanzen, sondern auch perfekt f\u00fcr Mutterpflanzen, von denen Sie Stecklinge nehmen m\u00f6chten. Auf diese Weise f\u00f6rdern Sie ein starkes Wachstum und eine volle, gesunde Ernte.<\/p>\n","protected":false},"featured_media":25285,"template":"","meta":[],"product_brand":[],"product_cat":[425,344],"product_tag":[],"class_list":{"0":"post-28661","1":"product","2":"type-product","3":"status-publish","4":"has-post-thumbnail","6":"product_cat-ferro-de","7":"product_cat-pflanzennahrung","9":"first","10":"instock","11":"taxable","12":"shipping-taxable","13":"purchasable","14":"product-type-simple"},"_links":{"self":[{"href":"https:\/\/www.greendiscounter.com\/de\/wp-json\/wp\/v2\/product\/28661","targetHints":{"allow":["GET"]}}],"collection":[{"href":"https:\/\/www.greendiscounter.com\/de\/wp-json\/wp\/v2\/product"}],"about":[{"href":"https:\/\/www.greendiscounter.com\/de\/wp-json\/wp\/v2\/types\/product"}],"version-history":[{"count":1,"href":"https:\/\/www.greendiscounter.com\/de\/wp-json\/wp\/v2\/product\/28661\/revisions"}],"predecessor-version":[{"id":42691,"href":"https:\/\/www.greendiscounter.com\/de\/wp-json\/wp\/v2\/product\/28661\/revisions\/42691"}],"wp:featuredmedia":[{"embeddable":true,"href":"https:\/\/www.greendiscounter.com\/de\/wp-json\/wp\/v2\/media\/25285"}],"wp:attachment":[{"href":"https:\/\/www.greendiscounter.com\/de\/wp-json\/wp\/v2\/media?parent=28661"}],"wp:term":[{"taxonomy":"product_brand","embeddable":true,"href":"https:\/\/www.greendiscounter.com\/de\/wp-json\/wp\/v2\/product_brand?post=28661"},{"taxonomy":"product_cat","embeddable":true,"href":"https:\/\/www.greendiscounter.com\/de\/wp-json\/wp\/v2\/product_cat?post=28661"},{"taxonomy":"product_tag","embeddable":true,"href":"https:\/\/www.greendiscounter.com\/de\/wp-json\/wp\/v2\/product_tag?post=28661"}],"curies":[{"name":"wp","href":"https:\/\/api.w.org\/{rel}","templated":true}]}}