 {"id":28646,"date":"2023-11-14T12:24:21","date_gmt":"2023-11-14T11:24:21","guid":{"rendered":"https:\/\/www.greendiscounter.com\/\/product\/ferro-bio-wurzeln-1-ltr\/"},"modified":"2025-08-29T12:04:46","modified_gmt":"2025-08-29T10:04:46","slug":"ferro-bio-wurzeln-1-ltr","status":"publish","type":"product","link":"https:\/\/www.greendiscounter.com\/de\/ferro-bio-wurzeln-1-ltr\/","title":{"rendered":"Ferro | Bio Roots | Wurzelstimulator | 1 ltr."},"content":{"rendered":"<header>\n<h1>BIO ROOTS Wurzelstimulator &#8211; 1 Liter<\/h1>\n<\/header>\n<section><strong>BIO ROOTS 1 Liter<\/strong> ist ein starker <em>Wurzelstimulator<\/em>, der jungen Pflanzen hilft, ein starkes und gesundes Wurzelsystem aufzubauen. Ein gut entwickeltes Wurzelgeflecht ist f\u00fcr jede erfolgreiche Pflanze unerl\u00e4sslich, da die Wurzeln f\u00fcr die Aufnahme und den Transport von Wasser und N\u00e4hrstoffen verantwortlich sind.<\/p>\n<p>Diese einzigartige Formel enth\u00e4lt <strong>Pflanzenextrakte<\/strong>, die f\u00fcr eine explosive Wurzelbildung sorgen, und <strong>Pflanzen\u00f6le<\/strong>, die die Oberfl\u00e4chenspannung des Wassers reduzieren. Dadurch nimmt die Pflanze Wasser und N\u00e4hrstoffe leichter auf, was zu einem kr\u00e4ftigen Wachstum und einer erh\u00f6hten Widerstandsf\u00e4higkeit gegen\u00fcber Stressfaktoren wie Hitze f\u00fchrt.<\/p>\n<\/section>\n<section>\n<h2>Warum einen Wurzelstimulator verwenden?<\/h2>\n<p>Ein Wurzelstimulator wie BIO ROOTS beschleunigt die Wurzelentwicklung, vor allem in den ersten Wochen nach der Pflanzung oder den Stecklingen. Dadurch wird eine Wachstumsverz\u00f6gerung verhindert und die Grundlage f\u00fcr eine bessere N\u00e4hrstoffaufnahme gelegt, was zu gesunden, kr\u00e4ftigen Pflanzen mit mehr Bl\u00fcten und h\u00f6heren Ertr\u00e4gen f\u00fchrt.<\/p>\n<\/section>\n<section>\n<h2>Vorteile von BIO ROOTS 1L<\/h2>\n<ul>\n<li>\u2705 Stimuliert explosives Wurzelwachstum<\/li>\n<li>\u2705 Verbessert die Aufnahme von Wasser und Nahrung<\/li>\n<li>\u2705 Erh\u00f6ht die Stressresistenz bei Hitze<\/li>\n<li>\u2705 F\u00f6rdert die Bl\u00fctenbildung in einem sp\u00e4teren Stadium<\/li>\n<li>\u2705 Ideal f\u00fcr Jungpflanzen und Stecklinge<\/li>\n<\/ul>\n<\/section>\n<section>\n<h2>Benutzerhandbuch<\/h2>\n<p>F\u00fcgen Sie BIO ROOTS in den ersten Wochen der Wachstumsphase dem Futterwasser zu. Geeignet f\u00fcr den Einsatz in Erde, Kokosnuss und Hydro-Systemen. \u00dcberpr\u00fcfen Sie regelm\u00e4\u00dfig den pH-Wert und den EC-Wert f\u00fcr optimale Ergebnisse.<\/p>\n<\/section>\n<section>\n<h2>Jetzt bestellen<\/h2>\n<p>Sorgen Sie f\u00fcr starke Wurzeln und eine gesunde Entwicklung der Pflanzen. Bestellen Sie noch heute <strong>BIO ROOTS Wurzelstimulator 1 Liter<\/strong>.<\/p>\n<\/section>\n<footer><em>Tipp:<\/em> Kombinieren Sie mit unserem Wachstumsd\u00fcnger f\u00fcr einen perfekten Start Ihrer Pflanzen.<\/p>\n<\/footer>\n<p>&nbsp;<\/p>\n","protected":false},"excerpt":{"rendered":"<p>BIO ROOTS 1 Liter ist ein starker <em>Wurzelstimulator<\/em>, der jungen Pflanzen hilft, ein starkes und gesundes Wurzelsystem aufzubauen. Ein gut entwickeltes Wurzelgeflecht ist f\u00fcr jede erfolgreiche Pflanze unerl\u00e4sslich, da die Wurzeln f\u00fcr die Aufnahme und den Transport von Wasser und N\u00e4hrstoffen verantwortlich sind.<\/p>\n<p>Diese einzigartige Formel enth\u00e4lt Pflanzenextrakte, die f\u00fcr eine explosive Wurzelbildung sorgen, und Pflanzen\u00f6le, die die Oberfl\u00e4chenspannung des Wassers reduzieren. Infolgedessen nimmt die Pflanze Wasser und N\u00e4hrstoffe leichter auf, was zu einem kr\u00e4ftigen Wachstum und einer erh\u00f6hten Widerstandsf\u00e4higkeit gegen\u00fcber Stressfaktoren wie Hitze f\u00fchrt.<\/p>\n","protected":false},"featured_media":25269,"template":"","meta":[],"product_brand":[],"product_cat":[425,344],"product_tag":[],"class_list":{"0":"post-28646","1":"product","2":"type-product","3":"status-publish","4":"has-post-thumbnail","6":"product_cat-ferro-de","7":"product_cat-pflanzennahrung","9":"first","10":"instock","11":"taxable","12":"shipping-taxable","13":"purchasable","14":"product-type-simple"},"_links":{"self":[{"href":"https:\/\/www.greendiscounter.com\/de\/wp-json\/wp\/v2\/product\/28646","targetHints":{"allow":["GET"]}}],"collection":[{"href":"https:\/\/www.greendiscounter.com\/de\/wp-json\/wp\/v2\/product"}],"about":[{"href":"https:\/\/www.greendiscounter.com\/de\/wp-json\/wp\/v2\/types\/product"}],"version-history":[{"count":1,"href":"https:\/\/www.greendiscounter.com\/de\/wp-json\/wp\/v2\/product\/28646\/revisions"}],"predecessor-version":[{"id":42711,"href":"https:\/\/www.greendiscounter.com\/de\/wp-json\/wp\/v2\/product\/28646\/revisions\/42711"}],"wp:featuredmedia":[{"embeddable":true,"href":"https:\/\/www.greendiscounter.com\/de\/wp-json\/wp\/v2\/media\/25269"}],"wp:attachment":[{"href":"https:\/\/www.greendiscounter.com\/de\/wp-json\/wp\/v2\/media?parent=28646"}],"wp:term":[{"taxonomy":"product_brand","embeddable":true,"href":"https:\/\/www.greendiscounter.com\/de\/wp-json\/wp\/v2\/product_brand?post=28646"},{"taxonomy":"product_cat","embeddable":true,"href":"https:\/\/www.greendiscounter.com\/de\/wp-json\/wp\/v2\/product_cat?post=28646"},{"taxonomy":"product_tag","embeddable":true,"href":"https:\/\/www.greendiscounter.com\/de\/wp-json\/wp\/v2\/product_tag?post=28646"}],"curies":[{"name":"wp","href":"https:\/\/api.w.org\/{rel}","templated":true}]}}