 {"id":28642,"date":"2023-11-14T12:24:19","date_gmt":"2023-11-14T11:24:19","guid":{"rendered":"https:\/\/www.greendiscounter.com\/\/product\/ferro-bio-crop-10-ltr\/"},"modified":"2025-08-29T12:04:10","modified_gmt":"2025-08-29T10:04:10","slug":"ferro-bio-crop-10-ltr","status":"publish","type":"product","link":"https:\/\/www.greendiscounter.com\/de\/ferro-bio-crop-10-ltr\/","title":{"rendered":"Ferro | Bio Crop | Pflanzenst\u00e4rkungsmittel | 10 ltr"},"content":{"rendered":"<header>\n<h1>Bio Crop Bl\u00fchstimulator &#8211; 10 Liter<\/h1>\n<\/header>\n<section><strong>Bio Crop 10 Liter<\/strong> wurde f\u00fcr professionelle Z\u00fcchter entwickelt, die maximale Ertr\u00e4ge und Qualit\u00e4t anstreben. Dieser Bl\u00fchstimulator erh\u00f6ht die Chlorophyllproduktion um 40%, was zu einer effizienteren Photosynthese und einer h\u00f6heren Zuckerspeicherung in den Bl\u00e4ttern f\u00fchrt. Mehr Zucker = mehr Energie f\u00fcr die Bl\u00fctenbildung, was zu <strong>gr\u00f6\u00dferen, kompakteren Bl\u00fcten und h\u00f6heren Ertr\u00e4gen<\/strong> f\u00fchrt.<\/p>\n<p>Dar\u00fcber hinaus legt Bio Crop eine sch\u00fctzende Wachsschicht \u00fcber die Bl\u00e4tter, die die Pflanzen besser vor <strong>Pilzen wie Botrytis (Knospenf\u00e4ule<\/strong> ) und vor saugenden Insekten sch\u00fctzt. Dies macht das Produkt in der Bl\u00fctephase unverzichtbar.<\/p>\n<\/section>\n<section>\n<h2>Warum ist Energie so wichtig?<\/h2>\n<p>Die Energie, die die Pflanzen tags\u00fcber durch Photosynthese speichern, wird nachts zur Bildung von Bl\u00fcten und Fr\u00fcchten verwendet. Durch die Bildung von mehr Chlorophyll erh\u00f6ht Bio Crop die F\u00e4higkeit der Pflanze, Energie zu speichern und zu verwerten. Dies ist der Schl\u00fcssel zu einer erfolgreichen Ernte.<\/p>\n<\/section>\n<section>\n<h2>Vorteile von Bio Crop 10L<\/h2>\n<ul>\n<li>\u2705 Professionelle Bl\u00fcher f\u00fcr gro\u00dfe Projekte<\/li>\n<li>\u2705 40% mehr Chlorophyll = mehr Energie f\u00fcr die Bl\u00fcten<\/li>\n<li>\u2705 Schutzschicht gegen Schimmel und Insekten<\/li>\n<li>\u2705 Ideal f\u00fcr intensiven Anbau in Erde, Kokos oder Wasser<\/li>\n<li>\u2705 Unterst\u00fctzt h\u00f6heren Ertrag und bessere Qualit\u00e4t der Blumen<\/li>\n<\/ul>\n<\/section>\n<section>\n<h2>Verwenden &amp; Testen<\/h2>\n<p>Verwenden Sie Bio Crop w\u00e4hrend der Bl\u00fctephase entsprechend der empfohlenen Dosierung. Messen Sie den Zuckergehalt in den Bl\u00e4ttern mit einem <strong>Brix-Messger\u00e4t<\/strong>, um die Ergebnisse zu \u00fcberpr\u00fcfen.<\/p>\n<\/section>\n<section>\n<h2>Jetzt bestellen<\/h2>\n<p>Steigern Sie Ihre Bl\u00fcte und Ihren Ertrag mit <strong>Bio Crop 10 Liter<\/strong>. Bestellen Sie noch heute f\u00fcr professionelle Ergebnisse.<\/p>\n<\/section>\n<footer><em>Tipp:<\/em> Kombinieren Sie mit unseren Enzymprodukten und PK-Boostern f\u00fcr ein komplettes Bl\u00fchpaket.<\/p>\n<\/footer>\n<p>&nbsp;<\/p>\n","protected":false},"excerpt":{"rendered":"<p>Bio Crop 10 Liter wurde f\u00fcr professionelle Z\u00fcchter entwickelt, die maximale Ertr\u00e4ge und Qualit\u00e4t anstreben. Dieser Bl\u00fchstimulator erh\u00f6ht die Chlorophyllproduktion um 40%, was zu einer effizienteren Photosynthese und einer h\u00f6heren Zuckerspeicherung in den Bl\u00e4ttern f\u00fchrt. Mehr Zucker = mehr Energie f\u00fcr die Bl\u00fctenbildung, was zu gr\u00f6\u00dferen, kompakteren Bl\u00fcten und h\u00f6heren Ertr\u00e4gen f\u00fchrt.<\/p>\n<p>Dar\u00fcber hinaus legt Bio Crop eine sch\u00fctzende Wachsschicht \u00fcber die Bl\u00e4tter, die die Pflanzen besser vor Pilzen wie Botrytis (Knospenf\u00e4ule) und vor saugenden Insekten sch\u00fctzt. Dies macht das Produkt in der Bl\u00fctephase unverzichtbar.<\/p>\n","protected":false},"featured_media":25265,"template":"","meta":[],"product_brand":[],"product_cat":[425,344],"product_tag":[],"class_list":{"0":"post-28642","1":"product","2":"type-product","3":"status-publish","4":"has-post-thumbnail","6":"product_cat-ferro-de","7":"product_cat-pflanzennahrung","9":"first","10":"instock","11":"taxable","12":"shipping-taxable","13":"purchasable","14":"product-type-simple"},"_links":{"self":[{"href":"https:\/\/www.greendiscounter.com\/de\/wp-json\/wp\/v2\/product\/28642","targetHints":{"allow":["GET"]}}],"collection":[{"href":"https:\/\/www.greendiscounter.com\/de\/wp-json\/wp\/v2\/product"}],"about":[{"href":"https:\/\/www.greendiscounter.com\/de\/wp-json\/wp\/v2\/types\/product"}],"version-history":[{"count":1,"href":"https:\/\/www.greendiscounter.com\/de\/wp-json\/wp\/v2\/product\/28642\/revisions"}],"predecessor-version":[{"id":42708,"href":"https:\/\/www.greendiscounter.com\/de\/wp-json\/wp\/v2\/product\/28642\/revisions\/42708"}],"wp:featuredmedia":[{"embeddable":true,"href":"https:\/\/www.greendiscounter.com\/de\/wp-json\/wp\/v2\/media\/25265"}],"wp:attachment":[{"href":"https:\/\/www.greendiscounter.com\/de\/wp-json\/wp\/v2\/media?parent=28642"}],"wp:term":[{"taxonomy":"product_brand","embeddable":true,"href":"https:\/\/www.greendiscounter.com\/de\/wp-json\/wp\/v2\/product_brand?post=28642"},{"taxonomy":"product_cat","embeddable":true,"href":"https:\/\/www.greendiscounter.com\/de\/wp-json\/wp\/v2\/product_cat?post=28642"},{"taxonomy":"product_tag","embeddable":true,"href":"https:\/\/www.greendiscounter.com\/de\/wp-json\/wp\/v2\/product_tag?post=28642"}],"curies":[{"name":"wp","href":"https:\/\/api.w.org\/{rel}","templated":true}]}}