 {"id":28630,"date":"2023-11-14T12:25:01","date_gmt":"2023-11-14T11:25:01","guid":{"rendered":"https:\/\/www.greendiscounter.com\/\/product\/ferro-erde-hydro-wachstum-ab-5-ltr\/"},"modified":"2025-08-29T12:00:48","modified_gmt":"2025-08-29T10:00:48","slug":"ferro-erde-hydro-wachstum-ab-5-ltr","status":"publish","type":"product","link":"https:\/\/www.greendiscounter.com\/de\/ferro-erde-hydro-wachstum-ab-5-ltr\/","title":{"rendered":"Ferro | Erde\/Hydro A&amp;B | Wachstum | 5 ltr"},"content":{"rendered":"<header>\n<h1>Standard GROWTH A&amp;B Ern\u00e4hrung &#8211; 5 Liter<\/h1>\n<\/header>\n<section><strong>Standard GROEI A&amp;B Nutrition 5 Liter<\/strong> wurde speziell f\u00fcr die <strong>Wachstumsphase<\/strong> von Pflanzen entwickelt. In diesem Stadium \u00e4ndern sich die Bed\u00fcrfnisse der Pflanze und auch die <strong>pH-Kontrolle<\/strong> im Substrat. Diese Komplettnahrung sorgt f\u00fcr eine optimale N\u00e4hrstoffaufnahme und ein kr\u00e4ftiges Wachstum und ist nicht nur f\u00fcr Boden- und Hydrosysteme geeignet, sondern auch <strong>ideal f\u00fcr Mutterpflanzen<\/strong>, von denen Sie Stecklinge ziehen m\u00f6chten. Dank der Zwei-Komponenten-Formel (A &amp; B) erhalten Ihre Pflanzen genau das, was sie f\u00fcr starke Wurzeln und gesundes Wachstum brauchen.<\/p>\n<\/section>\n<section>\n<h2>Warum GROEI 5L w\u00e4hlen?<\/h2>\n<ul>\n<li>\u2705 Vollst\u00e4ndige Ern\u00e4hrung f\u00fcr die Wachstumsphase<\/li>\n<li>Geeignet f\u00fcr Boden- und Wassersysteme<\/li>\n<li>\u2705 Perfekt f\u00fcr <strong>Mutterpflanzen<\/strong><\/li>\n<li>\u2705 H\u00e4lt den pH-Wert im Gleichgewicht<\/li>\n<li>\u2705 Ideales Format f\u00fcr Hobbyz\u00fcchter<\/li>\n<\/ul>\n<\/section>\n<section>\n<h2>Inhalt &amp; Komposition<\/h2>\n<p><strong>5-Liter-Packung:<\/strong><br \/>\n&#8211; 5L Standard GROW A<br \/>\n&#8211; 5L Standard GROWTH B<br \/>\nZwei-Komponenten-Stromversorgung f\u00fcr maximale Absorption.<\/p>\n<\/section>\n<section>\n<h2>Benutzerhandbuch<\/h2>\n<ol>\n<li>F\u00fcllen Sie Ihren Tank oder Eimer mit sauberem Wasser.<\/li>\n<li>F\u00fcgen Sie zuerst <strong>GROW A<\/strong> hinzu und mischen Sie gut.<\/li>\n<li>F\u00fcgen Sie dann <strong>ERDE B<\/strong> hinzu und r\u00fchren Sie erneut um.<\/li>\n<li>Pr\u00fcfen und korrigieren Sie den pH-Wert, falls erforderlich.<\/li>\n<li>Verwenden Sie es sofort nach dem Mischen, um optimale Ergebnisse zu erzielen.<\/li>\n<\/ol>\n<\/section>\n<section>\n<h2>Jetzt bestellen<\/h2>\n<p>Sorgen Sie f\u00fcr kr\u00e4ftiges Wachstum und bestellen Sie noch heute Ihre <strong>GROEI A&amp;B Nahrung 5 Liter<\/strong>.<\/p>\n<p>5L GROWTH Ern\u00e4hrung bestellen<\/p>\n<\/section>\n<footer><em>Tipp:<\/em> F\u00fcr noch bessere Ertr\u00e4ge kombinieren Sie GROW A&amp;B N\u00e4hrstoffe mit unseren BLOW N\u00e4hrstoffen w\u00e4hrend der Bl\u00fctephase.<\/footer>\n<p>&nbsp;<\/p>\n","protected":false},"excerpt":{"rendered":"<p>Standard GROEI A&amp;B Nutrition 5 Liter wurde speziell f\u00fcr die Wachstumsphase von Pflanzen entwickelt. In diesem Stadium \u00e4ndern sich die Bed\u00fcrfnisse der Pflanze und auch die pH-Kontrolle im Substrat. Dieses Komplettfutter sorgt f\u00fcr eine optimale N\u00e4hrstoffaufnahme und ein kr\u00e4ftiges Wachstum.<\/p>\n<p>Dieser N\u00e4hrstoff ist nicht nur f\u00fcr Boden- und Wassersysteme geeignet, sondern auch ideal f\u00fcr Mutterpflanzen, von denen Sie Stecklinge nehmen m\u00f6chten. Dank der Zwei-Komponenten-Formel (A &amp; B) erhalten Ihre Pflanzen genau das, was sie f\u00fcr starke Wurzeln und gesundes Wachstum brauchen.<\/p>\n","protected":false},"featured_media":25327,"template":"","meta":[],"product_brand":[],"product_cat":[425,344],"product_tag":[],"class_list":{"0":"post-28630","1":"product","2":"type-product","3":"status-publish","4":"has-post-thumbnail","6":"product_cat-ferro-de","7":"product_cat-pflanzennahrung","9":"first","10":"instock","11":"taxable","12":"shipping-taxable","13":"purchasable","14":"product-type-simple"},"_links":{"self":[{"href":"https:\/\/www.greendiscounter.com\/de\/wp-json\/wp\/v2\/product\/28630","targetHints":{"allow":["GET"]}}],"collection":[{"href":"https:\/\/www.greendiscounter.com\/de\/wp-json\/wp\/v2\/product"}],"about":[{"href":"https:\/\/www.greendiscounter.com\/de\/wp-json\/wp\/v2\/types\/product"}],"version-history":[{"count":1,"href":"https:\/\/www.greendiscounter.com\/de\/wp-json\/wp\/v2\/product\/28630\/revisions"}],"predecessor-version":[{"id":42637,"href":"https:\/\/www.greendiscounter.com\/de\/wp-json\/wp\/v2\/product\/28630\/revisions\/42637"}],"wp:featuredmedia":[{"embeddable":true,"href":"https:\/\/www.greendiscounter.com\/de\/wp-json\/wp\/v2\/media\/25327"}],"wp:attachment":[{"href":"https:\/\/www.greendiscounter.com\/de\/wp-json\/wp\/v2\/media?parent=28630"}],"wp:term":[{"taxonomy":"product_brand","embeddable":true,"href":"https:\/\/www.greendiscounter.com\/de\/wp-json\/wp\/v2\/product_brand?post=28630"},{"taxonomy":"product_cat","embeddable":true,"href":"https:\/\/www.greendiscounter.com\/de\/wp-json\/wp\/v2\/product_cat?post=28630"},{"taxonomy":"product_tag","embeddable":true,"href":"https:\/\/www.greendiscounter.com\/de\/wp-json\/wp\/v2\/product_tag?post=28630"}],"curies":[{"name":"wp","href":"https:\/\/api.w.org\/{rel}","templated":true}]}}